{"id":12219,"date":"2024-07-25T09:56:42","date_gmt":"2024-07-25T09:56:42","guid":{"rendered":"https:\/\/meetforbranch.com\/?page_id=12219"},"modified":"2025-05-30T12:49:01","modified_gmt":"2025-05-30T12:49:01","slug":"offres-de-stage","status":"publish","type":"page","link":"https:\/\/meetforbranch.com\/en\/offres-de-stage\/","title":{"rendered":"Internship Offers"},"content":{"rendered":"<div id=\"fws_69f282d0391ac\"  data-column-margin=\"none\" data-midnight=\"custom\" data-top-percent=\"5%\" data-bottom-percent=\"5%\"  class=\"wpb_row vc_row-fluid vc_row full-width-section  top_padding_phone_15pct bottom_padding_phone_15pct\"  style=\"padding-top: calc(100vw * 0.05); padding-bottom: calc(100vw * 0.05); \"><div class=\"row-bg-wrap\" data-bg-animation=\"none\" data-bg-animation-delay=\"\" data-bg-overlay=\"true\"><div class=\"inner-wrap row-bg-layer\" ><div class=\"row-bg viewport-desktop\"  style=\"\"><\/div><\/div><div class=\"row-bg-overlay row-bg-layer\" style=\"background: #e0fffb; background: linear-gradient(to bottom,#e0fffb 0%,#41c1ba 100%);  opacity: 0.3; \"><\/div><\/div><div class=\"row_col_wrap_12 col span_12 custom left\">\n\t<div  class=\"vc_col-sm-12 wpb_column column_container vc_column_container col padding-1-percent el_spacing_0px inherit_tablet inherit_phone\"  data-padding-pos=\"left-right\" data-has-bg-color=\"false\" data-bg-color=\"\" data-bg-opacity=\"1\" data-animation=\"\" data-delay=\"0\" >\n\t\t<div class=\"vc_column-inner\" >\n\t\t\t<div class=\"wpb_wrapper\">\n\t\t\t\t<div class=\"nectar-responsive-text font_size_desktop_60px font_size_phone_40px font_line_height_1-2 nectar-link-underline-effect\" style=\"color: #00606e;\"><h1 style=\"text-align: center\">Internship Offers<\/h1>\n<\/div><div id=\"fws_69f282d039874\" data-midnight=\"\" data-column-margin=\"none\" class=\"wpb_row vc_row-fluid vc_row inner_row vc_row-o-equal-height vc_row-flex vc_row-o-content-top\"  style=\"padding-top: 5%; \"><div class=\"row-bg-wrap\"> <div class=\"row-bg\" ><\/div> <\/div><div class=\"row_col_wrap_12_inner col span_12  center\">\n\t<div  class=\"vc_col-sm-12 wpb_column column_container vc_column_container col child_column no-extra-padding inherit_tablet inherit_phone\"   data-padding-pos=\"all\" data-has-bg-color=\"false\" data-bg-color=\"\" data-bg-opacity=\"1\" data-animation=\"\" data-delay=\"0\" >\n\t\t<div class=\"vc_column-inner\" >\n\t\t<div class=\"wpb_wrapper\">\n\t\t\t<div class=\"divider-wrap\" data-alignment=\"default\"><div style=\"height: 50px;\" class=\"divider\"><\/div><\/div>\n<div class=\"wpb_text_column wpb_content_element\" >\n\t<div class=\"wpb_wrapper\">\n\t\t<p style=\"text-align: justify;\" data-start=\"112\" data-end=\"279\">Our startup offers opportunities for motivated interns. Join us to develop your skills and gain valuable experience. Are you looking for a flexible work environment where your ideas and creativity truly make an impact? Remote and hybrid work options are available.\nAt Meet for Branch, diversity and inclusion are at the core of our culture. Send your resumes to <a class=\"cursor-pointer\" rel=\"noopener\" data-start=\"525\" data-end=\"553\">hr@meetforbranch.com<\/a>. We\u2019re excited to get to know you!<\/p>\n\t<\/div>\n<\/div>\n\n\n\n\n\t\t<\/div> \n\t<\/div>\n\t<\/div> \n<\/div><\/div><div id=\"fws_69f282d039bf8\" data-midnight=\"\" data-column-margin=\"default\" class=\"wpb_row vc_row-fluid vc_row inner_row\"  style=\"padding-top: 5%; \"><div class=\"row-bg-wrap\"> <div class=\"row-bg\" ><\/div> <\/div><div class=\"row_col_wrap_12_inner col span_12  left\">\n\t<div  class=\"vc_col-sm-12 wpb_column column_container vc_column_container col child_column no-extra-padding inherit_tablet inherit_phone\"   data-padding-pos=\"all\" data-has-bg-color=\"false\" data-bg-color=\"\" data-bg-opacity=\"1\" data-animation=\"\" data-delay=\"0\" >\n\t\t<div class=\"vc_column-inner\" >\n\t\t<div class=\"wpb_wrapper\">\n\t\t\t<div class=\"divider-wrap\" data-alignment=\"default\"><div style=\"margin-top: 12.5px; height: 3px; margin-bottom: 12.5px;\" data-width=\"100%\" data-animate=\"\" data-animation-delay=\"\" data-color=\"default\" class=\"divider-border\"><\/div><\/div><div class=\"nectar-responsive-text font_size_min_18px font_size_max_20px font_size_desktop_1-1vw font_line_height_2px nectar-link-underline-effect\"><p class=\"p1\"><div class=\"su-accordion su-u-trim\"><\/div><div class=\"su-spoiler su-spoiler-style-default su-spoiler-icon-plus su-spoiler-closed\" data-scroll-offset=\"0\" data-anchor-in-url=\"no\"><div class=\"su-spoiler-title\" tabindex=\"0\" role=\"button\"><span class=\"su-spoiler-icon\"><\/span>Community Manager Intern<\/div><div class=\"su-spoiler-content su-u-clearfix su-u-trim\"><\/p>\n<p><strong>Internship of 1 to 2 months \u2013 Community Manager\u00a0<\/strong><\/p>\n<p>Help us grow our Facebook, Instagram, TikTok, and LinkedIn communities as our new Community Manager!<\/p>\n<p>If you\u2019re passionate about creating captivating content, always on the lookout for the latest trends, and know how to blend pop culture and humor with flair, you might be the person we\u2019re looking for.<\/p>\n<p><strong>What we expect from you:<\/strong><\/p>\n<ul class=\"ul1\">\n<li class=\"li1\">Create engaging content that reflects the tone and personality of our brand.<\/li>\n<li class=\"li1\">Enrich our plant-loving community with relevant posts.<\/li>\n<li class=\"li1\">Adapt to the evolving algorithms of social media platforms.<\/li>\n<li class=\"li1\">Integrate pop culture references and humor into our content.<\/li>\n<li class=\"li1\">Follow trends while adding your creative touch.<\/li>\n<li class=\"li1\">Create stylish visuals with Canva and have good graphic design skills.<\/li>\n<li class=\"li1\">Participate in photo and video shoots.<\/li>\n<li class=\"li1\">Edit videos with CapCut.<\/li>\n<li class=\"li1\">A portfolio or examples of your past work is a plus.<\/li>\n<\/ul>\n<p>&nbsp;<\/p>\n<p><strong>Qualifications<\/strong><\/p>\n<ul>\n<li>You are a student or currently enrolled in a course related to digital marketing, marketing, communications, or a similar field, and you can provide an internship agreement from your school, university, or training organization.<\/li>\n<li>You are looking for an internship of up to 2 months. This internship is unpaid.<\/li>\n<li>You have experience managing social media platforms like Facebook, Instagram, TikTok, and LinkedIn, whether through previous internships, jobs, or even with your own account.<\/li>\n<li>You are proficient in content creation tools, particularly Canva (advanced level) for visual design and CapCut for video editing.<\/li>\n<li>You are open to working remotely (if permitted by your school) or, if you are in Lille, France, you are also open to a hybrid mode: remote work with 1 to 2 days per week for in-person meetings or photo\/video shoots.<\/li>\n<li>You are comfortable working with a very small team in close collaboration.<\/li>\n<li>A passion for plants is a plus!<\/li>\n<\/ul>\n<p class=\"p1\"><\/div><\/div>\n<\/div><div class=\"divider-wrap\" data-alignment=\"default\"><div style=\"margin-top: 12.5px; height: 3px; margin-bottom: 12.5px;\" data-width=\"100%\" data-animate=\"\" data-animation-delay=\"\" data-color=\"default\" class=\"divider-border\"><\/div><\/div><div class=\"nectar-responsive-text font_size_min_18px font_size_max_20px font_size_desktop_1-1vw font_line_height_2px nectar-link-underline-effect\"><div class=\"su-accordion su-u-trim\"><\/div><div class=\"su-spoiler su-spoiler-style-default su-spoiler-icon-plus su-spoiler-closed\" data-scroll-offset=\"0\" data-anchor-in-url=\"no\"><div class=\"su-spoiler-title\" tabindex=\"0\" role=\"button\"><span class=\"su-spoiler-icon\"><\/span>UX\/UI Designer Intern<\/div><div class=\"su-spoiler-content su-u-clearfix su-u-trim\"><\/p>\n<p class=\"p1\"><strong>Stage conventionn\u00e9 de 2 mois &#8211; Designer UX\/UI\u00a0<\/strong><\/p>\n<div class=\"flex max-w-full flex-col flex-grow\">\n<div class=\"min-h-&#091;20px&#093; text-message flex w-full flex-col items-end gap-2 whitespace-pre-wrap break-words &#091;.text-message+&amp;&#093;:mt-5 overflow-x-auto\" dir=\"auto\" data-message-author-role=\"assistant\" data-message-id=\"e14e98f0-033c-458f-83c6-8d6cdd3f0ac4\">\n<div class=\"flex w-full flex-col gap-1 empty:hidden first:pt-&#091;3px&#093;\">\n<div class=\"markdown prose w-full break-words dark:prose-invert dark\">\n<p>If you love design and innovation, we have an opportunity for you! We are looking for a creative and motivated UX\/UI Designer. You will have the chance to work on exciting projects that will directly improve the experience and interfaces of our mobile application.<\/p>\n<p>You will help us create mockups, prototypes, and designs that align with our brand and meet user needs.<\/p>\n<p>&nbsp;<\/p>\n<\/div>\n<\/div>\n<\/div>\n<\/div>\n<p class=\"p1\"><strong>Qualifications<\/strong><\/p>\n<ul>\n<li class=\"p1\">Currently pursuing a degree or certificate in UX\/UI Design.<\/li>\n<li class=\"p1\">Strong understanding of UX principles and best practices<\/li>\n<li class=\"p1\">Proficiency in Figma for design and familiarity with collaboration tools like Jira.<\/li>\n<li class=\"p1\">Experience in creating wireframes, user flows, and prototypes.<\/li>\n<li class=\"p1\">Knowledge of mobile app design guidelines and trends.<\/li>\n<li class=\"p1\">Excellent visual design skills with attention to details.<\/li>\n<li class=\"p1\">Ability to work independently and meet deadlines.<\/li>\n<li class=\"p1\">Comfortable working in a small team with close collaboration.<\/li>\n<li class=\"p1\">Passion for plants and sustainability is a plus. <span class=\"s1\">\ud83d\udc9a<\/span><\/li>\n<\/ul>\n<p><\/div><\/div>\n<\/div><div class=\"divider-wrap\" data-alignment=\"default\"><div style=\"margin-top: 12.5px; height: 3px; margin-bottom: 12.5px;\" data-width=\"100%\" data-animate=\"\" data-animation-delay=\"\" data-color=\"default\" class=\"divider-border\"><\/div><\/div><div class=\"nectar-responsive-text font_size_min_18px font_size_max_20px font_size_desktop_1-1vw font_line_height_2px nectar-link-underline-effect\"><div class=\"su-accordion su-u-trim\"><\/div><div class=\"su-spoiler su-spoiler-style-default su-spoiler-icon-plus su-spoiler-closed\" data-scroll-offset=\"0\" data-anchor-in-url=\"no\"><div class=\"su-spoiler-title\" tabindex=\"0\" role=\"button\"><span class=\"su-spoiler-icon\"><\/span>Business Developer Intern<\/div><div class=\"su-spoiler-content su-u-clearfix su-u-trim\"><\/p>\n<p class=\"p1\"><strong>2-Month Internship \u2013 Business Developer<\/strong><\/p>\n<div class=\"flex max-w-full flex-col flex-grow\">\n<div class=\"min-h-&#091;20px&#093; text-message flex w-full flex-col items-end gap-2 whitespace-pre-wrap break-words &#091;.text-message+&amp;&#093;:mt-5 overflow-x-auto\" dir=\"auto\" data-message-author-role=\"assistant\" data-message-id=\"e14e98f0-033c-458f-83c6-8d6cdd3f0ac4\">\n<div class=\"flex w-full flex-col gap-1 empty:hidden first:pt-&#091;3px&#093;\">\n<div class=\"markdown prose w-full break-words dark:prose-invert dark\">\n<div id=\"about-job\" class=\"sc-beqWaB aNQZS\">\n<div class=\"EditorContent-sc-2db2ee7e-0 ilEXuK\">\n<div class=\"sc-hLseeU eFIfeu\">\n<ul>\n<li>D\u00e9veloppement de la communaut\u00e9 : Mettre en \u0153uvre des strat\u00e9gies pour \u00e9largir notre base d\u2019utilisateurs, les fid\u00e9liser et dynamiser notre communaut\u00e9 autour de l&rsquo;application.<\/li>\n<li>Partnerships: Identify, establish, and manage strategic partnerships with companies, organizations, or influencers to increase our visibility and reach.<\/li>\n<li>Ambassadors: Search for and recruit enthusiastic ambassadors to promote our application and engage our community.<\/li>\n<\/ul>\n<\/div>\n<\/div>\n<\/div>\n<p>&nbsp;<\/p>\n<\/div>\n<\/div>\n<\/div>\n<\/div>\n<p class=\"p1\"><strong>Qualifications<\/strong><\/p>\n<ul>\n<li>\u00c9tudiant(e) en marketing, commerce, d\u00e9veloppement commercial ou dans un domaine connexe, \u00e0 la recherche d&rsquo;un stage de 2 mois maximum, avec une convention de stage de l&rsquo;\u00e9cole ou de l&rsquo;organisme de formation. Ce stage est non r\u00e9mun\u00e9r\u00e9.<\/li>\n<li>Exp\u00e9rience dans le d\u00e9veloppement commercial, la gestion de partenariats ou le marketing, de pr\u00e9f\u00e9rence dans le secteur des applications, des technologies ou d&rsquo;un domaine connexe.<\/li>\n<li>Excellent communication and negotiation skills.<\/li>\n<li>Ability to develop and implement effective growth strategies.<\/li>\n<li>Entrepreneurial spirit, creativity, and proactivity.<\/li>\n<\/ul>\n<p><\/div><\/div>\n<\/div><div class=\"divider-wrap\" data-alignment=\"default\"><div style=\"margin-top: 12.5px; height: 3px; margin-bottom: 12.5px;\" data-width=\"100%\" data-animate=\"\" data-animation-delay=\"\" data-color=\"default\" class=\"divider-border\"><\/div><\/div>\n\t\t<\/div> \n\t<\/div>\n\t<\/div> \n<\/div><\/div>\n\t\t\t<\/div> \n\t\t<\/div>\n\t<\/div> \n<\/div><\/div>","protected":false},"excerpt":{"rendered":"Offres de Stage Nous accueillons des stagiaires motiv\u00e9s au sein...","protected":false},"author":1,"featured_media":0,"parent":0,"menu_order":0,"comment_status":"closed","ping_status":"closed","template":"","meta":{"footnotes":""},"class_list":["post-12219","page","type-page","status-publish"],"yoast_head":"<!-- This site is optimized with the Yoast SEO plugin v27.5 - https:\/\/yoast.com\/product\/yoast-seo-wordpress\/ -->\n<title>Offres de Stage - Meet for Branch<\/title>\n<meta name=\"robots\" content=\"index, follow, max-snippet:-1, max-image-preview:large, max-video-preview:-1\" \/>\n<link rel=\"canonical\" href=\"https:\/\/meetforbranch.com\/en\/offres-de-stage\/\" \/>\n<meta property=\"og:locale\" content=\"en_US\" \/>\n<meta property=\"og:type\" content=\"article\" \/>\n<meta property=\"og:title\" content=\"Offres de Stage - Meet for Branch\" \/>\n<meta property=\"og:url\" content=\"https:\/\/meetforbranch.com\/en\/offres-de-stage\/\" \/>\n<meta property=\"og:site_name\" content=\"Meet for Branch\" \/>\n<meta property=\"article:publisher\" content=\"https:\/\/www.facebook.com\/meetforbranch\" \/>\n<meta property=\"article:modified_time\" content=\"2025-05-30T12:49:01+00:00\" \/>\n<meta name=\"twitter:card\" content=\"summary_large_image\" \/>\n<meta name=\"twitter:label1\" content=\"Est. reading time\" \/>\n\t<meta name=\"twitter:data1\" content=\"5 minutes\" \/>\n<script type=\"application\/ld+json\" class=\"yoast-schema-graph\">{\"@context\":\"https:\\\/\\\/schema.org\",\"@graph\":[{\"@type\":\"WebPage\",\"@id\":\"https:\\\/\\\/meetforbranch.com\\\/offres-de-stage\\\/\",\"url\":\"https:\\\/\\\/meetforbranch.com\\\/offres-de-stage\\\/\",\"name\":\"Offres de Stage - Meet for Branch\",\"isPartOf\":{\"@id\":\"https:\\\/\\\/meetforbranch.com\\\/#website\"},\"datePublished\":\"2024-07-25T09:56:42+00:00\",\"dateModified\":\"2025-05-30T12:49:01+00:00\",\"inLanguage\":\"en-US\",\"potentialAction\":[{\"@type\":\"ReadAction\",\"target\":[\"https:\\\/\\\/meetforbranch.com\\\/offres-de-stage\\\/\"]}]},{\"@type\":\"WebSite\",\"@id\":\"https:\\\/\\\/meetforbranch.com\\\/#website\",\"url\":\"https:\\\/\\\/meetforbranch.com\\\/\",\"name\":\"Meet for Branch\",\"description\":\"Plantes \u00e0 donner et \u00e9changer via Meet for Branch \ud83e\udeb4\",\"potentialAction\":[{\"@type\":\"SearchAction\",\"target\":{\"@type\":\"EntryPoint\",\"urlTemplate\":\"https:\\\/\\\/meetforbranch.com\\\/?s={search_term_string}\"},\"query-input\":{\"@type\":\"PropertyValueSpecification\",\"valueRequired\":true,\"valueName\":\"search_term_string\"}}],\"inLanguage\":\"en-US\"}]}<\/script>\n<!-- \/ Yoast SEO plugin. -->","yoast_head_json":{"title":"Offres de Stage - Meet for Branch","robots":{"index":"index","follow":"follow","max-snippet":"max-snippet:-1","max-image-preview":"max-image-preview:large","max-video-preview":"max-video-preview:-1"},"canonical":"https:\/\/meetforbranch.com\/en\/offres-de-stage\/","og_locale":"en_US","og_type":"article","og_title":"Offres de Stage - Meet for Branch","og_url":"https:\/\/meetforbranch.com\/en\/offres-de-stage\/","og_site_name":"Meet for Branch","article_publisher":"https:\/\/www.facebook.com\/meetforbranch","article_modified_time":"2025-05-30T12:49:01+00:00","twitter_card":"summary_large_image","twitter_misc":{"Est. reading time":"5 minutes"},"schema":{"@context":"https:\/\/schema.org","@graph":[{"@type":"WebPage","@id":"https:\/\/meetforbranch.com\/offres-de-stage\/","url":"https:\/\/meetforbranch.com\/offres-de-stage\/","name":"Offres de Stage - Meet for Branch","isPartOf":{"@id":"https:\/\/meetforbranch.com\/#website"},"datePublished":"2024-07-25T09:56:42+00:00","dateModified":"2025-05-30T12:49:01+00:00","inLanguage":"en-US","potentialAction":[{"@type":"ReadAction","target":["https:\/\/meetforbranch.com\/offres-de-stage\/"]}]},{"@type":"WebSite","@id":"https:\/\/meetforbranch.com\/#website","url":"https:\/\/meetforbranch.com\/","name":"Meet for Branch","description":"Plantes \u00e0 donner et \u00e9changer via Meet for Branch \ud83e\udeb4","potentialAction":[{"@type":"SearchAction","target":{"@type":"EntryPoint","urlTemplate":"https:\/\/meetforbranch.com\/?s={search_term_string}"},"query-input":{"@type":"PropertyValueSpecification","valueRequired":true,"valueName":"search_term_string"}}],"inLanguage":"en-US"}]}},"_links":{"self":[{"href":"https:\/\/meetforbranch.com\/en\/wp-json\/wp\/v2\/pages\/12219","targetHints":{"allow":["GET"]}}],"collection":[{"href":"https:\/\/meetforbranch.com\/en\/wp-json\/wp\/v2\/pages"}],"about":[{"href":"https:\/\/meetforbranch.com\/en\/wp-json\/wp\/v2\/types\/page"}],"author":[{"embeddable":true,"href":"https:\/\/meetforbranch.com\/en\/wp-json\/wp\/v2\/users\/1"}],"replies":[{"embeddable":true,"href":"https:\/\/meetforbranch.com\/en\/wp-json\/wp\/v2\/comments?post=12219"}],"version-history":[{"count":87,"href":"https:\/\/meetforbranch.com\/en\/wp-json\/wp\/v2\/pages\/12219\/revisions"}],"predecessor-version":[{"id":13381,"href":"https:\/\/meetforbranch.com\/en\/wp-json\/wp\/v2\/pages\/12219\/revisions\/13381"}],"wp:attachment":[{"href":"https:\/\/meetforbranch.com\/en\/wp-json\/wp\/v2\/media?parent=12219"}],"curies":[{"name":"wp","href":"https:\/\/api.w.org\/{rel}","templated":true}]}}