{"id":5132,"date":"2022-08-10T14:39:22","date_gmt":"2022-08-10T14:39:22","guid":{"rendered":"https:\/\/meetforbranch.com\/?page_id=5132"},"modified":"2025-05-29T14:44:19","modified_gmt":"2025-05-29T14:44:19","slug":"conditions-generales-utilisation-appli-meetforbranch","status":"publish","type":"page","link":"https:\/\/meetforbranch.com\/en\/conditions-generales-utilisation-appli-meetforbranch\/","title":{"rendered":"Conditions g\u00e9n\u00e9rales d&rsquo;Utilisation &#8211; CGU de l&rsquo;appli Meet for Branch"},"content":{"rendered":"<div id=\"fws_69e442bab45d0\"  data-column-margin=\"none\" data-midnight=\"dark\" data-top-percent=\"7%\" data-bottom-percent=\"7%\"  class=\"wpb_row vc_row-fluid vc_row full-width-section  top_padding_phone_15pct bottom_padding_phone_15pct\" data-using-ctc=\"true\" style=\"padding-top: calc(100vw * 0.07); padding-bottom: calc(100vw * 0.07); color: #000000; \"><div class=\"row-bg-wrap\" data-bg-animation=\"none\" data-bg-animation-delay=\"\" data-bg-overlay=\"false\"><div class=\"inner-wrap row-bg-layer\" ><div class=\"row-bg viewport-desktop\"  style=\"\"><\/div><\/div><\/div><div class=\"nectar-shape-divider-wrap\" style=\" height:50px;\"  data-height=\"50\" data-front=\"\" data-style=\"mountains\" data-position=\"bottom\" ><svg class=\"nectar-shape-divider\" fill=\"#e0fffb\" xmlns=\"http:\/\/www.w3.org\/2000\/svg\" viewbox=\"0 0 1000 300\" preserveaspectratio=\"none\">\n          <path d=\"M 1014 264 v 122 h -808 l -172 -86 s 310.42 -22.84 402 -79 c 106 -65 154 -61 268 -12 c 107 46 195.11 5.94 275 137 z\"><\/path>   <path d=\"M -302 55 s 235.27 208.25 352 159 c 128 -54 233 -98 303 -73 c 92.68 33.1 181.28 115.19 235 108 c 104.9 -14 176.52 -173.06 267 -118 c 85.61 52.09 145 123 145 123 v 74 l -1306 10 z\"><\/path>\n          <path d=\"M -286 255 s 214 -103 338 -129 s 203 29 384 101 c 145.57 57.91 178.7 50.79 272 0 c 79 -43 301 -224 385 -63 c 53 101.63 -62 129 -62 129 l -107 84 l -1212 12 z\"><\/path>\n          <path d=\"M -24 69 s 299.68 301.66 413 245 c 8 -4 233 2 284 42 c 17.47 13.7 172 -132 217 -174 c 54.8 -51.15 128 -90 188 -39 c 76.12 64.7 118 99 118 99 l -12 132 l -1212 12 z\"><\/path>\n          <path d=\"M -12 201 s 70 83 194 57 s 160.29 -36.77 274 6 c 109 41 184.82 24.36 265 -15 c 55 -27 116.5 -57.69 214 4 c 49 31 95 26 95 26 l -6 151 l -1036 10 z\"><\/path> <\/svg><\/div><div class=\"row_col_wrap_12 col span_12 custom left\">\n\t<div style=\" color: #352f36;\" class=\"vc_col-sm-12 wpb_column column_container vc_column_container col no-extra-padding inherit_tablet inherit_phone\" data-cfc=\"true\"  data-padding-pos=\"all\" data-has-bg-color=\"false\" data-bg-color=\"\" data-bg-opacity=\"1\" data-animation=\"\" data-delay=\"0\" >\n\t\t<div class=\"vc_column-inner\" >\n\t\t\t<div class=\"wpb_wrapper\">\n\t\t\t\t<div id=\"fws_69e442bab487f\" data-midnight=\"\" data-column-margin=\"none\" class=\"wpb_row vc_row-fluid vc_row inner_row\"  style=\"\"><div class=\"row-bg-wrap\"> <div class=\"row-bg\" ><\/div> <\/div><div class=\"row_col_wrap_12_inner col span_12  left\">\n\t<div  class=\"vc_col-sm-12 wpb_column column_container vc_column_container col child_column no-extra-padding inherit_tablet inherit_phone\"   data-padding-pos=\"all\" data-has-bg-color=\"false\" data-bg-color=\"\" data-bg-opacity=\"1\" data-animation=\"\" data-delay=\"0\" >\n\t\t<div class=\"vc_column-inner\" >\n\t\t<div class=\"wpb_wrapper\">\n\t\t\t<div class=\"nectar-responsive-text font_size_desktop_60px font_size_phone_40px font_line_height_1-2 nectar-link-underline-effect\" style=\"color: #00606e;\"><h2 style=\"text-align: center\">CGU de l&rsquo;appli Meet for Branch<\/h2>\n<\/div>\n\t\t<\/div> \n\t<\/div>\n\t<\/div> \n<\/div><\/div><div id=\"fws_69e442bab4b22\" data-midnight=\"\" data-column-margin=\"none\" class=\"wpb_row vc_row-fluid vc_row inner_row  top_padding_phone_5pct\"  style=\"padding-top: 5%; padding-bottom: 3%; \"><div class=\"row-bg-wrap\"> <div class=\"row-bg\" ><\/div> <\/div><div class=\"row_col_wrap_12_inner col span_12  left\">\n\t<div style=\" color: #00606e;\" class=\"vc_col-sm-2 wpb_column column_container vc_column_container col child_column no-extra-padding inherit_tablet inherit_phone\" data-cfc=\"true\"  data-padding-pos=\"all\" data-has-bg-color=\"false\" data-bg-color=\"\" data-bg-opacity=\"1\" data-animation=\"\" data-delay=\"0\" >\n\t\t<div class=\"vc_column-inner\" >\n\t\t<div class=\"wpb_wrapper\">\n\t\t\t\n\t\t<\/div> \n\t<\/div>\n\t<\/div> \n\n\t<div  class=\"vc_col-sm-8 wpb_column column_container vc_column_container col child_column no-extra-padding inherit_tablet inherit_phone\"   data-padding-pos=\"all\" data-has-bg-color=\"false\" data-bg-color=\"\" data-bg-opacity=\"1\" data-animation=\"\" data-delay=\"0\" >\n\t\t<div class=\"vc_column-inner\" >\n\t\t<div class=\"wpb_wrapper\">\n\t\t\t<div class=\"divider-wrap height_phone_5px\" data-alignment=\"default\"><div style=\"height: 40px;\" class=\"divider\"><\/div><\/div>\n<div class=\"wpb_text_column wpb_content_element\" >\n\t<div class=\"wpb_wrapper\">\n\t\t<p data-pm-slice=\"1 1 &#091;&#093;\"><strong>Conditions G\u00e9n\u00e9rales d&rsquo;Utilisation<\/strong><\/p>\n<p>Bienvenue sur Meet for Branch SAS, une application mobile con\u00e7ue pour faciliter le don, l&rsquo;\u00e9change et la vente d&rsquo;articles li\u00e9s aux plantes tels que des plantes, des boutures, des graines et des outils de jardin entre particuliers. En utilisant cette application, vous acceptez de respecter ces Conditions G\u00e9n\u00e9rales d&rsquo;Utilisation. Veuillez les lire attentivement.<\/p>\n<p>&nbsp;<\/p>\n<ol class=\"ak-ol\" start=\"1\">\n<li><strong>Acceptance of the Terms<\/strong><\/li>\n<\/ol>\n<p>En acc\u00e9dant \u00e0 ou en utilisant Meet for Branch SAS, vous acceptez ces Conditions G\u00e9n\u00e9rales d&rsquo;Utilisation. Si vous n&rsquo;\u00eates pas d&rsquo;accord, vous devez cesser imm\u00e9diatement d&rsquo;utiliser l&rsquo;application.<\/p>\n<p>&nbsp;<\/p>\n<ol class=\"ak-ol\" start=\"2\">\n<li><strong>Eligibility<\/strong><\/li>\n<\/ol>\n<p>To use Meet for Branch SAS, you must:<\/p>\n<ul class=\"ak-ul\">\n<li>Be at least 18 years old.<\/li>\n<li>Reside in France.<\/li>\n<li>Accept that all transactions are conducted in person and in cash only.<\/li>\n<\/ul>\n<p>&nbsp;<\/p>\n<ol class=\"ak-ol\" start=\"3\">\n<li><strong>Account Creation<\/strong><\/li>\n<\/ol>\n<ul class=\"ak-ul\">\n<li>Les utilisateurs doivent avoir au moins 18 ans pour cr\u00e9er un compte sur Meet for Branch SAS.<\/li>\n<li>En cr\u00e9ant un compte, les utilisateurs confirment qu&rsquo;ils remplissent les conditions d&rsquo;\u00e2ge et acceptent ces Conditions G\u00e9n\u00e9rales d&rsquo;Utilisation.<\/li>\n<\/ul>\n<p>&nbsp;<\/p>\n<ol class=\"ak-ol\" start=\"4\">\n<li><strong>Utilisation Autoris\u00e9e de l&rsquo;Application<\/strong><\/li>\n<\/ol>\n<p>Meet for Branch SAS est une plateforme permettant aux utilisateurs de :<\/p>\n<ul class=\"ak-ul\">\n<li><strong>Give Away<\/strong> : Offer plant-related items for free.<\/li>\n<li><strong>Exchange<\/strong> : \u00c9changer des articles li\u00e9s aux plantes avec d&rsquo;autres utilisateurs.<\/li>\n<li><strong>Sell<\/strong> : Sell plant-related items for a maximum price of 10 euros per transaction.<\/li>\n<\/ul>\n<p>Les r\u00e8gles suivantes s&rsquo;appliquent \u00e0 toutes les transactions :<\/p>\n<ul class=\"ak-ul\">\n<li>Payments must be made <strong>in cash and in person<\/strong> au moment de l&rsquo;\u00e9change.<\/li>\n<li><strong>No advance payments<\/strong> n&rsquo;est autoris\u00e9.<\/li>\n<li>Les utilisateurs sont seuls responsables de l&rsquo;organisation de l&rsquo;heure, de la date et du lieu des \u00e9changes.<\/li>\n<\/ul>\n<p>&nbsp;<\/p>\n<ol class=\"ak-ol\" start=\"5\">\n<li><strong>Prohibited Activities<\/strong><\/li>\n<\/ol>\n<p>Users are prohibited from:<\/p>\n<ul class=\"ak-ul\">\n<li>Selling items for more than 10 euros.<\/li>\n<li>Offering items unrelated to plants, cuttings, seeds, or garden tools.<\/li>\n<li>Demander ou accepter des paiements anticip\u00e9s ou des paiements via des m\u00e9thodes autres qu&rsquo;en esp\u00e8ces.<\/li>\n<li>Publier des informations trompeuses ou fausses sur les articles qu&rsquo;ils proposent.<\/li>\n<li>Participer \u00e0 toute activit\u00e9 contraire aux lois et r\u00e9glementations fran\u00e7aises, y compris mais sans s&rsquo;y limiter :\n<ul class=\"ak-ul\">\n<li>Selling stolen or counterfeit goods.<\/li>\n<li>Advertising or distributing items containing harmful or toxic substances.<\/li>\n<li>Porter atteinte aux droits de propri\u00e9t\u00e9 intellectuelle, tels que la vente de plantes prot\u00e9g\u00e9es par des droits d&rsquo;auteur ou des brevets sans autorisation.<\/li>\n<li>Using the platform for fraudulent activities or scams.<\/li>\n<li>Conducting transactions involving banned or restricted plant species as per French environmental laws.<\/li>\n<\/ul>\n<\/li>\n<\/ul>\n<p>&nbsp;<\/p>\n<ol class=\"ak-ol\" start=\"6\">\n<li><strong>User Responsibilities<\/strong><\/li>\n<\/ol>\n<ul class=\"ak-ul\">\n<li>Les utilisateurs doivent s&rsquo;assurer que les articles qu&rsquo;ils donnent, \u00e9changent ou vendent sont s\u00fbrs et respectent les exigences l\u00e9gales applicables.<\/li>\n<li>Users must respect the agreed-upon arrangements for in-person transactions.<\/li>\n<li>Les utilisateurs sont responsables de leur s\u00e9curit\u00e9 personnelle lors des rencontres avec d&rsquo;autres personnes. Meet for Branch SAS recommande de se rencontrer dans des lieux publics et de faire preuve de prudence.<\/li>\n<\/ul>\n<p>&nbsp;<\/p>\n<ol class=\"ak-ol\" start=\"7\">\n<li><strong>Liability Disclaimer<\/strong><\/li>\n<\/ol>\n<p>Meet for Branch SAS est une plateforme connectant les utilisateurs et ne :<\/p>\n<ul class=\"ak-ul\">\n<li>V\u00e9rifie pas la qualit\u00e9, l&rsquo;\u00e9tat ou la l\u00e9galit\u00e9 des articles \u00e9chang\u00e9s, donn\u00e9s ou vendus.<\/li>\n<li>Act as a party to any transaction between users.<\/li>\n<li>Guarantee the successful completion of any transaction.<\/li>\n<\/ul>\n<p>Meet for Branch SAS n&rsquo;est pas responsable des litiges, dommages ou pertes r\u00e9sultant des transactions effectu\u00e9es via l&rsquo;application. Les utilisateurs reconnaissent qu&rsquo;ils participent aux transactions \u00e0 leurs propres risques.<\/p>\n<p>&nbsp;<\/p>\n<ol class=\"ak-ol\" start=\"8\">\n<li><strong>Content Guidelines<\/strong><\/li>\n<\/ol>\n<p>Les utilisateurs sont responsables du contenu qu&rsquo;ils publient sur Meet for Branch SAS, y compris les descriptions et photos des articles. Le contenu interdit inclut, sans s&rsquo;y limiter :<\/p>\n<ul class=\"ak-ul\">\n<li>Inaccurate or misleading descriptions.<\/li>\n<li>Offensive, abusive, or discriminatory language.<\/li>\n<li>Content that infringes on intellectual property rights.<\/li>\n<\/ul>\n<p>Meet for Branch SAS se r\u00e9serve le droit de supprimer tout contenu qui viole ces r\u00e8gles.<\/p>\n<p>&nbsp;<\/p>\n<ol class=\"ak-ol\" start=\"9\">\n<li><strong>R\u00e9siliation de l&rsquo;Utilisation<\/strong><\/li>\n<\/ol>\n<p>Meet for Branch SAS se r\u00e9serve le droit de suspendre ou de r\u00e9silier les comptes des utilisateurs pour :<\/p>\n<ul class=\"ak-ul\">\n<li>Violation de ces Conditions G\u00e9n\u00e9rales d&rsquo;Utilisation.<\/li>\n<li>Engaging in fraudulent, illegal, or abusive activities.<\/li>\n<\/ul>\n<p>&nbsp;<\/p>\n<p><strong>10. Confidentialit\u00e9<\/strong><\/p>\n<p>Meet for Branch SAS s&rsquo;engage \u00e0 prot\u00e9ger la vie priv\u00e9e des utilisateurs conform\u00e9ment au RGPD (R\u00e8glement G\u00e9n\u00e9ral sur la Protection des Donn\u00e9es). Pour plus d&rsquo;informations sur la collecte, l&rsquo;utilisation et le stockage de vos donn\u00e9es, veuillez consulter notre Politique de Confidentialit\u00e9.<\/p>\n<p>&nbsp;<\/p>\n<p><strong>11. Amendements<\/strong><\/p>\n<p>Meet for Branch SAS se r\u00e9serve le droit de modifier ces Conditions G\u00e9n\u00e9rales d&rsquo;Utilisation \u00e0 tout moment. Les utilisateurs seront inform\u00e9s des changements importants, et l&rsquo;utilisation continue de l&rsquo;application constitue l&rsquo;acceptation des conditions mises \u00e0 jour.<\/p>\n<p>&nbsp;<\/p>\n<p><strong>12. Droit Applicable<\/strong><\/p>\n<p>Ces Conditions G\u00e9n\u00e9rales d&rsquo;Utilisation sont r\u00e9gies par les lois fran\u00e7aises. Tout litige d\u00e9coulant de ces conditions sera r\u00e9solu conform\u00e9ment au droit fran\u00e7ais.<\/p>\n<p>&nbsp;<\/p>\n<p><strong>13. Informations de Contact<\/strong><\/p>\n<p>Si vous avez des questions ou des pr\u00e9occupations concernant ces Conditions G\u00e9n\u00e9rales d&rsquo;Utilisation, veuillez nous contacter \u00e0 :<\/p>\n<p>Email : <a href=\"mailto:contact@meetforbranch.com\">contact@meetforbranch.com<\/a><\/p>\n\t<\/div>\n<\/div>\n\n\n\n\n\t\t<\/div> \n\t<\/div>\n\t<\/div> \n\n\t<div  class=\"vc_col-sm-2 wpb_column column_container vc_column_container col child_column no-extra-padding inherit_tablet inherit_phone\"   data-padding-pos=\"all\" data-has-bg-color=\"false\" data-bg-color=\"\" data-bg-opacity=\"1\" data-animation=\"\" data-delay=\"0\" >\n\t\t<div class=\"vc_column-inner\" >\n\t\t<div class=\"wpb_wrapper\">\n\t\t\t\n\t\t<\/div> \n\t<\/div>\n\t<\/div> \n<\/div><\/div>\n\t\t\t<\/div> \n\t\t<\/div>\n\t<\/div> \n<\/div><\/div>","protected":false},"excerpt":{"rendered":"CGU de l'appli Meet for Branch Conditions G\u00e9n\u00e9rales d'Utilisation Bienvenue...","protected":false},"author":1,"featured_media":8477,"parent":0,"menu_order":0,"comment_status":"closed","ping_status":"closed","template":"","meta":{"footnotes":""},"class_list":["post-5132","page","type-page","status-publish","has-post-thumbnail"],"yoast_head":"<!-- This site is optimized with the Yoast SEO plugin v27.4 - https:\/\/yoast.com\/product\/yoast-seo-wordpress\/ -->\n<title>Conditions g\u00e9n\u00e9rales d&#039;Utilisation - CGU de l&#039;appli Meet for Branch - Meet for Branch<\/title>\n<meta name=\"robots\" content=\"noindex, follow\" \/>\n<meta property=\"og:locale\" content=\"en_US\" \/>\n<meta property=\"og:type\" content=\"article\" \/>\n<meta property=\"og:title\" content=\"Conditions g\u00e9n\u00e9rales d&#039;Utilisation - CGU de l&#039;appli Meet for Branch - Meet for Branch\" \/>\n<meta property=\"og:url\" content=\"https:\/\/meetforbranch.com\/en\/conditions-generales-utilisation-appli-meetforbranch\/\" \/>\n<meta property=\"og:site_name\" content=\"Meet for Branch\" \/>\n<meta property=\"article:publisher\" content=\"https:\/\/www.facebook.com\/meetforbranch\" \/>\n<meta property=\"article:modified_time\" content=\"2025-05-29T14:44:19+00:00\" \/>\n<meta property=\"og:image\" content=\"https:\/\/meetforbranch.com\/wp-content\/uploads\/2022\/12\/Meet-for-Branch-square-logo-with-whote-text.webp\" \/>\n\t<meta property=\"og:image:width\" content=\"1080\" \/>\n\t<meta property=\"og:image:height\" content=\"1080\" \/>\n\t<meta property=\"og:image:type\" content=\"image\/webp\" \/>\n<meta name=\"twitter:card\" content=\"summary_large_image\" \/>\n<meta name=\"twitter:label1\" content=\"Est. reading time\" \/>\n\t<meta name=\"twitter:data1\" content=\"5 minutes\" \/>\n<script type=\"application\/ld+json\" class=\"yoast-schema-graph\">{\"@context\":\"https:\\\/\\\/schema.org\",\"@graph\":[{\"@type\":\"WebPage\",\"@id\":\"https:\\\/\\\/meetforbranch.com\\\/conditions-generales-utilisation-appli-meetforbranch\\\/\",\"url\":\"https:\\\/\\\/meetforbranch.com\\\/conditions-generales-utilisation-appli-meetforbranch\\\/\",\"name\":\"Conditions g\u00e9n\u00e9rales d'Utilisation - CGU de l'appli Meet for Branch - Meet for Branch\",\"isPartOf\":{\"@id\":\"https:\\\/\\\/meetforbranch.com\\\/#website\"},\"primaryImageOfPage\":{\"@id\":\"https:\\\/\\\/meetforbranch.com\\\/conditions-generales-utilisation-appli-meetforbranch\\\/#primaryimage\"},\"image\":{\"@id\":\"https:\\\/\\\/meetforbranch.com\\\/conditions-generales-utilisation-appli-meetforbranch\\\/#primaryimage\"},\"thumbnailUrl\":\"https:\\\/\\\/meetforbranch.com\\\/wp-content\\\/uploads\\\/2022\\\/12\\\/Meet-for-Branch-square-logo-with-whote-text.webp\",\"datePublished\":\"2022-08-10T14:39:22+00:00\",\"dateModified\":\"2025-05-29T14:44:19+00:00\",\"inLanguage\":\"en-US\",\"potentialAction\":[{\"@type\":\"ReadAction\",\"target\":[\"https:\\\/\\\/meetforbranch.com\\\/conditions-generales-utilisation-appli-meetforbranch\\\/\"]}]},{\"@type\":\"ImageObject\",\"inLanguage\":\"en-US\",\"@id\":\"https:\\\/\\\/meetforbranch.com\\\/conditions-generales-utilisation-appli-meetforbranch\\\/#primaryimage\",\"url\":\"https:\\\/\\\/meetforbranch.com\\\/wp-content\\\/uploads\\\/2022\\\/12\\\/Meet-for-Branch-square-logo-with-whote-text.webp\",\"contentUrl\":\"https:\\\/\\\/meetforbranch.com\\\/wp-content\\\/uploads\\\/2022\\\/12\\\/Meet-for-Branch-square-logo-with-whote-text.webp\",\"width\":1080,\"height\":1080,\"caption\":\"Meet for Branch official logo\"},{\"@type\":\"WebSite\",\"@id\":\"https:\\\/\\\/meetforbranch.com\\\/#website\",\"url\":\"https:\\\/\\\/meetforbranch.com\\\/\",\"name\":\"Meet for Branch\",\"description\":\"Plantes \u00e0 donner et \u00e9changer via Meet for Branch \ud83e\udeb4\",\"potentialAction\":[{\"@type\":\"SearchAction\",\"target\":{\"@type\":\"EntryPoint\",\"urlTemplate\":\"https:\\\/\\\/meetforbranch.com\\\/?s={search_term_string}\"},\"query-input\":{\"@type\":\"PropertyValueSpecification\",\"valueRequired\":true,\"valueName\":\"search_term_string\"}}],\"inLanguage\":\"en-US\"}]}<\/script>\n<!-- \/ Yoast SEO plugin. -->","yoast_head_json":{"title":"Conditions g\u00e9n\u00e9rales d'Utilisation - CGU de l'appli Meet for Branch - Meet for Branch","robots":{"index":"noindex","follow":"follow"},"og_locale":"en_US","og_type":"article","og_title":"Conditions g\u00e9n\u00e9rales d'Utilisation - CGU de l'appli Meet for Branch - Meet for Branch","og_url":"https:\/\/meetforbranch.com\/en\/conditions-generales-utilisation-appli-meetforbranch\/","og_site_name":"Meet for Branch","article_publisher":"https:\/\/www.facebook.com\/meetforbranch","article_modified_time":"2025-05-29T14:44:19+00:00","og_image":[{"width":1080,"height":1080,"url":"https:\/\/meetforbranch.com\/wp-content\/uploads\/2022\/12\/Meet-for-Branch-square-logo-with-whote-text.webp","type":"image\/webp"}],"twitter_card":"summary_large_image","twitter_misc":{"Est. reading time":"5 minutes"},"schema":{"@context":"https:\/\/schema.org","@graph":[{"@type":"WebPage","@id":"https:\/\/meetforbranch.com\/conditions-generales-utilisation-appli-meetforbranch\/","url":"https:\/\/meetforbranch.com\/conditions-generales-utilisation-appli-meetforbranch\/","name":"Conditions g\u00e9n\u00e9rales d'Utilisation - CGU de l'appli Meet for Branch - Meet for Branch","isPartOf":{"@id":"https:\/\/meetforbranch.com\/#website"},"primaryImageOfPage":{"@id":"https:\/\/meetforbranch.com\/conditions-generales-utilisation-appli-meetforbranch\/#primaryimage"},"image":{"@id":"https:\/\/meetforbranch.com\/conditions-generales-utilisation-appli-meetforbranch\/#primaryimage"},"thumbnailUrl":"https:\/\/meetforbranch.com\/wp-content\/uploads\/2022\/12\/Meet-for-Branch-square-logo-with-whote-text.webp","datePublished":"2022-08-10T14:39:22+00:00","dateModified":"2025-05-29T14:44:19+00:00","inLanguage":"en-US","potentialAction":[{"@type":"ReadAction","target":["https:\/\/meetforbranch.com\/conditions-generales-utilisation-appli-meetforbranch\/"]}]},{"@type":"ImageObject","inLanguage":"en-US","@id":"https:\/\/meetforbranch.com\/conditions-generales-utilisation-appli-meetforbranch\/#primaryimage","url":"https:\/\/meetforbranch.com\/wp-content\/uploads\/2022\/12\/Meet-for-Branch-square-logo-with-whote-text.webp","contentUrl":"https:\/\/meetforbranch.com\/wp-content\/uploads\/2022\/12\/Meet-for-Branch-square-logo-with-whote-text.webp","width":1080,"height":1080,"caption":"Meet for Branch official logo"},{"@type":"WebSite","@id":"https:\/\/meetforbranch.com\/#website","url":"https:\/\/meetforbranch.com\/","name":"Meet for Branch","description":"Plantes \u00e0 donner et \u00e9changer via Meet for Branch \ud83e\udeb4","potentialAction":[{"@type":"SearchAction","target":{"@type":"EntryPoint","urlTemplate":"https:\/\/meetforbranch.com\/?s={search_term_string}"},"query-input":{"@type":"PropertyValueSpecification","valueRequired":true,"valueName":"search_term_string"}}],"inLanguage":"en-US"}]}},"_links":{"self":[{"href":"https:\/\/meetforbranch.com\/en\/wp-json\/wp\/v2\/pages\/5132","targetHints":{"allow":["GET"]}}],"collection":[{"href":"https:\/\/meetforbranch.com\/en\/wp-json\/wp\/v2\/pages"}],"about":[{"href":"https:\/\/meetforbranch.com\/en\/wp-json\/wp\/v2\/types\/page"}],"author":[{"embeddable":true,"href":"https:\/\/meetforbranch.com\/en\/wp-json\/wp\/v2\/users\/1"}],"replies":[{"embeddable":true,"href":"https:\/\/meetforbranch.com\/en\/wp-json\/wp\/v2\/comments?post=5132"}],"version-history":[{"count":42,"href":"https:\/\/meetforbranch.com\/en\/wp-json\/wp\/v2\/pages\/5132\/revisions"}],"predecessor-version":[{"id":12576,"href":"https:\/\/meetforbranch.com\/en\/wp-json\/wp\/v2\/pages\/5132\/revisions\/12576"}],"wp:featuredmedia":[{"embeddable":true,"href":"https:\/\/meetforbranch.com\/en\/wp-json\/wp\/v2\/media\/8477"}],"wp:attachment":[{"href":"https:\/\/meetforbranch.com\/en\/wp-json\/wp\/v2\/media?parent=5132"}],"curies":[{"name":"wp","href":"https:\/\/api.w.org\/{rel}","templated":true}]}}