{"id":5174,"date":"2022-08-10T15:46:11","date_gmt":"2022-08-10T15:46:11","guid":{"rendered":"https:\/\/meetforbranch.com\/?page_id=5174"},"modified":"2025-05-28T09:03:57","modified_gmt":"2025-05-28T09:03:57","slug":"privacy-policy","status":"publish","type":"page","link":"https:\/\/meetforbranch.com\/en\/privacy-policy\/","title":{"rendered":"Privacy"},"content":{"rendered":"<div id=\"fws_69f2fd082df91\"  data-column-margin=\"none\" data-midnight=\"dark\" data-top-percent=\"7%\" data-bottom-percent=\"7%\"  class=\"wpb_row vc_row-fluid vc_row full-width-section  top_padding_phone_15pct bottom_padding_phone_15pct\" data-using-ctc=\"true\" style=\"padding-top: calc(100vw * 0.07); padding-bottom: calc(100vw * 0.07); color: #000000; \"><div class=\"row-bg-wrap\" data-bg-animation=\"none\" data-bg-animation-delay=\"\" data-bg-overlay=\"false\"><div class=\"inner-wrap row-bg-layer\" ><div class=\"row-bg viewport-desktop\"  style=\"\"><\/div><\/div><\/div><div class=\"nectar-shape-divider-wrap\" style=\" height:50px;\"  data-height=\"50\" data-front=\"\" data-style=\"mountains\" data-position=\"bottom\" ><svg class=\"nectar-shape-divider\" fill=\"#e0fffb\" xmlns=\"http:\/\/www.w3.org\/2000\/svg\" viewbox=\"0 0 1000 300\" preserveaspectratio=\"none\">\n          <path d=\"M 1014 264 v 122 h -808 l -172 -86 s 310.42 -22.84 402 -79 c 106 -65 154 -61 268 -12 c 107 46 195.11 5.94 275 137 z\"><\/path>   <path d=\"M -302 55 s 235.27 208.25 352 159 c 128 -54 233 -98 303 -73 c 92.68 33.1 181.28 115.19 235 108 c 104.9 -14 176.52 -173.06 267 -118 c 85.61 52.09 145 123 145 123 v 74 l -1306 10 z\"><\/path>\n          <path d=\"M -286 255 s 214 -103 338 -129 s 203 29 384 101 c 145.57 57.91 178.7 50.79 272 0 c 79 -43 301 -224 385 -63 c 53 101.63 -62 129 -62 129 l -107 84 l -1212 12 z\"><\/path>\n          <path d=\"M -24 69 s 299.68 301.66 413 245 c 8 -4 233 2 284 42 c 17.47 13.7 172 -132 217 -174 c 54.8 -51.15 128 -90 188 -39 c 76.12 64.7 118 99 118 99 l -12 132 l -1212 12 z\"><\/path>\n          <path d=\"M -12 201 s 70 83 194 57 s 160.29 -36.77 274 6 c 109 41 184.82 24.36 265 -15 c 55 -27 116.5 -57.69 214 4 c 49 31 95 26 95 26 l -6 151 l -1036 10 z\"><\/path> <\/svg><\/div><div class=\"row_col_wrap_12 col span_12 custom left\">\n\t<div  class=\"vc_col-sm-12 wpb_column column_container vc_column_container col no-extra-padding inherit_tablet inherit_phone\"  data-padding-pos=\"all\" data-has-bg-color=\"false\" data-bg-color=\"\" data-bg-opacity=\"1\" data-animation=\"\" data-delay=\"0\" >\n\t\t<div class=\"vc_column-inner\" >\n\t\t\t<div class=\"wpb_wrapper\">\n\t\t\t\t<div id=\"fws_69f2fd082e28f\" data-midnight=\"\" data-column-margin=\"none\" class=\"wpb_row vc_row-fluid vc_row inner_row\"  style=\"\"><div class=\"row-bg-wrap\"> <div class=\"row-bg\" ><\/div> <\/div><div class=\"row_col_wrap_12_inner col span_12  left\">\n\t<div  class=\"vc_col-sm-12 wpb_column column_container vc_column_container col child_column no-extra-padding inherit_tablet inherit_phone\"   data-padding-pos=\"all\" data-has-bg-color=\"false\" data-bg-color=\"\" data-bg-opacity=\"1\" data-animation=\"\" data-delay=\"0\" >\n\t\t<div class=\"vc_column-inner\" >\n\t\t<div class=\"wpb_wrapper\">\n\t\t\t<div class=\"nectar-responsive-text font_size_desktop_60px font_size_phone_40px font_line_height_1-2 nectar-link-underline-effect\" style=\"color: #00606e;\"><h2 style=\"text-align: center\">Privacy Policy<\/h2>\n<\/div>\n\t\t<\/div> \n\t<\/div>\n\t<\/div> \n<\/div><\/div><div id=\"fws_69f2fd082e7a0\" data-midnight=\"\" data-column-margin=\"none\" class=\"wpb_row vc_row-fluid vc_row inner_row\"  style=\"padding-top: 10%; \"><div class=\"row-bg-wrap\"> <div class=\"row-bg\" ><\/div> <\/div><div class=\"row_col_wrap_12_inner col span_12  left\">\n\t<div style=\" color: #00606e;\" class=\"vc_col-sm-2 wpb_column column_container vc_column_container col child_column no-extra-padding inherit_tablet inherit_phone\" data-cfc=\"true\"  data-padding-pos=\"all\" data-has-bg-color=\"false\" data-bg-color=\"\" data-bg-opacity=\"1\" data-animation=\"\" data-delay=\"0\" >\n\t\t<div class=\"vc_column-inner\" >\n\t\t<div class=\"wpb_wrapper\">\n\t\t\t\n\t\t<\/div> \n\t<\/div>\n\t<\/div> \n\n\t<div  class=\"vc_col-sm-8 wpb_column column_container vc_column_container col child_column no-extra-padding inherit_tablet inherit_phone\"   data-padding-pos=\"all\" data-has-bg-color=\"false\" data-bg-color=\"\" data-bg-opacity=\"1\" data-animation=\"\" data-delay=\"0\" >\n\t\t<div class=\"vc_column-inner\" >\n\t\t<div class=\"wpb_wrapper\">\n\t\t\t\n<div class=\"wpb_text_column wpb_content_element\" >\n\t<div class=\"wpb_wrapper\">\n\t\t<h5>Cette politique de confidentialit\u00e9 de Meet for Branch d\u00e9crit comment et pourquoi nous collectons, stockons, utilisons et\/ou partageons (&lsquo;traitons&rsquo;) vos informations lorsque vous utilisez nos services (&lsquo;Services&rsquo;). Cela peut inclure :<\/h5>\n<ul>\n<li>\n<h5>Visiter notre site Web \u00e0 l&rsquo;adresse\u00a0<a href=\"https:\/\/meetforbranch.com\/en\/\" target=\"_new\" rel=\"noopener\">https:\/\/meetforbranch.com<\/a>\u00a0ou l&rsquo;un de nos sites Web affili\u00e9s li\u00e9s \u00e0 cet avis de confidentialit\u00e9.<\/h5>\n<\/li>\n<li>\n<h5>Downloading and using our mobile application (Meet for Branch) or any other application associated with this privacy notice.<\/h5>\n<\/li>\n<li>\n<h5>Interagir avec nous par le biais de ventes, de marketing ou d&rsquo;\u00e9v\u00e9nements.<\/h5>\n<\/li>\n<\/ul>\n<h5><strong>SUMMARY OF KEY POINTS<\/strong><\/h5>\n<h5><strong>What personal information do we process?<\/strong>\u00a0When you visit, use, or navigate our Services, we may process personal information depending on your interactions, choices, and the features you use.<\/h5>\n<h5><strong>Do we process sensitive personal information?<\/strong>\u00a0Nous ne traitons pas d&rsquo;informations personnelles sensibles.<\/h5>\n<h5><strong>Do we receive any information from third parties?<\/strong>\u00a0Nous ne recevons pas d&rsquo;informations de la part de tiers.<\/h5>\n<h5><strong>How do we process your information?<\/strong>\u00a0We process your information to provide, improve, and administer our Services, communicate with you, for security and fraud prevention, and to comply with the law.<\/h5>\n<h5>Nous pouvons \u00e9galement traiter vos informations \u00e0 d&rsquo;autres fins avec votre consentement, en veillant \u00e0 avoir une raison l\u00e9gale valide de le faire.<\/h5>\n<h5><strong>In what situations and with which types of parties do we share personal information?<\/strong>\u00a0We may share information in specific situations and with specific categories of third parties.<\/h5>\n<h5><strong>What are your rights?<\/strong>\u00a0Depending on your geographic location, applicable privacy laws may grant you certain rights regarding your personal information.<\/h5>\n<h5><strong>How do you exercise your rights?<\/strong>\u00a0La mani\u00e8re la plus simple d&rsquo;exercer vos droits est de remplir notre formulaire de demande de sujet de donn\u00e9es ou de nous contacter. Nous examinerons et traiterons toute demande conform\u00e9ment aux lois applicables sur la protection des donn\u00e9es.<\/h5>\n<h5><strong>WHAT INFORMATION DO WE COLLECT?<\/strong><\/h5>\n<h5><strong>Personal information you disclose to us:<\/strong>\u00a0We collect personal information that you voluntarily provide to us when you register on the Services, express an interest in obtaining information about us or our products and Services, or when you participate in activities on the Services.<\/h5>\n<h5><strong>Sensitive Information:<\/strong>\u00a0We do not process sensitive information.<\/h5>\n<h5><strong>Social Media Login Data:<\/strong>\u00a0We may provide you with the option to register with us using your existing social media and email account details, like your Facebook and Google email.<\/h5>\n<h5><strong>Donn\u00e9es de l&rsquo;application :<\/strong>\u00a0If you use our application, we may also collect certain information if you choose to provide us with access or permission.<\/h5>\n<h5>This information is primarily needed to maintain the security and operation of our application, for troubleshooting, and for our internal analytics and reporting purposes.<\/h5>\n<h5>All personal information you provide to us must be true, complete, and accurate.<\/h5>\n<h5><strong>Information automatically collected:<\/strong>\u00a0Some information, such as your device characteristics, is collected automatically when you visit our Services.<\/h5>\n<h5>This information is primarily needed to maintain the security and operation of our Services and for our internal analytics and reporting purposes.<\/h5>\n<h5>Like many businesses, we also collect information through cookies and similar technologies.<\/h5>\n<h5><strong>HOW DO WE PROCESS YOUR INFORMATION?<\/strong><\/h5>\n<h5>Nous traitons vos informations pour fournir, am\u00e9liorer et administrer nos Services, communiquer avec vous, assurer la s\u00e9curit\u00e9 et pr\u00e9venir la fraude, et respecter la loi. Nous pouvons \u00e9galement traiter vos informations \u00e0 d&rsquo;autres fins avec votre consentement.<\/h5>\n<h5>We process your personal information for a variety of reasons, depending on how you interact with our Services.<\/h5>\n<h5><strong>WHAT LEGAL BASES DO WE RELY ON TO PROCESS YOUR INFORMATION?<\/strong><\/h5>\n<h5>Nous ne traitons vos informations personnelles que lorsque nous estimons que cela est n\u00e9cessaire et que nous avons une raison l\u00e9gale valable (c&rsquo;est-\u00e0-dire une base l\u00e9gale) de le faire en vertu de la loi applicable.<\/h5>\n<h5>The GDPR and UK GDPR require us to explain the valid legal bases we rely on to process your personal information.<\/h5>\n<h5><strong>WHEN AND WITH WHOM DO WE SHARE YOUR PERSONAL INFORMATION?<\/strong><\/h5>\n<h5>Nous pouvons partager vos donn\u00e9es avec des fournisseurs tiers, des prestataires de services, des entrepreneurs ou des agents (\u00ab tiers \u00bb) qui effectuent des services pour nous ou en notre nom et n\u00e9cessitent l&rsquo;acc\u00e8s \u00e0 ces informations pour effectuer ce travail.<\/h5>\n<h5>When we use Google Maps Platform APIs, we may share your information with certain Google Maps Platform APIs.<\/h5>\n<h5><strong>HOW DO WE HANDLE YOUR SOCIAL LOGINS?<\/strong><\/h5>\n<h5>Our Services offer you the ability to register and log in using your third-party social media account details (like your Facebook or Twitter logins). Where you choose to do this, we will receive certain profile information about you from your social media provider.<\/h5>\n<h5><strong>HOW DO WE PROCESS YOUR INFORMATION?<\/strong><\/h5>\n<h5>We keep your information for as long as necessary to fulfill the purposes outlined in this privacy notice unless otherwise required by law.<\/h5>\n<h5>We will only keep your personal information for as long as necessary, and no purpose in this notice will require us to keep your personal information for longer than necessary.<\/h5>\n<h5><strong>DO WE COLLECT INFORMATION FROM MINORS?<\/strong><\/h5>\n<h5>Nous ne collectons pas sciemment de donn\u00e9es aupr\u00e8s d&rsquo;enfants de moins de 18 ans et ne les commercialisons pas.<\/h5>\n<h5><strong>WHAT ARE YOUR PRIVACY RIGHTS?<\/strong><\/h5>\n<h5>Dans certaines r\u00e9gions, telles que l&rsquo;EEE et le Royaume-Uni, vous disposez de droits qui vous permettent un plus grand acc\u00e8s et un plus grand contr\u00f4le sur vos informations personnelles. Vous pouvez consulter, modifier ou r\u00e9silier votre compte \u00e0 tout moment.<\/h5>\n<h5><strong>CONTR\u00d4LES POUR LES FONCTIONS \u00ab\u00a0DO-NOT-TRACK<\/strong><\/h5>\n<h5>La plupart des navigateurs Web et certains syst\u00e8mes d&rsquo;exploitation mobiles et applications mobiles incluent une fonctionnalit\u00e9 ou un param\u00e8tre de Ne pas suivre (\u00ab DNT \u00bb) que vous pouvez activer pour signaler votre pr\u00e9f\u00e9rence de confidentialit\u00e9 de ne pas avoir les donn\u00e9es de vos activit\u00e9s de navigation en ligne surveill\u00e9es et collect\u00e9es.<\/h5>\n<h5><strong>DO WE MAKE UPDATES TO THIS NOTICE?<\/strong><\/h5>\n<h5>Yes, we may update this notice as necessary to stay compliant with relevant laws.<\/h5>\n<h5><strong>HOW CAN YOU REVIEW, UPDATE, OR DELETE THE DATA WE COLLECT FROM YOU?<\/strong><\/h5>\n<h5>En fonction des lois applicables dans votre pays, vous pouvez avoir le droit de demander l&rsquo;acc\u00e8s aux informations personnelles que nous recueillons aupr\u00e8s de vous, de modifier ces informations ou de les supprimer.<\/h5>\n<h5>To request access to, update, or delete your personal information, please contact us by filling out the <a href=\"https:\/\/meetforbranch.com\/en\/data-subject-access-form\/\">Data Access Request form<\/a>, or by sending us an email at the following address: <a class=\"cursor-pointer\" rel=\"noopener\" data-start=\"338\" data-end=\"363\">contact@meetforbranch.com<\/a>.<\/h5>\n<h5><\/h5>\n\t<\/div>\n<\/div>\n\n\n\n\n\t\t<\/div> \n\t<\/div>\n\t<\/div> \n\n\t<div  class=\"vc_col-sm-2 wpb_column column_container vc_column_container col child_column no-extra-padding inherit_tablet inherit_phone\"   data-padding-pos=\"all\" data-has-bg-color=\"false\" data-bg-color=\"\" data-bg-opacity=\"1\" data-animation=\"\" data-delay=\"0\" >\n\t\t<div class=\"vc_column-inner\" >\n\t\t<div class=\"wpb_wrapper\">\n\t\t\t\n\t\t<\/div> \n\t<\/div>\n\t<\/div> \n<\/div><\/div>\n\t\t\t<\/div> \n\t\t<\/div>\n\t<\/div> \n<\/div><\/div>","protected":false},"excerpt":{"rendered":"Politique de Confidentialit\u00e9 Cette politique de confidentialit\u00e9 de Meet for...","protected":false},"author":1,"featured_media":8477,"parent":0,"menu_order":0,"comment_status":"closed","ping_status":"closed","template":"","meta":{"footnotes":""},"class_list":["post-5174","page","type-page","status-publish","has-post-thumbnail"],"yoast_head":"<!-- This site is optimized with the Yoast SEO plugin v27.5 - https:\/\/yoast.com\/product\/yoast-seo-wordpress\/ -->\n<title>Confidentialit\u00e9 - Meet for Branch<\/title>\n<meta name=\"robots\" content=\"index, follow, max-snippet:-1, max-image-preview:large, max-video-preview:-1\" \/>\n<link rel=\"canonical\" href=\"https:\/\/meetforbranch.com\/en\/privacy-policy\/\" \/>\n<meta property=\"og:locale\" content=\"en_US\" \/>\n<meta property=\"og:type\" content=\"article\" \/>\n<meta property=\"og:title\" content=\"Confidentialit\u00e9 - Meet for Branch\" \/>\n<meta property=\"og:url\" content=\"https:\/\/meetforbranch.com\/en\/privacy-policy\/\" \/>\n<meta property=\"og:site_name\" content=\"Meet for Branch\" \/>\n<meta property=\"article:publisher\" content=\"https:\/\/www.facebook.com\/meetforbranch\" \/>\n<meta property=\"article:modified_time\" content=\"2025-05-28T09:03:57+00:00\" \/>\n<meta property=\"og:image\" content=\"https:\/\/meetforbranch.com\/wp-content\/uploads\/2022\/12\/Meet-for-Branch-square-logo-with-whote-text.webp\" \/>\n\t<meta property=\"og:image:width\" content=\"1080\" \/>\n\t<meta property=\"og:image:height\" content=\"1080\" \/>\n\t<meta property=\"og:image:type\" content=\"image\/webp\" \/>\n<meta name=\"twitter:card\" content=\"summary_large_image\" \/>\n<meta name=\"twitter:label1\" content=\"Est. reading time\" \/>\n\t<meta name=\"twitter:data1\" content=\"6 minutes\" \/>\n<script type=\"application\/ld+json\" class=\"yoast-schema-graph\">{\"@context\":\"https:\\\/\\\/schema.org\",\"@graph\":[{\"@type\":\"WebPage\",\"@id\":\"https:\\\/\\\/meetforbranch.com\\\/privacy-policy\\\/\",\"url\":\"https:\\\/\\\/meetforbranch.com\\\/privacy-policy\\\/\",\"name\":\"Confidentialit\u00e9 - Meet for Branch\",\"isPartOf\":{\"@id\":\"https:\\\/\\\/meetforbranch.com\\\/#website\"},\"primaryImageOfPage\":{\"@id\":\"https:\\\/\\\/meetforbranch.com\\\/privacy-policy\\\/#primaryimage\"},\"image\":{\"@id\":\"https:\\\/\\\/meetforbranch.com\\\/privacy-policy\\\/#primaryimage\"},\"thumbnailUrl\":\"https:\\\/\\\/meetforbranch.com\\\/wp-content\\\/uploads\\\/2022\\\/12\\\/Meet-for-Branch-square-logo-with-whote-text.webp\",\"datePublished\":\"2022-08-10T15:46:11+00:00\",\"dateModified\":\"2025-05-28T09:03:57+00:00\",\"inLanguage\":\"en-US\",\"potentialAction\":[{\"@type\":\"ReadAction\",\"target\":[\"https:\\\/\\\/meetforbranch.com\\\/privacy-policy\\\/\"]}]},{\"@type\":\"ImageObject\",\"inLanguage\":\"en-US\",\"@id\":\"https:\\\/\\\/meetforbranch.com\\\/privacy-policy\\\/#primaryimage\",\"url\":\"https:\\\/\\\/meetforbranch.com\\\/wp-content\\\/uploads\\\/2022\\\/12\\\/Meet-for-Branch-square-logo-with-whote-text.webp\",\"contentUrl\":\"https:\\\/\\\/meetforbranch.com\\\/wp-content\\\/uploads\\\/2022\\\/12\\\/Meet-for-Branch-square-logo-with-whote-text.webp\",\"width\":1080,\"height\":1080,\"caption\":\"Meet for Branch official logo\"},{\"@type\":\"WebSite\",\"@id\":\"https:\\\/\\\/meetforbranch.com\\\/#website\",\"url\":\"https:\\\/\\\/meetforbranch.com\\\/\",\"name\":\"Meet for Branch\",\"description\":\"Plantes \u00e0 donner et \u00e9changer via Meet for Branch \ud83e\udeb4\",\"potentialAction\":[{\"@type\":\"SearchAction\",\"target\":{\"@type\":\"EntryPoint\",\"urlTemplate\":\"https:\\\/\\\/meetforbranch.com\\\/?s={search_term_string}\"},\"query-input\":{\"@type\":\"PropertyValueSpecification\",\"valueRequired\":true,\"valueName\":\"search_term_string\"}}],\"inLanguage\":\"en-US\"}]}<\/script>\n<!-- \/ Yoast SEO plugin. -->","yoast_head_json":{"title":"Confidentialit\u00e9 - Meet for Branch","robots":{"index":"index","follow":"follow","max-snippet":"max-snippet:-1","max-image-preview":"max-image-preview:large","max-video-preview":"max-video-preview:-1"},"canonical":"https:\/\/meetforbranch.com\/en\/privacy-policy\/","og_locale":"en_US","og_type":"article","og_title":"Confidentialit\u00e9 - Meet for Branch","og_url":"https:\/\/meetforbranch.com\/en\/privacy-policy\/","og_site_name":"Meet for Branch","article_publisher":"https:\/\/www.facebook.com\/meetforbranch","article_modified_time":"2025-05-28T09:03:57+00:00","og_image":[{"width":1080,"height":1080,"url":"https:\/\/meetforbranch.com\/wp-content\/uploads\/2022\/12\/Meet-for-Branch-square-logo-with-whote-text.webp","type":"image\/webp"}],"twitter_card":"summary_large_image","twitter_misc":{"Est. reading time":"6 minutes"},"schema":{"@context":"https:\/\/schema.org","@graph":[{"@type":"WebPage","@id":"https:\/\/meetforbranch.com\/privacy-policy\/","url":"https:\/\/meetforbranch.com\/privacy-policy\/","name":"Confidentialit\u00e9 - Meet for Branch","isPartOf":{"@id":"https:\/\/meetforbranch.com\/#website"},"primaryImageOfPage":{"@id":"https:\/\/meetforbranch.com\/privacy-policy\/#primaryimage"},"image":{"@id":"https:\/\/meetforbranch.com\/privacy-policy\/#primaryimage"},"thumbnailUrl":"https:\/\/meetforbranch.com\/wp-content\/uploads\/2022\/12\/Meet-for-Branch-square-logo-with-whote-text.webp","datePublished":"2022-08-10T15:46:11+00:00","dateModified":"2025-05-28T09:03:57+00:00","inLanguage":"en-US","potentialAction":[{"@type":"ReadAction","target":["https:\/\/meetforbranch.com\/privacy-policy\/"]}]},{"@type":"ImageObject","inLanguage":"en-US","@id":"https:\/\/meetforbranch.com\/privacy-policy\/#primaryimage","url":"https:\/\/meetforbranch.com\/wp-content\/uploads\/2022\/12\/Meet-for-Branch-square-logo-with-whote-text.webp","contentUrl":"https:\/\/meetforbranch.com\/wp-content\/uploads\/2022\/12\/Meet-for-Branch-square-logo-with-whote-text.webp","width":1080,"height":1080,"caption":"Meet for Branch official logo"},{"@type":"WebSite","@id":"https:\/\/meetforbranch.com\/#website","url":"https:\/\/meetforbranch.com\/","name":"Meet for Branch","description":"Plantes \u00e0 donner et \u00e9changer via Meet for Branch \ud83e\udeb4","potentialAction":[{"@type":"SearchAction","target":{"@type":"EntryPoint","urlTemplate":"https:\/\/meetforbranch.com\/?s={search_term_string}"},"query-input":{"@type":"PropertyValueSpecification","valueRequired":true,"valueName":"search_term_string"}}],"inLanguage":"en-US"}]}},"_links":{"self":[{"href":"https:\/\/meetforbranch.com\/en\/wp-json\/wp\/v2\/pages\/5174","targetHints":{"allow":["GET"]}}],"collection":[{"href":"https:\/\/meetforbranch.com\/en\/wp-json\/wp\/v2\/pages"}],"about":[{"href":"https:\/\/meetforbranch.com\/en\/wp-json\/wp\/v2\/types\/page"}],"author":[{"embeddable":true,"href":"https:\/\/meetforbranch.com\/en\/wp-json\/wp\/v2\/users\/1"}],"replies":[{"embeddable":true,"href":"https:\/\/meetforbranch.com\/en\/wp-json\/wp\/v2\/comments?post=5174"}],"version-history":[{"count":32,"href":"https:\/\/meetforbranch.com\/en\/wp-json\/wp\/v2\/pages\/5174\/revisions"}],"predecessor-version":[{"id":12327,"href":"https:\/\/meetforbranch.com\/en\/wp-json\/wp\/v2\/pages\/5174\/revisions\/12327"}],"wp:featuredmedia":[{"embeddable":true,"href":"https:\/\/meetforbranch.com\/en\/wp-json\/wp\/v2\/media\/8477"}],"wp:attachment":[{"href":"https:\/\/meetforbranch.com\/en\/wp-json\/wp\/v2\/media?parent=5174"}],"curies":[{"name":"wp","href":"https:\/\/api.w.org\/{rel}","templated":true}]}}