{"id":6261,"date":"2022-11-03T12:20:50","date_gmt":"2022-11-03T12:20:50","guid":{"rendered":"https:\/\/meetforbranch.com\/?page_id=6261"},"modified":"2025-05-28T08:06:10","modified_gmt":"2025-05-28T08:06:10","slug":"cookie-policy","status":"publish","type":"page","link":"https:\/\/meetforbranch.com\/en\/cookie-policy\/","title":{"rendered":"Cookies"},"content":{"rendered":"<div id=\"fws_69dbd209dc63c\"  data-column-margin=\"none\" data-midnight=\"dark\" data-top-percent=\"7%\" data-bottom-percent=\"7%\"  class=\"wpb_row vc_row-fluid vc_row full-width-section  top_padding_phone_15pct bottom_padding_phone_15pct\" data-using-ctc=\"true\" style=\"padding-top: calc(100vw * 0.07); padding-bottom: calc(100vw * 0.07); color: #000000; \"><div class=\"row-bg-wrap\" data-bg-animation=\"none\" data-bg-animation-delay=\"\" data-bg-overlay=\"false\"><div class=\"inner-wrap row-bg-layer\" ><div class=\"row-bg viewport-desktop\"  style=\"\"><\/div><\/div><\/div><div class=\"nectar-shape-divider-wrap\" style=\" height:50px;\"  data-height=\"50\" data-front=\"\" data-style=\"mountains\" data-position=\"bottom\" ><svg class=\"nectar-shape-divider\" fill=\"#e0fffb\" xmlns=\"http:\/\/www.w3.org\/2000\/svg\" viewbox=\"0 0 1000 300\" preserveaspectratio=\"none\">\n          <path d=\"M 1014 264 v 122 h -808 l -172 -86 s 310.42 -22.84 402 -79 c 106 -65 154 -61 268 -12 c 107 46 195.11 5.94 275 137 z\"><\/path>   <path d=\"M -302 55 s 235.27 208.25 352 159 c 128 -54 233 -98 303 -73 c 92.68 33.1 181.28 115.19 235 108 c 104.9 -14 176.52 -173.06 267 -118 c 85.61 52.09 145 123 145 123 v 74 l -1306 10 z\"><\/path>\n          <path d=\"M -286 255 s 214 -103 338 -129 s 203 29 384 101 c 145.57 57.91 178.7 50.79 272 0 c 79 -43 301 -224 385 -63 c 53 101.63 -62 129 -62 129 l -107 84 l -1212 12 z\"><\/path>\n          <path d=\"M -24 69 s 299.68 301.66 413 245 c 8 -4 233 2 284 42 c 17.47 13.7 172 -132 217 -174 c 54.8 -51.15 128 -90 188 -39 c 76.12 64.7 118 99 118 99 l -12 132 l -1212 12 z\"><\/path>\n          <path d=\"M -12 201 s 70 83 194 57 s 160.29 -36.77 274 6 c 109 41 184.82 24.36 265 -15 c 55 -27 116.5 -57.69 214 4 c 49 31 95 26 95 26 l -6 151 l -1036 10 z\"><\/path> <\/svg><\/div><div class=\"row_col_wrap_12 col span_12 custom left\">\n\t<div  class=\"vc_col-sm-12 wpb_column column_container vc_column_container col no-extra-padding inherit_tablet inherit_phone\"  data-padding-pos=\"all\" data-has-bg-color=\"false\" data-bg-color=\"\" data-bg-opacity=\"1\" data-animation=\"\" data-delay=\"0\" >\n\t\t<div class=\"vc_column-inner\" >\n\t\t\t<div class=\"wpb_wrapper\">\n\t\t\t\t<div id=\"fws_69dbd209dcfc6\" data-midnight=\"\" data-column-margin=\"none\" class=\"wpb_row vc_row-fluid vc_row inner_row\"  style=\"\"><div class=\"row-bg-wrap\"> <div class=\"row-bg\" ><\/div> <\/div><div class=\"row_col_wrap_12_inner col span_12  left\">\n\t<div  class=\"vc_col-sm-12 wpb_column column_container vc_column_container col child_column no-extra-padding inherit_tablet inherit_phone\"   data-padding-pos=\"all\" data-has-bg-color=\"false\" data-bg-color=\"\" data-bg-opacity=\"1\" data-animation=\"\" data-delay=\"0\" >\n\t\t<div class=\"vc_column-inner\" >\n\t\t<div class=\"wpb_wrapper\">\n\t\t\t<div class=\"nectar-responsive-text font_size_desktop_60px font_size_phone_40px font_line_height_1-2 nectar-link-underline-effect\" style=\"color: #00606e;\"><h2 style=\"text-align: center\">Cookie Policy<\/h2>\n<\/div>\n\t\t<\/div> \n\t<\/div>\n\t<\/div> \n<\/div><\/div><div id=\"fws_69dbd209dd88c\" data-midnight=\"\" data-column-margin=\"none\" class=\"wpb_row vc_row-fluid vc_row inner_row\"  style=\"padding-top: 10%; \"><div class=\"row-bg-wrap\"> <div class=\"row-bg\" ><\/div> <\/div><div class=\"row_col_wrap_12_inner col span_12  left\">\n\t<div style=\" color: #00606e;\" class=\"vc_col-sm-2 wpb_column column_container vc_column_container col child_column no-extra-padding inherit_tablet inherit_phone\" data-cfc=\"true\"  data-padding-pos=\"all\" data-has-bg-color=\"false\" data-bg-color=\"\" data-bg-opacity=\"1\" data-animation=\"\" data-delay=\"0\" >\n\t\t<div class=\"vc_column-inner\" >\n\t\t<div class=\"wpb_wrapper\">\n\t\t\t\n\t\t<\/div> \n\t<\/div>\n\t<\/div> \n\n\t<div  class=\"vc_col-sm-8 wpb_column column_container vc_column_container col child_column no-extra-padding inherit_tablet inherit_phone\"   data-padding-pos=\"all\" data-has-bg-color=\"false\" data-bg-color=\"\" data-bg-opacity=\"1\" data-animation=\"\" data-delay=\"0\" >\n\t\t<div class=\"vc_column-inner\" >\n\t\t<div class=\"wpb_wrapper\">\n\t\t\t<div class=\"nectar-responsive-text nectar-link-underline-effect\" style=\"color: #00606e;\"><p>COOKIE POLICY: MEET FOR BRANCH \u2013 MOBILE APPLICATION AND WEBSITE<\/p>\n<\/div><div class=\"divider-wrap\" data-alignment=\"default\"><div style=\"height: 40px;\" class=\"divider\"><\/div><\/div>\n<div class=\"wpb_text_column wpb_content_element\" >\n\t<div class=\"wpb_wrapper\">\n\t\t<h5 class=\"nectar-responsive-text nectar-link-underline-effect\">La pr\u00e9sente politique en mati\u00e8re de cookies explique comment Meet for Branch utilise des cookies et des technologies similaires pour vous reconna\u00eetre lorsque vous visitez nos sites web \u00e0 l&rsquo;adresse suivante <strong><a href=\"https:\/\/meetforbranch.com\/en\/\" target=\"_blank\" rel=\"noopener\">https:\/\/meetforbranch.com<\/a><\/strong>.<\/h5>\n<div class=\"wpb_text_column wpb_content_element\">\n<div class=\"wpb_wrapper\">\n<h5>It explains what these technologies are and why we use them, as well as your rights to control our use of them.<\/h5>\n<h5>Dans certains cas, nous pouvons utiliser des cookies pour collecter des informations personnelles, ou qui deviennent des informations personnelles si nous les combinons avec d&rsquo;autres informations.<\/h5>\n<h5><\/h5>\n<h5><strong>What are cookies?<\/strong><\/h5>\n<h5>Cookies are small data files that are placed on your computer or mobile device when you visit a website. Cookies are widely used by website owners in order to make their websites work, or to work more efficiently, as well as to provide reporting information.<\/h5>\n<h5>Les cookies d\u00e9finis par le propri\u00e9taire du site web (dans le cas pr\u00e9sent, Meet for Branch) sont appel\u00e9s \u00ab\u00a0cookies de premi\u00e8re partie\u00a0\u00bb. Les cookies d\u00e9finis par des parties autres que le propri\u00e9taire du site web sont appel\u00e9s \u00ab\u00a0cookies tiers\u00a0\u00bb.<\/h5>\n<h5>Les cookies de tiers permettent de fournir des caract\u00e9ristiques ou des fonctionnalit\u00e9s de tiers sur ou via le site web (par exemple, comme la publicit\u00e9, le contenu interactif et l&rsquo;analyse).<\/h5>\n<h5>Les parties qui d\u00e9finissent ces cookies tiers peuvent reconna\u00eetre votre ordinateur \u00e0 la fois lorsqu&rsquo;il visite le site web en question et lorsqu&rsquo;il visite certains autres sites web.<\/h5>\n<h5><\/h5>\n<h5><strong>Why do we use cookies?<\/strong><\/h5>\n<h5>Nous utilisons des cookies de premi\u00e8re et de troisi\u00e8me parties pour plusieurs raisons. Certains cookies sont n\u00e9cessaires pour des raisons techniques afin que nos sites Web puissent fonctionner, et nous les appelons des cookies \u00a0\u00bb essentiels \u00a0\u00bb ou \u00a0\u00bb strictement n\u00e9cessaires \u00ab\u00a0. D&rsquo;autres cookies nous permettent \u00e9galement de suivre et de cibler les int\u00e9r\u00eats de nos utilisateurs afin d&rsquo;am\u00e9liorer l&rsquo;exp\u00e9rience sur nos Propri\u00e9t\u00e9s en ligne.<\/h5>\n<h5>Third parties serve cookies through our Websites for advertising, analytics and other purposes. This is described in more detail below.<\/h5>\n<h5>Les types sp\u00e9cifiques de cookies de premi\u00e8re et de tierce partie servis par nos sites Web et les objectifs qu&rsquo;ils poursuivent sont d\u00e9crits ci-dessous (veuillez noter que les cookies sp\u00e9cifiques servis peuvent varier en fonction des propri\u00e9t\u00e9s en ligne sp\u00e9cifiques que vous visitez) :<\/h5>\n<h5><\/h5>\n<h5><strong>How can I control cookies?<\/strong><\/h5>\n<h5>Vous avez le droit de d\u00e9cider d&rsquo;accepter ou de refuser les cookies.<\/h5>\n<h5>You can exercise your cookie rights by setting your preferences in the Cookie Consent Manager. The Cookie Consent Manager allows you to select which categories of cookies you accept or reject.<\/h5>\n<h5>Essential cookies cannot be rejected as they are strictly necessary to provide you with services.<\/h5>\n<h5>The Cookie Consent Manager can be found in the notification banner and on our website. If you choose to reject cookies, you may still use our website though your access to some functionality and areas of our website may be restricted.<\/h5>\n<h5>You may also set or amend your web browser controls to accept or refuse cookies.<\/h5>\n<h5>Comme les moyens par lesquels vous pouvez refuser les cookies par le biais des commandes de votre navigateur web varient d&rsquo;un navigateur \u00e0 l&rsquo;autre, nous vous invitons \u00e0 consulter le menu d&rsquo;aide de votre navigateur pour plus d&rsquo;informations.<\/h5>\n<h5>In addition, most advertising networks offer you a way to opt out of targeted advertising. If you would like to find out more information, please visit:\u00a0<strong><a href=\"http:\/\/www.aboutads.info\/choices\/\" target=\"_blank\" rel=\"noopener\">http:\/\/www.aboutads.info\/choices\/<\/a><\/strong>\u00a0ou\u00a0<strong><a href=\"http:\/\/www.youronlinechoices.com.\/\" target=\"_blank\" rel=\"noopener\">http:\/\/www.youronlinechoices.com.<\/a><\/strong><\/h5>\n<h5>Les types sp\u00e9cifiques de cookies de premier et de tiers servis par le biais de nos sites Web et les objectifs qu&rsquo;ils poursuivent sont d\u00e9crits dans le tableau ci-dessous (veuillez noter que les cookies sp\u00e9cifiques servis peuvent varier en fonction des propri\u00e9t\u00e9s en ligne sp\u00e9cifiques que vous visitez) :<\/h5>\n<h5>Cookies d&rsquo;analyse et de personnalisation :<\/h5>\n<h5>Ces cookies collectent des informations qui sont utilis\u00e9es soit sous forme agr\u00e9g\u00e9e pour nous aider \u00e0 comprendre comment nos sites Web sont utilis\u00e9s ou quelle est l&rsquo;efficacit\u00e9 de nos campagnes de marketing, soit pour nous aider \u00e0 personnaliser nos sites Web pour vous.<\/h5>\n<table>\n<tbody>\n<tr>\n<td>\n<h5>Name:<\/h5>\n<\/td>\n<td>\n<h5>_ga_#<\/h5>\n<\/td>\n<\/tr>\n<tr>\n<td>\n<h5>Purpose:<\/h5>\n<\/td>\n<td>\n<h5>Used to distinguish individual users by means of designation of a randomly generated number as client identifier, which allows calculation of visits and sessions<\/h5>\n<\/td>\n<\/tr>\n<tr>\n<td>\n<h5>Provider:<\/h5>\n<\/td>\n<td>\n<h5>.meetforbranch.com<\/h5>\n<\/td>\n<\/tr>\n<tr>\n<td>\n<h5>Service:<\/h5>\n<\/td>\n<td>\n<h5>Google analytics\u00a0View Service Privacy Policy<\/h5>\n<\/td>\n<\/tr>\n<tr>\n<td>\n<h5>Country:<\/h5>\n<\/td>\n<td>\n<h5>United States<\/h5>\n<\/td>\n<\/tr>\n<tr>\n<td>\n<h5>Type:<\/h5>\n<\/td>\n<td>\n<h5>http_cookie<\/h5>\n<\/td>\n<\/tr>\n<tr>\n<td>\n<h5>Expires in:<\/h5>\n<\/td>\n<td>\n<h5>1 year 11 months 29 days<\/h5>\n<\/td>\n<\/tr>\n<\/tbody>\n<\/table>\n<h5><\/h5>\n<table>\n<tbody>\n<tr>\n<td>\n<h5>Name:<\/h5>\n<\/td>\n<td>\n<h5>_ga<\/h5>\n<\/td>\n<\/tr>\n<tr>\n<td>\n<h5>Purpose:<\/h5>\n<\/td>\n<td>\n<h5>It records a particular ID used to come up with data about website usage by the user. It is a HTTP cookie that expires after 2 years.<\/h5>\n<\/td>\n<\/tr>\n<tr>\n<td>\n<h5>Provider:<\/h5>\n<\/td>\n<td>\n<h5>.meetforbranch.com<\/h5>\n<\/td>\n<\/tr>\n<tr>\n<td>\n<h5>Service:<\/h5>\n<\/td>\n<td>\n<h5>Google Analytics\u00a0View Service Privacy Policy<\/h5>\n<\/td>\n<\/tr>\n<tr>\n<td>\n<h5>Country:<\/h5>\n<\/td>\n<td>\n<h5>United States<\/h5>\n<\/td>\n<\/tr>\n<tr>\n<td>\n<h5>Type:<\/h5>\n<\/td>\n<td>\n<h5>http_cookie<\/h5>\n<\/td>\n<\/tr>\n<tr>\n<td>\n<h5>Expires in:<\/h5>\n<\/td>\n<td>\n<h5>1 year 11 months 29 days<\/h5>\n<\/td>\n<\/tr>\n<\/tbody>\n<\/table>\n<h5><\/h5>\n<h5><strong>Qu&rsquo;en est-il des autres technologies de suivi, comme les balises web ?<\/strong><\/h5>\n<h5>Les cookies ne sont pas le seul moyen de reconna\u00eetre ou de suivre les visiteurs d&rsquo;un site web. Nous pouvons utiliser d&rsquo;autres technologies similaires de temps \u00e0 autre, comme les balises web (parfois appel\u00e9es \u00ab\u00a0pixels de suivi\u00a0\u00bb ou \u00ab\u00a0gifs invisibles\u00a0\u00bb).<\/h5>\n<h5>Il s&rsquo;agit de minuscules fichiers graphiques contenant un identifiant unique qui nous permet de reconna\u00eetre lorsqu&rsquo;une personne a visit\u00e9 nos sites Web ou ouvert un courriel les incluant.<\/h5>\n<h5>This allows us, for example:<\/h5>\n<h5>&#8211; pour surveiller les sch\u00e9mas de circulation des utilisateurs d&rsquo;une page \u00e0 l&rsquo;autre d&rsquo;un site web<\/h5>\n<h5>\u2013 to deliver or communicate with cookies<\/h5>\n<h5>&#8211; pour comprendre si vous \u00eates arriv\u00e9 sur le site web \u00e0 partir d&rsquo;une publicit\u00e9 en ligne affich\u00e9e sur le site web d&rsquo;un tiers<\/h5>\n<h5>\u2013 to improve site performance<\/h5>\n<h5>\u2013 to measure the success of e-mail marketing campaigns.<\/h5>\n<h5>In many instances, these technologies are reliant on cookies to function properly, and so declining cookies will impair their functioning.<\/h5>\n<h5><\/h5>\n<h5><strong>Do you use Flash cookies or Local Shared Objects?<\/strong><\/h5>\n<h5>Les sites web peuvent \u00e9galement utiliser des \u00ab\u00a0Flash Cookies\u00a0\u00bb (\u00e9galement connus sous le nom d&rsquo;objets locaux partag\u00e9s ou \u00ab\u00a0LSO\u00a0\u00bb) pour, entre autres, collecter et stocker des informations sur votre utilisation de nos services, pr\u00e9venir les fraudes et pour d&rsquo;autres op\u00e9rations du site.<\/h5>\n<h5>Si vous ne souhaitez pas que des cookies Flash soient stock\u00e9s sur votre ordinateur, vous pouvez ajuster les param\u00e8tres de votre lecteur Flash afin de bloquer le stockage des cookies Flash \u00e0 l&rsquo;aide des outils contenus dans la page\u00a0Website Storage Settings Panel.<\/h5>\n<h5>You can also control Flash Cookies by going to the Global Storage Settings Panel and following the instructions (which may include instructions that explain, for example:<\/h5>\n<h5>&#8211; comment supprimer les cookies Flash existants (appel\u00e9s \u00ab\u00a0informations\u00a0\u00bb sur le site de Macromedia)<\/h5>\n<h5>\u2013 how to prevent Flash LSOs from being placed on your computer without your being asked, and (for Flash Player 8 and later)<\/h5>\n<h5>&#8211; comment bloquer les cookies Flash qui ne sont pas d\u00e9livr\u00e9s par l&rsquo;op\u00e9rateur de la page sur laquelle vous vous trouvez \u00e0 ce moment-l\u00e0).<\/h5>\n<h5>Veuillez noter que le param\u00e9trage du lecteur Flash pour restreindre ou limiter l&rsquo;acceptation des cookies Flash peut r\u00e9duire ou entraver la fonctionnalit\u00e9 de certaines applications Flash, y compris, potentiellement, les applications Flash utilis\u00e9es en relation avec nos services ou notre contenu en ligne.<\/h5>\n<h5><\/h5>\n<h5><strong>Do you serve targeted advertising?<\/strong><\/h5>\n<h5>Third parties may serve cookies on your computer or mobile device to serve advertising through our Websites.<\/h5>\n<h5>Ces soci\u00e9t\u00e9s peuvent utiliser des informations sur vos visites sur ce site et sur d&rsquo;autres sites web afin de vous proposer des publicit\u00e9s pertinentes sur des biens et services susceptibles de vous int\u00e9resser.<\/h5>\n<h5>Ils peuvent \u00e9galement utiliser une technologie permettant de mesurer l&rsquo;efficacit\u00e9 des publicit\u00e9s.<\/h5>\n<h5>Pour ce faire, ils utilisent des cookies ou des balises web pour collecter des informations sur vos visites sur ce site et sur d&rsquo;autres sites afin de vous proposer des publicit\u00e9s pertinentes sur des biens et services susceptibles de vous int\u00e9resser.<\/h5>\n<h5>Les informations recueillies dans le cadre de ce processus ne nous permettent pas, ni \u00e0 eux, d&rsquo;identifier votre nom, vos coordonn\u00e9es ou d&rsquo;autres d\u00e9tails permettant de vous identifier directement, sauf si vous choisissez de les fournir.<\/h5>\n<h5><\/h5>\n<h5><strong>How often will you update this Cookie Policy?<\/strong><\/h5>\n<h5>Nous pouvons \u00eatre amen\u00e9s \u00e0 mettre \u00e0 jour cette politique de cookies de temps \u00e0 autre afin de refl\u00e9ter, par exemple, les modifications apport\u00e9es aux cookies que nous utilisons ou pour d&rsquo;autres raisons op\u00e9rationnelles, l\u00e9gales ou r\u00e9glementaires.<\/h5>\n<h5>Please therefore re-visit this Cookie Policy regularly to stay informed about our use of cookies and related technologies.The date at the top of this Cookie Policy indicates when it was last updated.<\/h5>\n<h5><strong>Where can I get further information?<\/strong><\/h5>\n<h5>Si vous avez des questions sur notre utilisation des cookies ou d&rsquo;autres technologies, veuillez nous envoyer un courriel \u00e0 l&rsquo;adresse suivante :<\/h5>\n<h5><strong>Meet for Branch SAS<\/strong><\/h5>\n<h5><b>Phone:\u00a0<a class=\"underline\" href=\"http:\/\/tel:%20%2033783619932\/\" target=\"_blank\" rel=\"noopener\">+33 7 83 61 99 32<\/a><\/b><\/h5>\n<h5><b>Email :\u00a0<a class=\"underline\" href=\"mailto:support@meetforbranch.com\" target=\"_blank\" rel=\"noopener\">support@meetforbranch.com<\/a><\/b><\/h5>\n<\/div>\n<\/div>\n\t<\/div>\n<\/div>\n\n\n\n\n\t\t<\/div> \n\t<\/div>\n\t<\/div> \n\n\t<div  class=\"vc_col-sm-2 wpb_column column_container vc_column_container col child_column no-extra-padding inherit_tablet inherit_phone\"   data-padding-pos=\"all\" data-has-bg-color=\"false\" data-bg-color=\"\" data-bg-opacity=\"1\" data-animation=\"\" data-delay=\"0\" >\n\t\t<div class=\"vc_column-inner\" >\n\t\t<div class=\"wpb_wrapper\">\n\t\t\t\n\t\t<\/div> \n\t<\/div>\n\t<\/div> \n<\/div><\/div>\n\t\t\t<\/div> \n\t\t<\/div>\n\t<\/div> \n<\/div><\/div>","protected":false},"excerpt":{"rendered":"Politique des cookies POLITIQUE DES COOKIES : MEET FOR BRANCH...","protected":false},"author":1,"featured_media":8477,"parent":0,"menu_order":0,"comment_status":"closed","ping_status":"closed","template":"","meta":{"footnotes":""},"class_list":["post-6261","page","type-page","status-publish","has-post-thumbnail"],"yoast_head":"<!-- This site is optimized with the Yoast SEO plugin v27.3 - https:\/\/yoast.com\/product\/yoast-seo-wordpress\/ -->\n<title>Cookies - Meet for Branch<\/title>\n<meta name=\"robots\" content=\"noindex, follow\" \/>\n<meta property=\"og:locale\" content=\"en_US\" \/>\n<meta property=\"og:type\" content=\"article\" \/>\n<meta property=\"og:title\" content=\"Cookies - Meet for Branch\" \/>\n<meta property=\"og:url\" content=\"https:\/\/meetforbranch.com\/en\/cookie-policy\/\" \/>\n<meta property=\"og:site_name\" content=\"Meet for Branch\" \/>\n<meta property=\"article:publisher\" content=\"https:\/\/www.facebook.com\/meetforbranch\" \/>\n<meta property=\"article:modified_time\" content=\"2025-05-28T08:06:10+00:00\" \/>\n<meta property=\"og:image\" content=\"https:\/\/meetforbranch.com\/wp-content\/uploads\/2022\/12\/Meet-for-Branch-square-logo-with-whote-text.webp\" \/>\n\t<meta property=\"og:image:width\" content=\"1080\" \/>\n\t<meta property=\"og:image:height\" content=\"1080\" \/>\n\t<meta property=\"og:image:type\" content=\"image\/webp\" \/>\n<meta name=\"twitter:card\" content=\"summary_large_image\" \/>\n<meta name=\"twitter:label1\" content=\"Est. reading time\" \/>\n\t<meta name=\"twitter:data1\" content=\"8 minutes\" \/>\n<script type=\"application\/ld+json\" class=\"yoast-schema-graph\">{\"@context\":\"https:\\\/\\\/schema.org\",\"@graph\":[{\"@type\":\"WebPage\",\"@id\":\"https:\\\/\\\/meetforbranch.com\\\/cookie-policy\\\/\",\"url\":\"https:\\\/\\\/meetforbranch.com\\\/cookie-policy\\\/\",\"name\":\"Cookies - Meet for Branch\",\"isPartOf\":{\"@id\":\"https:\\\/\\\/meetforbranch.com\\\/#website\"},\"primaryImageOfPage\":{\"@id\":\"https:\\\/\\\/meetforbranch.com\\\/cookie-policy\\\/#primaryimage\"},\"image\":{\"@id\":\"https:\\\/\\\/meetforbranch.com\\\/cookie-policy\\\/#primaryimage\"},\"thumbnailUrl\":\"https:\\\/\\\/meetforbranch.com\\\/wp-content\\\/uploads\\\/2022\\\/12\\\/Meet-for-Branch-square-logo-with-whote-text.webp\",\"datePublished\":\"2022-11-03T12:20:50+00:00\",\"dateModified\":\"2025-05-28T08:06:10+00:00\",\"inLanguage\":\"en-US\",\"potentialAction\":[{\"@type\":\"ReadAction\",\"target\":[\"https:\\\/\\\/meetforbranch.com\\\/cookie-policy\\\/\"]}]},{\"@type\":\"ImageObject\",\"inLanguage\":\"en-US\",\"@id\":\"https:\\\/\\\/meetforbranch.com\\\/cookie-policy\\\/#primaryimage\",\"url\":\"https:\\\/\\\/meetforbranch.com\\\/wp-content\\\/uploads\\\/2022\\\/12\\\/Meet-for-Branch-square-logo-with-whote-text.webp\",\"contentUrl\":\"https:\\\/\\\/meetforbranch.com\\\/wp-content\\\/uploads\\\/2022\\\/12\\\/Meet-for-Branch-square-logo-with-whote-text.webp\",\"width\":1080,\"height\":1080,\"caption\":\"Meet for Branch official logo\"},{\"@type\":\"WebSite\",\"@id\":\"https:\\\/\\\/meetforbranch.com\\\/#website\",\"url\":\"https:\\\/\\\/meetforbranch.com\\\/\",\"name\":\"Meet for Branch\",\"description\":\"Plantes \u00e0 donner et \u00e9changer via Meet for Branch \ud83e\udeb4\",\"potentialAction\":[{\"@type\":\"SearchAction\",\"target\":{\"@type\":\"EntryPoint\",\"urlTemplate\":\"https:\\\/\\\/meetforbranch.com\\\/?s={search_term_string}\"},\"query-input\":{\"@type\":\"PropertyValueSpecification\",\"valueRequired\":true,\"valueName\":\"search_term_string\"}}],\"inLanguage\":\"en-US\"}]}<\/script>\n<!-- \/ Yoast SEO plugin. -->","yoast_head_json":{"title":"Cookies - Meet for Branch","robots":{"index":"noindex","follow":"follow"},"og_locale":"en_US","og_type":"article","og_title":"Cookies - Meet for Branch","og_url":"https:\/\/meetforbranch.com\/en\/cookie-policy\/","og_site_name":"Meet for Branch","article_publisher":"https:\/\/www.facebook.com\/meetforbranch","article_modified_time":"2025-05-28T08:06:10+00:00","og_image":[{"width":1080,"height":1080,"url":"https:\/\/meetforbranch.com\/wp-content\/uploads\/2022\/12\/Meet-for-Branch-square-logo-with-whote-text.webp","type":"image\/webp"}],"twitter_card":"summary_large_image","twitter_misc":{"Est. reading time":"8 minutes"},"schema":{"@context":"https:\/\/schema.org","@graph":[{"@type":"WebPage","@id":"https:\/\/meetforbranch.com\/cookie-policy\/","url":"https:\/\/meetforbranch.com\/cookie-policy\/","name":"Cookies - Meet for Branch","isPartOf":{"@id":"https:\/\/meetforbranch.com\/#website"},"primaryImageOfPage":{"@id":"https:\/\/meetforbranch.com\/cookie-policy\/#primaryimage"},"image":{"@id":"https:\/\/meetforbranch.com\/cookie-policy\/#primaryimage"},"thumbnailUrl":"https:\/\/meetforbranch.com\/wp-content\/uploads\/2022\/12\/Meet-for-Branch-square-logo-with-whote-text.webp","datePublished":"2022-11-03T12:20:50+00:00","dateModified":"2025-05-28T08:06:10+00:00","inLanguage":"en-US","potentialAction":[{"@type":"ReadAction","target":["https:\/\/meetforbranch.com\/cookie-policy\/"]}]},{"@type":"ImageObject","inLanguage":"en-US","@id":"https:\/\/meetforbranch.com\/cookie-policy\/#primaryimage","url":"https:\/\/meetforbranch.com\/wp-content\/uploads\/2022\/12\/Meet-for-Branch-square-logo-with-whote-text.webp","contentUrl":"https:\/\/meetforbranch.com\/wp-content\/uploads\/2022\/12\/Meet-for-Branch-square-logo-with-whote-text.webp","width":1080,"height":1080,"caption":"Meet for Branch official logo"},{"@type":"WebSite","@id":"https:\/\/meetforbranch.com\/#website","url":"https:\/\/meetforbranch.com\/","name":"Meet for Branch","description":"Plantes \u00e0 donner et \u00e9changer via Meet for Branch \ud83e\udeb4","potentialAction":[{"@type":"SearchAction","target":{"@type":"EntryPoint","urlTemplate":"https:\/\/meetforbranch.com\/?s={search_term_string}"},"query-input":{"@type":"PropertyValueSpecification","valueRequired":true,"valueName":"search_term_string"}}],"inLanguage":"en-US"}]}},"_links":{"self":[{"href":"https:\/\/meetforbranch.com\/en\/wp-json\/wp\/v2\/pages\/6261","targetHints":{"allow":["GET"]}}],"collection":[{"href":"https:\/\/meetforbranch.com\/en\/wp-json\/wp\/v2\/pages"}],"about":[{"href":"https:\/\/meetforbranch.com\/en\/wp-json\/wp\/v2\/types\/page"}],"author":[{"embeddable":true,"href":"https:\/\/meetforbranch.com\/en\/wp-json\/wp\/v2\/users\/1"}],"replies":[{"embeddable":true,"href":"https:\/\/meetforbranch.com\/en\/wp-json\/wp\/v2\/comments?post=6261"}],"version-history":[{"count":20,"href":"https:\/\/meetforbranch.com\/en\/wp-json\/wp\/v2\/pages\/6261\/revisions"}],"predecessor-version":[{"id":13312,"href":"https:\/\/meetforbranch.com\/en\/wp-json\/wp\/v2\/pages\/6261\/revisions\/13312"}],"wp:featuredmedia":[{"embeddable":true,"href":"https:\/\/meetforbranch.com\/en\/wp-json\/wp\/v2\/media\/8477"}],"wp:attachment":[{"href":"https:\/\/meetforbranch.com\/en\/wp-json\/wp\/v2\/media?parent=6261"}],"curies":[{"name":"wp","href":"https:\/\/api.w.org\/{rel}","templated":true}]}}