{"id":12066,"date":"2024-07-21T11:25:16","date_gmt":"2024-07-21T11:25:16","guid":{"rendered":"https:\/\/meetforbranch.com\/?page_id=12066"},"modified":"2025-05-30T12:54:44","modified_gmt":"2025-05-30T12:54:44","slug":"blog-appli-verte-astuces-pour-plantes","status":"publish","type":"page","link":"https:\/\/meetforbranch.com\/fr\/blog-appli-verte-astuces-pour-plantes\/","title":{"rendered":"Le Blog de l&rsquo;Appli Verte &#8211; Astuces pour tes plantes"},"content":{"rendered":"\n\t\t<div id=\"fws_69cff9ca603a0\"  data-column-margin=\"none\" data-midnight=\"dark\" data-top-percent=\"7%\" data-bottom-percent=\"5%\"  class=\"wpb_row vc_row-fluid vc_row full-width-section vc_row-o-full-height vc_row-o-columns-middle vc_row-o-equal-height vc_row-flex\"  style=\"padding-top: calc(100vw * 0.07); padding-bottom: calc(100vw * 0.05); \"><div class=\"row-bg-wrap\" data-bg-animation=\"none\" data-bg-animation-delay=\"\" data-bg-overlay=\"true\"><div class=\"inner-wrap row-bg-layer\" ><div class=\"row-bg viewport-desktop\"  style=\"\"><\/div><\/div><div class=\"row-bg-overlay row-bg-layer\" style=\"background: #e0fffb; background: linear-gradient(to bottom,#e0fffb 0%,#41c1ba 100%);  opacity: 0.3; \"><\/div><\/div><div class=\"row_col_wrap_12 col span_12 dark left\">\n\t<div  class=\"vc_col-sm-12 wpb_column column_container vc_column_container col no-extra-padding inherit_tablet inherit_phone \"  data-padding-pos=\"all\" data-has-bg-color=\"false\" data-bg-color=\"\" data-bg-opacity=\"1\" data-animation=\"\" data-delay=\"0\" >\n\t\t<div class=\"vc_column-inner\" >\n\t\t\t<div class=\"wpb_wrapper\">\n\t\t\t\t<h1 style=\"color: #00606e;text-align: center\" class=\"vc_custom_heading\" >Le blog de l'Appli Verte<\/h1><div class=\"divider-wrap height_phone_50px \" data-alignment=\"default\"><div style=\"height: 100px;\" class=\"divider\"><\/div><\/div>\n<div class=\"wpb_text_column wpb_content_element \" >\n\t<div class=\"wpb_wrapper\">\n\t\t<h3 class=\"p1\">Bienvenue sur le blog de Meet for Branch, l&rsquo;appli verte de troc, vente, don de plantes, graines et accessoires !<\/h3>\n<p class=\"\" data-start=\"289\" data-end=\"448\">Tu es passionn\u00e9\u00b7e par les plantes ? Tu cherches des astuces pour plantes simples et efficaces pour entretenir ton jardin ou tes plantes d\u2019int\u00e9rieur ? Tu es au bon endroit !<\/p>\n<p class=\"\" data-start=\"450\" data-end=\"780\"><strong data-start=\"450\" data-end=\"478\">Le Blog de l\u2019Appli Verte<\/strong> est ton nouveau rendez-vous en ligne pour tout savoir sur l\u2019univers v\u00e9g\u00e9tal. Que tu sois jardinier\u00b7\u00e8re d\u00e9butant\u00b7e, amateur de plantes d\u2019int\u00e9rieur ou passionn\u00e9\u00b7e de permaculture, tu trouveras ici des conseils pratiques, des guides d\u00e9taill\u00e9s et des id\u00e9es inspirantes pour rendre ton quotidien plus vert.<\/p>\n<h3 class=\"p1\">Un blog pens\u00e9 pour les amoureux des plantes<\/h3>\n<p>Notre mission est simple : t\u2019aider \u00e0 prendre soin de tes plantes, qu\u2019elles soient dans ton salon, sur ton balcon ou dans ton potager. Gr\u00e2ce \u00e0 des articles clairs et faciles \u00e0 suivre, tu apprendras \u00e0 mieux conna\u00eetre les besoins de chaque plante, \u00e0 rep\u00e9rer les signes de carence ou de maladie, et \u00e0 adopter les bons gestes pour un entretien optimal.<\/p>\n\t<\/div>\n<\/div>\n\n\n\n<div class=\"divider-wrap height_phone_50px \" data-alignment=\"default\"><div style=\"height: 100px;\" class=\"divider\"><\/div><\/div>\n<div class=\"row\">\n\n <div class=\"post-area col featured_img_left span_12 col_last    \" data-ams=\"\" data-remove-post-date=\"1\" data-remove-post-author=\"1\" data-remove-post-comment-number=\"1\" data-remove-post-nectar-love=\"1\"> <div class=\"posts-container\" data-load-animation=\"none\">     \n     \n<article id=\"post-12771\" class=\"post-12771 post type-post status-publish format-standard has-post-thumbnail category-blog\">  \n  <div class=\"inner-wrap animated\">\n    <div class=\"post-content\">\n      <div class=\"article-content-wrap\">\n        <div class=\"post-featured-img-wrap\">\n          <a href=\"https:\/\/meetforbranch.com\/fr\/echange-de-plantes-entre-particuliers\/\" aria-label=\"\u00c9change de plantes entre particuliers\"><span class=\"post-featured-img\"><img fetchpriority=\"high\" class=\"nectar-lazy skip-lazy wp-post-image\" alt=\"\" height=\"768\" width=\"1366\" data-nectar-img-src=\"https:\/\/meetforbranch.com\/wp-content\/uploads\/2025\/04\/illustration-blog-1-900x600.webp\" data-nectar-img-srcset=\"\" sizes=\"(min-width: 690px) 40vw, 100vw\" \/><\/span><\/a>          \n        <\/div>\n        <div class=\"post-content-wrap\">\n          <a class=\"entire-meta-link\" href=\"https:\/\/meetforbranch.com\/fr\/echange-de-plantes-entre-particuliers\/\" aria-label=\"\u00c9change de plantes entre particuliers\"><\/a>\n          <span class=\"meta-category\"><a class=\"blog\" href=\"https:\/\/meetforbranch.com\/fr\/category\/blog\/\">Blog<\/a><\/span>          \n          <div class=\"post-header\">\n            <h3 class=\"title\"><a href=\"https:\/\/meetforbranch.com\/fr\/echange-de-plantes-entre-particuliers\/\"> \u00c9change de plantes entre particuliers<\/a><\/h3>\n          <\/div>\n          \n          <div class=\"excerpt\">Vous avez envie de verdure sans vous ruiner ? Essayez\u2026<\/div><div class=\"grav-wrap\"><a href=\"https:\/\/meetforbranch.com\/fr\/author\/claudetteavis\/\"><\/a><div class=\"text\"><a href=\"https:\/\/meetforbranch.com\/fr\/author\/claudetteavis\/\" rel=\"author\">Team Meet for Branch<\/a><span>21\/04\/2025<\/span><\/div><\/div>        <\/div>\n      <\/div>\n    <\/div>\n  <\/div>\n<\/article>     \n     \n<article id=\"post-12054\" class=\"post-12054 post type-post status-publish format-standard has-post-thumbnail category-blog\">  \n  <div class=\"inner-wrap animated\">\n    <div class=\"post-content\">\n      <div class=\"article-content-wrap\">\n        <div class=\"post-featured-img-wrap\">\n          <a href=\"https:\/\/meetforbranch.com\/fr\/plantes-dinterieur-pour-lete\/\" aria-label=\"Plantes d&rsquo;int\u00e9rieur pour L&rsquo;\u00e9t\u00e9\"><span class=\"post-featured-img\"><img class=\"nectar-lazy skip-lazy wp-post-image\" alt=\"Les Meilleures Plantes pour l\u2019\u00c9t\u00e9\" height=\"768\" width=\"1366\" data-nectar-img-src=\"https:\/\/meetforbranch.com\/wp-content\/uploads\/2024\/06\/blog-background-photos-1-900x600.png\" data-nectar-img-srcset=\"\" sizes=\"(min-width: 690px) 40vw, 100vw\" \/><\/span><\/a>          \n        <\/div>\n        <div class=\"post-content-wrap\">\n          <a class=\"entire-meta-link\" href=\"https:\/\/meetforbranch.com\/fr\/plantes-dinterieur-pour-lete\/\" aria-label=\"Plantes d&rsquo;int\u00e9rieur pour L&rsquo;\u00e9t\u00e9\"><\/a>\n          <span class=\"meta-category\"><a class=\"blog\" href=\"https:\/\/meetforbranch.com\/fr\/category\/blog\/\">Blog<\/a><\/span>          \n          <div class=\"post-header\">\n            <h3 class=\"title\"><a href=\"https:\/\/meetforbranch.com\/fr\/plantes-dinterieur-pour-lete\/\"> Plantes d&rsquo;int\u00e9rieur pour L&rsquo;\u00e9t\u00e9<\/a><\/h3>\n          <\/div>\n          \n          <div class=\"excerpt\">Plantes d'int\u00e9rieur pour l'\u00c9t\u00e9 par Chiren Bencharnia L'\u00e9t\u00e9 est enfin\u2026<\/div><div class=\"grav-wrap\"><a href=\"https:\/\/meetforbranch.com\/fr\/author\/claudetteavis\/\"><\/a><div class=\"text\"><a href=\"https:\/\/meetforbranch.com\/fr\/author\/claudetteavis\/\" rel=\"author\">Team Meet for Branch<\/a><span>12\/06\/2024<\/span><\/div><\/div>        <\/div>\n      <\/div>\n    <\/div>\n  <\/div>\n<\/article>     \n     \n<article id=\"post-11012\" class=\"post-11012 post type-post status-publish format-standard has-post-thumbnail category-blog\">  \n  <div class=\"inner-wrap animated\">\n    <div class=\"post-content\">\n      <div class=\"article-content-wrap\">\n        <div class=\"post-featured-img-wrap\">\n          <a href=\"https:\/\/meetforbranch.com\/fr\/the-language-of-plants\/\" aria-label=\"Le Langage des Plantes\"><span class=\"post-featured-img\"><img class=\"nectar-lazy skip-lazy wp-post-image\" alt=\"happy plant versus sad plant\" height=\"768\" width=\"1366\" data-nectar-img-src=\"https:\/\/meetforbranch.com\/wp-content\/uploads\/2024\/01\/happy-plant-versus-sad-plant-900x600.webp\" data-nectar-img-srcset=\"\" sizes=\"(min-width: 690px) 40vw, 100vw\" \/><\/span><\/a>          \n        <\/div>\n        <div class=\"post-content-wrap\">\n          <a class=\"entire-meta-link\" href=\"https:\/\/meetforbranch.com\/fr\/the-language-of-plants\/\" aria-label=\"Le Langage des Plantes\"><\/a>\n          <span class=\"meta-category\"><a class=\"blog\" href=\"https:\/\/meetforbranch.com\/fr\/category\/blog\/\">Blog<\/a><\/span>          \n          <div class=\"post-header\">\n            <h3 class=\"title\"><a href=\"https:\/\/meetforbranch.com\/fr\/the-language-of-plants\/\"> Le Langage des Plantes<\/a><\/h3>\n          <\/div>\n          \n          <div class=\"excerpt\">D\u00e9coder les Signes d'une Plante Heureuse vs une Plante en\u2026<\/div><div class=\"grav-wrap\"><a href=\"https:\/\/meetforbranch.com\/fr\/author\/claudetteavis\/\"><\/a><div class=\"text\"><a href=\"https:\/\/meetforbranch.com\/fr\/author\/claudetteavis\/\" rel=\"author\">Team Meet for Branch<\/a><span>24\/01\/2024<\/span><\/div><\/div>        <\/div>\n      <\/div>\n    <\/div>\n  <\/div>\n<\/article>     \n     \n<article id=\"post-10912\" class=\"post-10912 post type-post status-publish format-standard has-post-thumbnail category-blog tag-blog-winter\">  \n  <div class=\"inner-wrap animated\">\n    <div class=\"post-content\">\n      <div class=\"article-content-wrap\">\n        <div class=\"post-featured-img-wrap\">\n          <a href=\"https:\/\/meetforbranch.com\/fr\/ditch-the-pine\/\" aria-label=\"Dis Adieu au Sapin Traditionnel\"><span class=\"post-featured-img\"><img loading=\"lazy\" class=\"nectar-lazy skip-lazy wp-post-image\" alt=\"Pine tree background photo\" height=\"768\" width=\"1366\" data-nectar-img-src=\"https:\/\/meetforbranch.com\/wp-content\/uploads\/2023\/11\/pine-tree-900x600.webp\" data-nectar-img-srcset=\"\" sizes=\"(min-width: 690px) 40vw, 100vw\" \/><\/span><\/a>          \n        <\/div>\n        <div class=\"post-content-wrap\">\n          <a class=\"entire-meta-link\" href=\"https:\/\/meetforbranch.com\/fr\/ditch-the-pine\/\" aria-label=\"Dis Adieu au Sapin Traditionnel\"><\/a>\n          <span class=\"meta-category\"><a class=\"blog\" href=\"https:\/\/meetforbranch.com\/fr\/category\/blog\/\">Blog<\/a><\/span>          \n          <div class=\"post-header\">\n            <h3 class=\"title\"><a href=\"https:\/\/meetforbranch.com\/fr\/ditch-the-pine\/\"> Dis Adieu au Sapin Traditionnel<\/a><\/h3>\n          <\/div>\n          \n          <div class=\"excerpt\">Des Options V\u00e9g\u00e9tales et Cr\u00e9atives \u00e0 la Place du Sapin\u2026<\/div><div class=\"grav-wrap\"><a href=\"https:\/\/meetforbranch.com\/fr\/author\/claudetteavis\/\"><\/a><div class=\"text\"><a href=\"https:\/\/meetforbranch.com\/fr\/author\/claudetteavis\/\" rel=\"author\">Team Meet for Branch<\/a><span>30\/11\/2023<\/span><\/div><\/div>        <\/div>\n      <\/div>\n    <\/div>\n  <\/div>\n<\/article>     \n     \n<article id=\"post-10884\" class=\"post-10884 post type-post status-publish format-standard has-post-thumbnail category-blog tag-blog-winter\">  \n  <div class=\"inner-wrap animated\">\n    <div class=\"post-content\">\n      <div class=\"article-content-wrap\">\n        <div class=\"post-featured-img-wrap\">\n          <a href=\"https:\/\/meetforbranch.com\/fr\/winter-friendly-plants\/\" aria-label=\"Floraison en froide\"><span class=\"post-featured-img\"><img loading=\"lazy\" class=\"nectar-lazy skip-lazy wp-post-image\" alt=\"Winter Friendly Plants blog: Santa holding ZZ plant\" height=\"768\" width=\"1366\" data-nectar-img-src=\"https:\/\/meetforbranch.com\/wp-content\/uploads\/2023\/11\/santa-with-a-plant-900x600.webp\" data-nectar-img-srcset=\"\" sizes=\"(min-width: 690px) 40vw, 100vw\" \/><\/span><\/a>          \n        <\/div>\n        <div class=\"post-content-wrap\">\n          <a class=\"entire-meta-link\" href=\"https:\/\/meetforbranch.com\/fr\/winter-friendly-plants\/\" aria-label=\"Floraison en froide\"><\/a>\n          <span class=\"meta-category\"><a class=\"blog\" href=\"https:\/\/meetforbranch.com\/fr\/category\/blog\/\">Blog<\/a><\/span>          \n          <div class=\"post-header\">\n            <h3 class=\"title\"><a href=\"https:\/\/meetforbranch.com\/fr\/winter-friendly-plants\/\"> Floraison en froide<\/a><\/h3>\n          <\/div>\n          \n          <div class=\"excerpt\">7 Plantes Fabuleuses pour Dynamiser Ta Maison Cette Saison L'hiver,\u2026<\/div><div class=\"grav-wrap\"><a href=\"https:\/\/meetforbranch.com\/fr\/author\/claudetteavis\/\"><\/a><div class=\"text\"><a href=\"https:\/\/meetforbranch.com\/fr\/author\/claudetteavis\/\" rel=\"author\">Team Meet for Branch<\/a><span>29\/11\/2023<\/span><\/div><\/div>        <\/div>\n      <\/div>\n    <\/div>\n  <\/div>\n<\/article>     \n     \n<article id=\"post-10788\" class=\"post-10788 post type-post status-publish format-standard has-post-thumbnail category-blog tag-blog-winter\">  \n  <div class=\"inner-wrap animated\">\n    <div class=\"post-content\">\n      <div class=\"article-content-wrap\">\n        <div class=\"post-featured-img-wrap\">\n          <a href=\"https:\/\/meetforbranch.com\/fr\/winter-plant-care\/\" aria-label=\"Soins Des Plantes En Hiver\"><span class=\"post-featured-img\"><img loading=\"lazy\" class=\"nectar-lazy skip-lazy wp-post-image\" alt=\"Plant inside a winter jacket\" height=\"768\" width=\"1366\" data-nectar-img-src=\"https:\/\/meetforbranch.com\/wp-content\/uploads\/2023\/11\/winter-plant-care-900x600.webp\" data-nectar-img-srcset=\"\" sizes=\"(min-width: 690px) 40vw, 100vw\" \/><\/span><\/a>          \n        <\/div>\n        <div class=\"post-content-wrap\">\n          <a class=\"entire-meta-link\" href=\"https:\/\/meetforbranch.com\/fr\/winter-plant-care\/\" aria-label=\"Soins Des Plantes En Hiver\"><\/a>\n          <span class=\"meta-category\"><a class=\"blog\" href=\"https:\/\/meetforbranch.com\/fr\/category\/blog\/\">Blog<\/a><\/span>          \n          <div class=\"post-header\">\n            <h3 class=\"title\"><a href=\"https:\/\/meetforbranch.com\/fr\/winter-plant-care\/\"> Soins Des Plantes En Hiver<\/a><\/h3>\n          <\/div>\n          \n          <div class=\"excerpt\">Pas de Panique, Elles tiendront le Coup ! Chaque plante\u2026<\/div><div class=\"grav-wrap\"><a href=\"https:\/\/meetforbranch.com\/fr\/author\/claudetteavis\/\"><\/a><div class=\"text\"><a href=\"https:\/\/meetforbranch.com\/fr\/author\/claudetteavis\/\" rel=\"author\">Team Meet for Branch<\/a><span>26\/11\/2023<\/span><\/div><\/div>        <\/div>\n      <\/div>\n    <\/div>\n  <\/div>\n<\/article>     \n     \n<article id=\"post-10741\" class=\"post-10741 post type-post status-publish format-standard has-post-thumbnail category-blog tag-blog-winter\">  \n  <div class=\"inner-wrap animated\">\n    <div class=\"post-content\">\n      <div class=\"article-content-wrap\">\n        <div class=\"post-featured-img-wrap\">\n          <a href=\"https:\/\/meetforbranch.com\/fr\/prevention-des-ravageurs-plantes-interieurs\/\" aria-label=\"Anti-Parasite : Pr\u00e9vention Ravageurs\"><span class=\"post-featured-img\"><img loading=\"lazy\" class=\"nectar-lazy skip-lazy wp-post-image\" alt=\"Pr\u00e9vention des ravageurs pour plantes\" height=\"768\" width=\"1366\" data-nectar-img-src=\"https:\/\/meetforbranch.com\/wp-content\/uploads\/2023\/11\/man-fighting-plant-pests-900x600.webp\" data-nectar-img-srcset=\"\" sizes=\"(min-width: 690px) 40vw, 100vw\" \/><\/span><\/a>          \n        <\/div>\n        <div class=\"post-content-wrap\">\n          <a class=\"entire-meta-link\" href=\"https:\/\/meetforbranch.com\/fr\/prevention-des-ravageurs-plantes-interieurs\/\" aria-label=\"Anti-Parasite : Pr\u00e9vention Ravageurs\"><\/a>\n          <span class=\"meta-category\"><a class=\"blog\" href=\"https:\/\/meetforbranch.com\/fr\/category\/blog\/\">Blog<\/a><\/span>          \n          <div class=\"post-header\">\n            <h3 class=\"title\"><a href=\"https:\/\/meetforbranch.com\/fr\/prevention-des-ravageurs-plantes-interieurs\/\"> Anti-Parasite : Pr\u00e9vention Ravageurs<\/a><\/h3>\n          <\/div>\n          \n          <div class=\"excerpt\">L'hiver approche, et pendant que vous vous pr\u00e9parez \u00e0 affronter\u2026<\/div><div class=\"grav-wrap\"><a href=\"https:\/\/meetforbranch.com\/fr\/author\/claudetteavis\/\"><\/a><div class=\"text\"><a href=\"https:\/\/meetforbranch.com\/fr\/author\/claudetteavis\/\" rel=\"author\">Team Meet for Branch<\/a><span>26\/11\/2023<\/span><\/div><\/div>        <\/div>\n      <\/div>\n    <\/div>\n  <\/div>\n<\/article>    \n    <\/div><!--\/posts container-->\n    \n      \n<\/div><!--\/post area-->\n\n  \n\n<\/div>\n\n\n\t\t\t<\/div> \n\t\t<\/div>\n\t<\/div> \n<\/div><\/div>\n","protected":false},"excerpt":{"rendered":"Cet hiver, la strat\u00e9gie de pr\u00e9vention des ravageurs est essentielle...","protected":false},"author":1,"featured_media":0,"parent":0,"menu_order":0,"comment_status":"closed","ping_status":"closed","template":"","meta":{"footnotes":""},"class_list":["post-12066","page","type-page","status-publish"],"yoast_head":"<!-- This site is optimized with the Yoast SEO plugin v27.3 - https:\/\/yoast.com\/product\/yoast-seo-wordpress\/ -->\n<title>Le Blog de l&#039;Appli Verte - Astuces pour tes plantes - Meet for Branch<\/title>\n<meta name=\"description\" content=\"Ici, nous partageons nos meilleurs conseils pour rendre ton jardin ou ton int\u00e9rieur encore plus vert et beau. D\u00e9couvre des id\u00e9es simples\" \/>\n<meta name=\"robots\" content=\"index, follow, max-snippet:-1, max-image-preview:large, max-video-preview:-1\" \/>\n<link rel=\"canonical\" href=\"https:\/\/meetforbranch.com\/fr\/blog-appli-verte-astuces-pour-plantes\/\" \/>\n<meta property=\"og:locale\" content=\"fr_FR\" \/>\n<meta property=\"og:type\" content=\"article\" \/>\n<meta property=\"og:title\" content=\"Le Blog de l&#039;Appli Verte - Astuces pour tes plantes - Meet for Branch\" \/>\n<meta property=\"og:description\" content=\"Ici, nous partageons nos meilleurs conseils pour rendre ton jardin ou ton int\u00e9rieur encore plus vert et beau. D\u00e9couvre des id\u00e9es simples\" \/>\n<meta property=\"og:url\" content=\"https:\/\/meetforbranch.com\/fr\/blog-appli-verte-astuces-pour-plantes\/\" \/>\n<meta property=\"og:site_name\" content=\"Meet for Branch\" \/>\n<meta property=\"article:publisher\" content=\"https:\/\/www.facebook.com\/meetforbranch\" \/>\n<meta property=\"article:modified_time\" content=\"2025-05-30T12:54:44+00:00\" \/>\n<meta name=\"twitter:card\" content=\"summary_large_image\" \/>\n<meta name=\"twitter:label1\" content=\"Dur\u00e9e de lecture estim\u00e9e\" \/>\n\t<meta name=\"twitter:data1\" content=\"2 minutes\" \/>\n<script type=\"application\/ld+json\" class=\"yoast-schema-graph\">{\"@context\":\"https:\\\/\\\/schema.org\",\"@graph\":[{\"@type\":\"WebPage\",\"@id\":\"https:\\\/\\\/meetforbranch.com\\\/blog-appli-verte-astuces-pour-plantes\\\/\",\"url\":\"https:\\\/\\\/meetforbranch.com\\\/blog-appli-verte-astuces-pour-plantes\\\/\",\"name\":\"Le Blog de l'Appli Verte - Astuces pour tes plantes - Meet for Branch\",\"isPartOf\":{\"@id\":\"https:\\\/\\\/meetforbranch.com\\\/#website\"},\"datePublished\":\"2024-07-21T11:25:16+00:00\",\"dateModified\":\"2025-05-30T12:54:44+00:00\",\"description\":\"Ici, nous partageons nos meilleurs conseils pour rendre ton jardin ou ton int\u00e9rieur encore plus vert et beau. D\u00e9couvre des id\u00e9es simples\",\"inLanguage\":\"fr-FR\",\"potentialAction\":[{\"@type\":\"ReadAction\",\"target\":[\"https:\\\/\\\/meetforbranch.com\\\/blog-appli-verte-astuces-pour-plantes\\\/\"]}]},{\"@type\":\"WebSite\",\"@id\":\"https:\\\/\\\/meetforbranch.com\\\/#website\",\"url\":\"https:\\\/\\\/meetforbranch.com\\\/\",\"name\":\"Meet for Branch\",\"description\":\"Plantes \u00e0 donner et \u00e9changer via Meet for Branch \ud83e\udeb4\",\"potentialAction\":[{\"@type\":\"SearchAction\",\"target\":{\"@type\":\"EntryPoint\",\"urlTemplate\":\"https:\\\/\\\/meetforbranch.com\\\/?s={search_term_string}\"},\"query-input\":{\"@type\":\"PropertyValueSpecification\",\"valueRequired\":true,\"valueName\":\"search_term_string\"}}],\"inLanguage\":\"fr-FR\"}]}<\/script>\n<!-- \/ Yoast SEO plugin. -->","yoast_head_json":{"title":"Le Blog de l'Appli Verte - Astuces pour tes plantes - Meet for Branch","description":"Ici, nous partageons nos meilleurs conseils pour rendre ton jardin ou ton int\u00e9rieur encore plus vert et beau. D\u00e9couvre des id\u00e9es simples","robots":{"index":"index","follow":"follow","max-snippet":"max-snippet:-1","max-image-preview":"max-image-preview:large","max-video-preview":"max-video-preview:-1"},"canonical":"https:\/\/meetforbranch.com\/fr\/blog-appli-verte-astuces-pour-plantes\/","og_locale":"fr_FR","og_type":"article","og_title":"Le Blog de l'Appli Verte - Astuces pour tes plantes - Meet for Branch","og_description":"Ici, nous partageons nos meilleurs conseils pour rendre ton jardin ou ton int\u00e9rieur encore plus vert et beau. D\u00e9couvre des id\u00e9es simples","og_url":"https:\/\/meetforbranch.com\/fr\/blog-appli-verte-astuces-pour-plantes\/","og_site_name":"Meet for Branch","article_publisher":"https:\/\/www.facebook.com\/meetforbranch","article_modified_time":"2025-05-30T12:54:44+00:00","twitter_card":"summary_large_image","twitter_misc":{"Dur\u00e9e de lecture estim\u00e9e":"2 minutes"},"schema":{"@context":"https:\/\/schema.org","@graph":[{"@type":"WebPage","@id":"https:\/\/meetforbranch.com\/blog-appli-verte-astuces-pour-plantes\/","url":"https:\/\/meetforbranch.com\/blog-appli-verte-astuces-pour-plantes\/","name":"Le Blog de l'Appli Verte - Astuces pour tes plantes - Meet for Branch","isPartOf":{"@id":"https:\/\/meetforbranch.com\/#website"},"datePublished":"2024-07-21T11:25:16+00:00","dateModified":"2025-05-30T12:54:44+00:00","description":"Ici, nous partageons nos meilleurs conseils pour rendre ton jardin ou ton int\u00e9rieur encore plus vert et beau. D\u00e9couvre des id\u00e9es simples","inLanguage":"fr-FR","potentialAction":[{"@type":"ReadAction","target":["https:\/\/meetforbranch.com\/blog-appli-verte-astuces-pour-plantes\/"]}]},{"@type":"WebSite","@id":"https:\/\/meetforbranch.com\/#website","url":"https:\/\/meetforbranch.com\/","name":"Meet for Branch","description":"Plantes \u00e0 donner et \u00e9changer via Meet for Branch \ud83e\udeb4","potentialAction":[{"@type":"SearchAction","target":{"@type":"EntryPoint","urlTemplate":"https:\/\/meetforbranch.com\/?s={search_term_string}"},"query-input":{"@type":"PropertyValueSpecification","valueRequired":true,"valueName":"search_term_string"}}],"inLanguage":"fr-FR"}]}},"_links":{"self":[{"href":"https:\/\/meetforbranch.com\/fr\/wp-json\/wp\/v2\/pages\/12066","targetHints":{"allow":["GET"]}}],"collection":[{"href":"https:\/\/meetforbranch.com\/fr\/wp-json\/wp\/v2\/pages"}],"about":[{"href":"https:\/\/meetforbranch.com\/fr\/wp-json\/wp\/v2\/types\/page"}],"author":[{"embeddable":true,"href":"https:\/\/meetforbranch.com\/fr\/wp-json\/wp\/v2\/users\/1"}],"replies":[{"embeddable":true,"href":"https:\/\/meetforbranch.com\/fr\/wp-json\/wp\/v2\/comments?post=12066"}],"version-history":[{"count":20,"href":"https:\/\/meetforbranch.com\/fr\/wp-json\/wp\/v2\/pages\/12066\/revisions"}],"predecessor-version":[{"id":13386,"href":"https:\/\/meetforbranch.com\/fr\/wp-json\/wp\/v2\/pages\/12066\/revisions\/13386"}],"wp:attachment":[{"href":"https:\/\/meetforbranch.com\/fr\/wp-json\/wp\/v2\/media?parent=12066"}],"curies":[{"name":"wp","href":"https:\/\/api.w.org\/{rel}","templated":true}]}}