{"id":12219,"date":"2024-07-25T09:56:42","date_gmt":"2024-07-25T09:56:42","guid":{"rendered":"https:\/\/meetforbranch.com\/?page_id=12219"},"modified":"2025-05-30T12:49:01","modified_gmt":"2025-05-30T12:49:01","slug":"offres-de-stage","status":"publish","type":"page","link":"https:\/\/meetforbranch.com\/fr\/offres-de-stage\/","title":{"rendered":"Offres de Stage"},"content":{"rendered":"\n\t\t<div id=\"fws_69cffbbe5715e\"  data-column-margin=\"none\" data-midnight=\"custom\" data-top-percent=\"5%\" data-bottom-percent=\"5%\"  class=\"wpb_row vc_row-fluid vc_row full-width-section  top_padding_phone_15pct bottom_padding_phone_15pct\"  style=\"padding-top: calc(100vw * 0.05); padding-bottom: calc(100vw * 0.05); \"><div class=\"row-bg-wrap\" data-bg-animation=\"none\" data-bg-animation-delay=\"\" data-bg-overlay=\"true\"><div class=\"inner-wrap row-bg-layer\" ><div class=\"row-bg viewport-desktop\"  style=\"\"><\/div><\/div><div class=\"row-bg-overlay row-bg-layer\" style=\"background: #e0fffb; background: linear-gradient(to bottom,#e0fffb 0%,#41c1ba 100%);  opacity: 0.3; \"><\/div><\/div><div class=\"row_col_wrap_12 col span_12 custom left\">\n\t<div  class=\"vc_col-sm-12 wpb_column column_container vc_column_container col padding-1-percent el_spacing_0px inherit_tablet inherit_phone \"  data-padding-pos=\"left-right\" data-has-bg-color=\"false\" data-bg-color=\"\" data-bg-opacity=\"1\" data-animation=\"\" data-delay=\"0\" >\n\t\t<div class=\"vc_column-inner\" >\n\t\t\t<div class=\"wpb_wrapper\">\n\t\t\t\t<div class=\"nectar-responsive-text font_size_desktop_60px font_size_phone_40px font_line_height_1-2 nectar-link-underline-effect\" style=\"color: #00606e;\"><h1 style=\"text-align: center\">Offres de Stage<\/h1>\n<\/div><div id=\"fws_69cffbbe575d2\" data-midnight=\"\" data-column-margin=\"none\" class=\"wpb_row vc_row-fluid vc_row inner_row vc_row-o-equal-height vc_row-flex vc_row-o-content-top\"  style=\"padding-top: 5%; \"><div class=\"row-bg-wrap\"> <div class=\"row-bg\" ><\/div> <\/div><div class=\"row_col_wrap_12_inner col span_12  center\">\n\t<div  class=\"vc_col-sm-12 wpb_column column_container vc_column_container col child_column no-extra-padding inherit_tablet inherit_phone \"   data-padding-pos=\"all\" data-has-bg-color=\"false\" data-bg-color=\"\" data-bg-opacity=\"1\" data-animation=\"\" data-delay=\"0\" >\n\t\t<div class=\"vc_column-inner\" >\n\t\t<div class=\"wpb_wrapper\">\n\t\t\t<div class=\"divider-wrap\" data-alignment=\"default\"><div style=\"height: 50px;\" class=\"divider\"><\/div><\/div>\n<div class=\"wpb_text_column wpb_content_element \" >\n\t<div class=\"wpb_wrapper\">\n\t\t<p style=\"text-align: justify;\" data-start=\"112\" data-end=\"279\">Nous accueillons des stagiaires motiv\u00e9s au sein de notre startup. Rejoignez-nous pour d\u00e9velopper vos comp\u00e9tences et enrichir votre exp\u00e9rience. Vous cherchez un environnement de travail flexible, o\u00f9 vos id\u00e9es et votre cr\u00e9ativit\u00e9 ont un r\u00e9el impact ? T\u00e9l\u00e9travail et mode hybride possibles. Chez Meet for Branch, la diversit\u00e9 et l\u2019inclusion sont au c\u0153ur de notre culture. Envoyez vos CV \u00e0 <a class=\"cursor-pointer\" rel=\"noopener\" data-start=\"525\" data-end=\"553\">hr@meetforbranch.com<\/a>. Nous serons ravis de d\u00e9couvrir vos profils !<\/p>\n\t<\/div>\n<\/div>\n\n\n\n\n\t\t<\/div> \n\t<\/div>\n\t<\/div> \n<\/div><\/div><div id=\"fws_69cffbbe57920\" data-midnight=\"\" data-column-margin=\"default\" class=\"wpb_row vc_row-fluid vc_row inner_row\"  style=\"padding-top: 5%; \"><div class=\"row-bg-wrap\"> <div class=\"row-bg\" ><\/div> <\/div><div class=\"row_col_wrap_12_inner col span_12  left\">\n\t<div  class=\"vc_col-sm-12 wpb_column column_container vc_column_container col child_column no-extra-padding inherit_tablet inherit_phone \"   data-padding-pos=\"all\" data-has-bg-color=\"false\" data-bg-color=\"\" data-bg-opacity=\"1\" data-animation=\"\" data-delay=\"0\" >\n\t\t<div class=\"vc_column-inner\" >\n\t\t<div class=\"wpb_wrapper\">\n\t\t\t<div class=\"divider-wrap\" data-alignment=\"default\"><div style=\"margin-top: 12.5px; height: 3px; margin-bottom: 12.5px;\" data-width=\"100%\" data-animate=\"\" data-animation-delay=\"\" data-color=\"default\" class=\"divider-border\"><\/div><\/div><div class=\"nectar-responsive-text font_size_min_18px font_size_max_20px font_size_desktop_1-1vw font_line_height_2px nectar-link-underline-effect\"><p class=\"p1\"><div class=\"su-accordion su-u-trim\"><\/div><div class=\"su-spoiler su-spoiler-style-default su-spoiler-icon-plus su-spoiler-closed\" data-scroll-offset=\"0\" data-anchor-in-url=\"no\"><div class=\"su-spoiler-title\" tabindex=\"0\" role=\"button\"><span class=\"su-spoiler-icon\"><\/span>Stagiaire Community Manager<\/div><div class=\"su-spoiler-content su-u-clearfix su-u-trim\"><\/p>\n<p><strong>Stage conventionn\u00e9 de 2 mois \u2013 Community Manager\u00a0<\/strong><\/p>\n<p>Nous recherchons un(e) Community Manager pour dynamiser notre pr\u00e9sence sur Facebook, Instagram, TikTok et LinkedIn !<\/p>\n<p>Si tu es passionn\u00e9(e) par la cr\u00e9ation de contenu captivant, toujours \u00e0 l\u2019aff\u00fbt des derni\u00e8res tendances, et que tu sais m\u00ealer culture pop et humour avec flair, tu pourrais \u00eatre la personne que nous recherchons.<\/p>\n<p><strong>Ce qu\u2019on attend de toi :<\/strong><\/p>\n<ul class=\"ul1\">\n<li class=\"li1\">Cr\u00e9er du contenu qui refl\u00e8te le ton et la personnalit\u00e9 de notre marque.<\/li>\n<li class=\"li1\">Enrichir notre communaut\u00e9 de passionn\u00e9s de plantes avec des publications pertinentes.<\/li>\n<li class=\"li1\">Adapter aux \u00e9volutions des algorithmes des plateformes des r\u00e9seaux sociaux.<\/li>\n<li class=\"li1\">Int\u00e9grer des r\u00e9f\u00e9rences culturelles pop et de l\u2019humour dans notre contenu.<\/li>\n<li class=\"li1\">Suivre les tendances tout en ajoutant ta touche cr\u00e9ative.<\/li>\n<li class=\"li1\">Cr\u00e9er des visuels styl\u00e9s avec Canva et avoir de bonnes comp\u00e9tences en design graphique.<\/li>\n<li class=\"li1\">Participer aux shootings photo et vid\u00e9o.<\/li>\n<li class=\"li1\">R\u00e9aliser des montages vid\u00e9o avec CapCut.<\/li>\n<li class=\"li1\">Un portfolio ou des exemples de tes cr\u00e9ations pass\u00e9es sont un plus.<\/li>\n<\/ul>\n<p>&nbsp;<\/p>\n<p><strong>Qualifications<\/strong><\/p>\n<ul>\n<li>Tu es \u00e9tudiant(e) ou en formation dans le marketing digital, le marketing, les communications ou un domaine similaire, et tu peux fournir une convention de stage de ton \u00e9cole, universit\u00e9 ou organisme de formation.<\/li>\n<li>Tu recherches un stage de 2 mois maximum. Ce stage est non r\u00e9mun\u00e9r\u00e9.<\/li>\n<li>Tu as de l\u2019exp\u00e9rience dans la gestion des r\u00e9seaux sociaux comme Facebook, Instagram, TikTok et LinkedIn, que ce soit lors de stages, d&#8217;emplois ou m\u00eame avec ton propre compte.<\/li>\n<li>Tu ma\u00eetrises les outils de cr\u00e9ation de contenu, notamment Canva (niveau avanc\u00e9) pour les visuels et CapCut pour le montage vid\u00e9o.<\/li>\n<li>Tu es OK pour travailler \u00e0 distance (si ton \u00e9cole le permet), ou si tu es \u00e0 Lille, France, tu es aussi ouvert(e) au mode hybride : t\u00e9l\u00e9travail avec 1 \u00e0 2 jours par semaine pour des r\u00e9unions ou des s\u00e9ances photo\/vid\u00e9o en personne.<\/li>\n<li>Tu es \u00e0 l\u2019aise pour travailler avec une tr\u00e8s petite \u00e9quipe en \u00e9troite collaboration.<\/li>\n<li>Si tu es passionn\u00e9(e) par les plantes, c\u2019est un plus !<\/li>\n<\/ul>\n<p class=\"p1\"><\/div><\/div>\n<\/div><div class=\"divider-wrap\" data-alignment=\"default\"><div style=\"margin-top: 12.5px; height: 3px; margin-bottom: 12.5px;\" data-width=\"100%\" data-animate=\"\" data-animation-delay=\"\" data-color=\"default\" class=\"divider-border\"><\/div><\/div><div class=\"nectar-responsive-text font_size_min_18px font_size_max_20px font_size_desktop_1-1vw font_line_height_2px nectar-link-underline-effect\"><div class=\"su-accordion su-u-trim\"><\/div><div class=\"su-spoiler su-spoiler-style-default su-spoiler-icon-plus su-spoiler-closed\" data-scroll-offset=\"0\" data-anchor-in-url=\"no\"><div class=\"su-spoiler-title\" tabindex=\"0\" role=\"button\"><span class=\"su-spoiler-icon\"><\/span>Stagiaire UX\/UI Designer<\/div><div class=\"su-spoiler-content su-u-clearfix su-u-trim\"><\/p>\n<p class=\"p1\"><strong>Stage conventionn\u00e9 de 2 mois &#8211; Designer UX\/UI\u00a0<\/strong><\/p>\n<div class=\"flex max-w-full flex-col flex-grow\">\n<div class=\"min-h-&#091;20px&#093; text-message flex w-full flex-col items-end gap-2 whitespace-pre-wrap break-words &#091;.text-message+&amp;&#093;:mt-5 overflow-x-auto\" dir=\"auto\" data-message-author-role=\"assistant\" data-message-id=\"e14e98f0-033c-458f-83c6-8d6cdd3f0ac4\">\n<div class=\"flex w-full flex-col gap-1 empty:hidden first:pt-&#091;3px&#093;\">\n<div class=\"markdown prose w-full break-words dark:prose-invert dark\">\n<p>Si tu aimes le design et l\u2019innovation, nous avons une opportunit\u00e9 pour toi ! Nous cherchons un(e) Designer UX\/UI cr\u00e9atif(ve) et motiv\u00e9(e). Tu pourras travailler sur des projets passionnants qui am\u00e9lioreront directement l\u2019exp\u00e9rience et les interfaces de notre application mobile.<\/p>\n<p>Tu nous aideras \u00e0 cr\u00e9er des maquettes, des prototypes, et des designs qui correspondent \u00e0 notre marque et qui r\u00e9pondent aux besoins des utilisateurs.<\/p>\n<p>&nbsp;<\/p>\n<\/div>\n<\/div>\n<\/div>\n<\/div>\n<p class=\"p1\"><strong>Qualifications<\/strong><\/p>\n<ul>\n<li class=\"p1\">Actuellement en cours de poursuite d\u2019un dipl\u00f4me ou d\u2019un certificat en Design UX\/UI.<\/li>\n<li class=\"p1\">Solide compr\u00e9hension des principes et des meilleures pratiques de l\u2019UX.<\/li>\n<li class=\"p1\">Ma\u00eetrise de Figma pour le design et bonne connaissance des outils de collaboration comme Jira.<\/li>\n<li class=\"p1\">Exp\u00e9rience dans la cr\u00e9ation de wireframes, de flux utilisateurs et de prototypes.<\/li>\n<li class=\"p1\">Connaissance des directives et des tendances en conception d\u2019applications mobiles.<\/li>\n<li class=\"p1\">Excellentes comp\u00e9tences en design visuel avec un souci du d\u00e9tail.<\/li>\n<li class=\"p1\">Capacit\u00e9 \u00e0 travailler de mani\u00e8re autonome et \u00e0 respecter les d\u00e9lais.<\/li>\n<li class=\"p1\">\u00c0 l\u2019aise dans une petite \u00e9quipe avec une collaboration \u00e9troite.<\/li>\n<li class=\"p1\">Passion pour les plantes et la durabilit\u00e9 est un plus. <span class=\"s1\">\ud83d\udc9a<\/span><\/li>\n<\/ul>\n<p><\/div><\/div>\n<\/div><div class=\"divider-wrap\" data-alignment=\"default\"><div style=\"margin-top: 12.5px; height: 3px; margin-bottom: 12.5px;\" data-width=\"100%\" data-animate=\"\" data-animation-delay=\"\" data-color=\"default\" class=\"divider-border\"><\/div><\/div><div class=\"nectar-responsive-text font_size_min_18px font_size_max_20px font_size_desktop_1-1vw font_line_height_2px nectar-link-underline-effect\"><div class=\"su-accordion su-u-trim\"><\/div><div class=\"su-spoiler su-spoiler-style-default su-spoiler-icon-plus su-spoiler-closed\" data-scroll-offset=\"0\" data-anchor-in-url=\"no\"><div class=\"su-spoiler-title\" tabindex=\"0\" role=\"button\"><span class=\"su-spoiler-icon\"><\/span>Stagiaire Business Developer<\/div><div class=\"su-spoiler-content su-u-clearfix su-u-trim\"><\/p>\n<p class=\"p1\"><strong>Stage conventionn\u00e9 de 2 mois &#8211; Business Developer<\/strong><\/p>\n<div class=\"flex max-w-full flex-col flex-grow\">\n<div class=\"min-h-&#091;20px&#093; text-message flex w-full flex-col items-end gap-2 whitespace-pre-wrap break-words &#091;.text-message+&amp;&#093;:mt-5 overflow-x-auto\" dir=\"auto\" data-message-author-role=\"assistant\" data-message-id=\"e14e98f0-033c-458f-83c6-8d6cdd3f0ac4\">\n<div class=\"flex w-full flex-col gap-1 empty:hidden first:pt-&#091;3px&#093;\">\n<div class=\"markdown prose w-full break-words dark:prose-invert dark\">\n<div id=\"about-job\" class=\"sc-beqWaB aNQZS\">\n<div class=\"EditorContent-sc-2db2ee7e-0 ilEXuK\">\n<div class=\"sc-hLseeU eFIfeu\">\n<ul>\n<li>D\u00e9veloppement de la communaut\u00e9 : Mettre en \u0153uvre des strat\u00e9gies pour \u00e9largir notre base d\u2019utilisateurs, les fid\u00e9liser et dynamiser notre communaut\u00e9 autour de l&rsquo;application.<\/li>\n<li>Partenariats : Identifier, \u00e9tablir et g\u00e9rer des partenariats strat\u00e9giques avec des entreprises, organisations ou influenceurs afin d\u2019augmenter notre visibilit\u00e9 et notre port\u00e9e.<\/li>\n<li>Ambassadeurs : Rechercher et recruter des ambassadeurs enthousiastes pour promouvoir notre application et engager notre communaut\u00e9.<\/li>\n<\/ul>\n<\/div>\n<\/div>\n<\/div>\n<p>&nbsp;<\/p>\n<\/div>\n<\/div>\n<\/div>\n<\/div>\n<p class=\"p1\"><strong>Qualifications<\/strong><\/p>\n<ul>\n<li>\u00c9tudiant(e) en marketing, commerce, d\u00e9veloppement commercial ou dans un domaine connexe, \u00e0 la recherche d&rsquo;un stage de 2 mois maximum, avec une convention de stage de l&rsquo;\u00e9cole ou de l&rsquo;organisme de formation. Ce stage est non r\u00e9mun\u00e9r\u00e9.<\/li>\n<li>Exp\u00e9rience dans le d\u00e9veloppement commercial, la gestion de partenariats ou le marketing, de pr\u00e9f\u00e9rence dans le secteur des applications, des technologies ou d&rsquo;un domaine connexe.<\/li>\n<li>Excellentes comp\u00e9tences en communication et n\u00e9gociation.<\/li>\n<li>Capacit\u00e9 \u00e0 \u00e9laborer et \u00e0 mettre en \u0153uvre des strat\u00e9gies de croissance efficaces.<\/li>\n<li>Esprit entrepreneurial, cr\u00e9atif et proactif.<\/li>\n<\/ul>\n<p><\/div><\/div>\n<\/div><div class=\"divider-wrap\" data-alignment=\"default\"><div style=\"margin-top: 12.5px; height: 3px; margin-bottom: 12.5px;\" data-width=\"100%\" data-animate=\"\" data-animation-delay=\"\" data-color=\"default\" class=\"divider-border\"><\/div><\/div>\n\t\t<\/div> \n\t<\/div>\n\t<\/div> \n<\/div><\/div>\n\t\t\t<\/div> \n\t\t<\/div>\n\t<\/div> \n<\/div><\/div>\n","protected":false},"excerpt":{"rendered":"Offres de Stage Nous accueillons des stagiaires motiv\u00e9s au sein...","protected":false},"author":1,"featured_media":0,"parent":0,"menu_order":0,"comment_status":"closed","ping_status":"closed","template":"","meta":{"footnotes":""},"class_list":["post-12219","page","type-page","status-publish"],"yoast_head":"<!-- This site is optimized with the Yoast SEO plugin v27.3 - https:\/\/yoast.com\/product\/yoast-seo-wordpress\/ -->\n<title>Offres de Stage - Meet for Branch<\/title>\n<meta name=\"robots\" content=\"index, follow, max-snippet:-1, max-image-preview:large, max-video-preview:-1\" \/>\n<link rel=\"canonical\" href=\"https:\/\/meetforbranch.com\/fr\/offres-de-stage\/\" \/>\n<meta property=\"og:locale\" content=\"fr_FR\" \/>\n<meta property=\"og:type\" content=\"article\" \/>\n<meta property=\"og:title\" content=\"Offres de Stage - Meet for Branch\" \/>\n<meta property=\"og:url\" content=\"https:\/\/meetforbranch.com\/fr\/offres-de-stage\/\" \/>\n<meta property=\"og:site_name\" content=\"Meet for Branch\" \/>\n<meta property=\"article:publisher\" content=\"https:\/\/www.facebook.com\/meetforbranch\" \/>\n<meta property=\"article:modified_time\" content=\"2025-05-30T12:49:01+00:00\" \/>\n<meta name=\"twitter:card\" content=\"summary_large_image\" \/>\n<meta name=\"twitter:label1\" content=\"Dur\u00e9e de lecture estim\u00e9e\" \/>\n\t<meta name=\"twitter:data1\" content=\"5 minutes\" \/>\n<script type=\"application\/ld+json\" class=\"yoast-schema-graph\">{\"@context\":\"https:\\\/\\\/schema.org\",\"@graph\":[{\"@type\":\"WebPage\",\"@id\":\"https:\\\/\\\/meetforbranch.com\\\/offres-de-stage\\\/\",\"url\":\"https:\\\/\\\/meetforbranch.com\\\/offres-de-stage\\\/\",\"name\":\"Offres de Stage - Meet for Branch\",\"isPartOf\":{\"@id\":\"https:\\\/\\\/meetforbranch.com\\\/#website\"},\"datePublished\":\"2024-07-25T09:56:42+00:00\",\"dateModified\":\"2025-05-30T12:49:01+00:00\",\"inLanguage\":\"fr-FR\",\"potentialAction\":[{\"@type\":\"ReadAction\",\"target\":[\"https:\\\/\\\/meetforbranch.com\\\/offres-de-stage\\\/\"]}]},{\"@type\":\"WebSite\",\"@id\":\"https:\\\/\\\/meetforbranch.com\\\/#website\",\"url\":\"https:\\\/\\\/meetforbranch.com\\\/\",\"name\":\"Meet for Branch\",\"description\":\"Plantes \u00e0 donner et \u00e9changer via Meet for Branch \ud83e\udeb4\",\"potentialAction\":[{\"@type\":\"SearchAction\",\"target\":{\"@type\":\"EntryPoint\",\"urlTemplate\":\"https:\\\/\\\/meetforbranch.com\\\/?s={search_term_string}\"},\"query-input\":{\"@type\":\"PropertyValueSpecification\",\"valueRequired\":true,\"valueName\":\"search_term_string\"}}],\"inLanguage\":\"fr-FR\"}]}<\/script>\n<!-- \/ Yoast SEO plugin. -->","yoast_head_json":{"title":"Offres de Stage - Meet for Branch","robots":{"index":"index","follow":"follow","max-snippet":"max-snippet:-1","max-image-preview":"max-image-preview:large","max-video-preview":"max-video-preview:-1"},"canonical":"https:\/\/meetforbranch.com\/fr\/offres-de-stage\/","og_locale":"fr_FR","og_type":"article","og_title":"Offres de Stage - Meet for Branch","og_url":"https:\/\/meetforbranch.com\/fr\/offres-de-stage\/","og_site_name":"Meet for Branch","article_publisher":"https:\/\/www.facebook.com\/meetforbranch","article_modified_time":"2025-05-30T12:49:01+00:00","twitter_card":"summary_large_image","twitter_misc":{"Dur\u00e9e de lecture estim\u00e9e":"5 minutes"},"schema":{"@context":"https:\/\/schema.org","@graph":[{"@type":"WebPage","@id":"https:\/\/meetforbranch.com\/offres-de-stage\/","url":"https:\/\/meetforbranch.com\/offres-de-stage\/","name":"Offres de Stage - Meet for Branch","isPartOf":{"@id":"https:\/\/meetforbranch.com\/#website"},"datePublished":"2024-07-25T09:56:42+00:00","dateModified":"2025-05-30T12:49:01+00:00","inLanguage":"fr-FR","potentialAction":[{"@type":"ReadAction","target":["https:\/\/meetforbranch.com\/offres-de-stage\/"]}]},{"@type":"WebSite","@id":"https:\/\/meetforbranch.com\/#website","url":"https:\/\/meetforbranch.com\/","name":"Meet for Branch","description":"Plantes \u00e0 donner et \u00e9changer via Meet for Branch \ud83e\udeb4","potentialAction":[{"@type":"SearchAction","target":{"@type":"EntryPoint","urlTemplate":"https:\/\/meetforbranch.com\/?s={search_term_string}"},"query-input":{"@type":"PropertyValueSpecification","valueRequired":true,"valueName":"search_term_string"}}],"inLanguage":"fr-FR"}]}},"_links":{"self":[{"href":"https:\/\/meetforbranch.com\/fr\/wp-json\/wp\/v2\/pages\/12219","targetHints":{"allow":["GET"]}}],"collection":[{"href":"https:\/\/meetforbranch.com\/fr\/wp-json\/wp\/v2\/pages"}],"about":[{"href":"https:\/\/meetforbranch.com\/fr\/wp-json\/wp\/v2\/types\/page"}],"author":[{"embeddable":true,"href":"https:\/\/meetforbranch.com\/fr\/wp-json\/wp\/v2\/users\/1"}],"replies":[{"embeddable":true,"href":"https:\/\/meetforbranch.com\/fr\/wp-json\/wp\/v2\/comments?post=12219"}],"version-history":[{"count":87,"href":"https:\/\/meetforbranch.com\/fr\/wp-json\/wp\/v2\/pages\/12219\/revisions"}],"predecessor-version":[{"id":13381,"href":"https:\/\/meetforbranch.com\/fr\/wp-json\/wp\/v2\/pages\/12219\/revisions\/13381"}],"wp:attachment":[{"href":"https:\/\/meetforbranch.com\/fr\/wp-json\/wp\/v2\/media?parent=12219"}],"curies":[{"name":"wp","href":"https:\/\/api.w.org\/{rel}","templated":true}]}}