{"id":6015,"date":"2022-11-01T14:44:59","date_gmt":"2022-11-01T14:44:59","guid":{"rendered":"https:\/\/meetforbranch.com\/?page_id=6015"},"modified":"2025-05-30T12:46:42","modified_gmt":"2025-05-30T12:46:42","slug":"contactez-nous","status":"publish","type":"page","link":"https:\/\/meetforbranch.com\/fr\/contactez-nous\/","title":{"rendered":"Contactez-Nous"},"content":{"rendered":"\n\t\t<div id=\"fws_69eb053e69d85\"  data-column-margin=\"none\" data-midnight=\"custom\" data-top-percent=\"7%\" data-bottom-percent=\"7%\"  class=\"wpb_row vc_row-fluid vc_row full-width-section  top_padding_phone_15pct bottom_padding_phone_15pct\"  style=\"padding-top: calc(100vw * 0.07); padding-bottom: calc(100vw * 0.07); \"><div class=\"row-bg-wrap\" data-bg-animation=\"none\" data-bg-animation-delay=\"\" data-bg-overlay=\"true\"><div class=\"inner-wrap row-bg-layer\" ><div class=\"row-bg viewport-desktop\"  style=\"\"><\/div><\/div><div class=\"row-bg-overlay row-bg-layer\" style=\"background: #e0fffb; background: linear-gradient(to bottom,#e0fffb 0%,#41c1ba 100%);  opacity: 0.3; \"><\/div><\/div><div class=\"row_col_wrap_12 col span_12 custom left\">\n\t<div  class=\"vc_col-sm-12 wpb_column column_container vc_column_container col padding-1-percent el_spacing_0px inherit_tablet inherit_phone \"  data-padding-pos=\"left-right\" data-has-bg-color=\"false\" data-bg-color=\"\" data-bg-opacity=\"1\" data-animation=\"\" data-delay=\"0\" >\n\t\t<div class=\"vc_column-inner\" >\n\t\t\t<div class=\"wpb_wrapper\">\n\t\t\t\t<div class=\"nectar-responsive-text font_size_desktop_60px font_size_phone_40px nectar-link-underline-effect\" style=\"color: #00606e;\"><h1 style=\"text-align: center\">Contactez-nous<\/h1>\n<\/div><div class=\"divider-wrap height_phone_50px \" data-alignment=\"default\"><div style=\"height: 70px;\" class=\"divider\"><\/div><\/div>\n<div class=\"wpb_text_column wpb_content_element \" >\n\t<div class=\"wpb_wrapper\">\n\t\t<h4 style=\"text-align: justify;\">Vous avez une question, une demande ou souhaitez collaborer avec nous ? N\u2019h\u00e9sitez pas \u00e0 nous contacter. Vous pouvez \u00e9galement nous \u00e9crire \u00e0 l\u2019adresse suivante : <a class=\"cursor-pointer\" rel=\"noopener\" data-start=\"247\" data-end=\"272\">contact@meetforbranch.com. <\/a>Nous serons ravis de vous lire et de vous r\u00e9pondre dans les plus brefs d\u00e9lais.<\/h4>\n\t<\/div>\n<\/div>\n\n\n\n<div id=\"fws_69eb053e6a184\" data-midnight=\"\" data-column-margin=\"default\" class=\"wpb_row vc_row-fluid vc_row inner_row\"  style=\"padding-top: 3%; \"><div class=\"row-bg-wrap\"> <div class=\"row-bg\" ><\/div> <\/div><div class=\"row_col_wrap_12_inner col span_12  left\">\n\t<div  class=\"vc_col-sm-2 wpb_column column_container vc_column_container col child_column no-extra-padding inherit_tablet inherit_phone \"   data-padding-pos=\"all\" data-has-bg-color=\"false\" data-bg-color=\"\" data-bg-opacity=\"1\" data-animation=\"\" data-delay=\"0\" >\n\t\t<div class=\"vc_column-inner\" >\n\t\t<div class=\"wpb_wrapper\">\n\t\t\t\n\t\t<\/div> \n\t<\/div>\n\t<\/div> \n\n\t<div  class=\"vc_col-sm-8 wpb_column column_container vc_column_container col child_column no-extra-padding inherit_tablet inherit_phone \"   data-padding-pos=\"all\" data-has-bg-color=\"false\" data-bg-color=\"\" data-bg-opacity=\"1\" data-animation=\"\" data-delay=\"0\" >\n\t\t<div class=\"vc_column-inner\" >\n\t\t<div class=\"wpb_wrapper\">\n\t\t\t\n<div class=\"wpb_text_column wpb_content_element \" >\n\t<div class=\"wpb_wrapper\">\n\t\t<div class=\"wpforms-container wpforms-container-full\" id=\"wpforms-6018\"><form id=\"wpforms-form-6018\" class=\"wpforms-validate wpforms-form wpforms-ajax-form\" data-formid=\"6018\" method=\"post\" enctype=\"multipart\/form-data\" action=\"\/fr\/wp-json\/wp\/v2\/pages\/6015\" data-token=\"4b43e981637a9ef26506d91e6d7405e1\" data-token-time=\"1777009982\"><noscript class=\"wpforms-error-noscript\">Veuillez activer JavaScript dans votre navigateur pour remplir ce formulaire.<\/noscript><div class=\"wpforms-field-container\"><div id=\"wpforms-6018-field_0-container\" class=\"wpforms-field wpforms-field-name\" data-field-id=\"0\"><label class=\"wpforms-field-label\" for=\"wpforms-6018-field_0\">Nom <span class=\"wpforms-required-label\">*<\/span><\/label><input type=\"text\" id=\"wpforms-6018-field_0\" class=\"wpforms-field-large wpforms-field-required\" name=\"wpforms[fields][0]\" required><\/div><div id=\"wpforms-6018-field_1-container\" class=\"wpforms-field wpforms-field-email\" data-field-id=\"1\"><label class=\"wpforms-field-label\" for=\"wpforms-6018-field_1\">Email <span class=\"wpforms-required-label\">*<\/span><\/label><input type=\"email\" id=\"wpforms-6018-field_1\" class=\"wpforms-field-large wpforms-field-required\" name=\"wpforms[fields][1]\" spellcheck=\"false\" required><\/div><div id=\"wpforms-6018-field_5-container\" class=\"wpforms-field wpforms-field-text\" data-field-id=\"5\"><label class=\"wpforms-field-label\" for=\"wpforms-6018-field_5\">Objet <span class=\"wpforms-required-label\">*<\/span><\/label><input type=\"text\" id=\"wpforms-6018-field_5\" class=\"wpforms-field-large wpforms-field-required\" name=\"wpforms[fields][5]\" required><\/div><div id=\"wpforms-6018-field_2-container\" class=\"wpforms-field wpforms-field-textarea\" data-field-id=\"2\"><label class=\"wpforms-field-label\" for=\"wpforms-6018-field_2\">Message <span class=\"wpforms-required-label\">*<\/span><\/label><textarea id=\"wpforms-6018-field_2\" class=\"wpforms-field-medium wpforms-field-required\" name=\"wpforms[fields][2]\" required><\/textarea><\/div><\/div><!-- .wpforms-field-container --><div class=\"wpforms-submit-container\" ><input type=\"hidden\" name=\"wpforms[id]\" value=\"6018\"><input type=\"hidden\" name=\"page_title\" value=\"\"><input type=\"hidden\" name=\"page_url\" value=\"https:\/\/meetforbranch.com\/fr\/wp-json\/wp\/v2\/pages\/6015\"><input type=\"hidden\" name=\"url_referer\" value=\"\"><button type=\"submit\" name=\"wpforms[submit]\" id=\"wpforms-submit-6018\" class=\"wpforms-submit\" data-alt-text=\"Sending...\" data-submit-text=\"ENVOYER\" aria-live=\"assertive\" value=\"wpforms-submit\">ENVOYER<\/button><img decoding=\"async\" src=\"https:\/\/meetforbranch.com\/wp-content\/plugins\/wpforms-lite\/assets\/images\/submit-spin.svg\" class=\"wpforms-submit-spinner\" style=\"display: none;\" width=\"26\" height=\"26\" alt=\"Chargement en cours\"><\/div><\/form><\/div>  <!-- .wpforms-container -->\n\t<\/div>\n<\/div>\n\n\n\n\n\t\t<\/div> \n\t<\/div>\n\t<\/div> \n\n\t<div  class=\"vc_col-sm-2 wpb_column column_container vc_column_container col child_column no-extra-padding inherit_tablet inherit_phone \"   data-padding-pos=\"all\" data-has-bg-color=\"false\" data-bg-color=\"\" data-bg-opacity=\"1\" data-animation=\"\" data-delay=\"0\" >\n\t\t<div class=\"vc_column-inner\" >\n\t\t<div class=\"wpb_wrapper\">\n\t\t\t\n\t\t<\/div> \n\t<\/div>\n\t<\/div> \n<\/div><\/div>\n\t\t\t<\/div> \n\t\t<\/div>\n\t<\/div> \n<\/div><\/div>\n","protected":false},"excerpt":{"rendered":"Contactez-nous Vous avez une question, une demande ou souhaitez collaborer...","protected":false},"author":1,"featured_media":8477,"parent":0,"menu_order":0,"comment_status":"closed","ping_status":"closed","template":"","meta":{"footnotes":""},"class_list":["post-6015","page","type-page","status-publish","has-post-thumbnail"],"yoast_head":"<!-- This site is optimized with the Yoast SEO plugin v27.4 - https:\/\/yoast.com\/product\/yoast-seo-wordpress\/ -->\n<title>Contactez-Nous - Meet for Branch<\/title>\n<meta name=\"robots\" content=\"index, follow, max-snippet:-1, max-image-preview:large, max-video-preview:-1\" \/>\n<link rel=\"canonical\" href=\"https:\/\/meetforbranch.com\/fr\/contactez-nous\/\" \/>\n<meta property=\"og:locale\" content=\"fr_FR\" \/>\n<meta property=\"og:type\" content=\"article\" \/>\n<meta property=\"og:title\" content=\"Contactez-Nous - Meet for Branch\" \/>\n<meta property=\"og:url\" content=\"https:\/\/meetforbranch.com\/fr\/contactez-nous\/\" \/>\n<meta property=\"og:site_name\" content=\"Meet for Branch\" \/>\n<meta property=\"article:publisher\" content=\"https:\/\/www.facebook.com\/meetforbranch\" \/>\n<meta property=\"article:modified_time\" content=\"2025-05-30T12:46:42+00:00\" \/>\n<meta property=\"og:image\" content=\"https:\/\/meetforbranch.com\/wp-content\/uploads\/2022\/12\/Meet-for-Branch-square-logo-with-whote-text.webp\" \/>\n\t<meta property=\"og:image:width\" content=\"1080\" \/>\n\t<meta property=\"og:image:height\" content=\"1080\" \/>\n\t<meta property=\"og:image:type\" content=\"image\/webp\" \/>\n<meta name=\"twitter:card\" content=\"summary_large_image\" \/>\n<meta name=\"twitter:label1\" content=\"Dur\u00e9e de lecture estim\u00e9e\" \/>\n\t<meta name=\"twitter:data1\" content=\"2 minutes\" \/>\n<script type=\"application\/ld+json\" class=\"yoast-schema-graph\">{\"@context\":\"https:\\\/\\\/schema.org\",\"@graph\":[{\"@type\":\"WebPage\",\"@id\":\"https:\\\/\\\/meetforbranch.com\\\/contactez-nous\\\/\",\"url\":\"https:\\\/\\\/meetforbranch.com\\\/contactez-nous\\\/\",\"name\":\"Contactez-Nous - Meet for Branch\",\"isPartOf\":{\"@id\":\"https:\\\/\\\/meetforbranch.com\\\/#website\"},\"primaryImageOfPage\":{\"@id\":\"https:\\\/\\\/meetforbranch.com\\\/contactez-nous\\\/#primaryimage\"},\"image\":{\"@id\":\"https:\\\/\\\/meetforbranch.com\\\/contactez-nous\\\/#primaryimage\"},\"thumbnailUrl\":\"https:\\\/\\\/meetforbranch.com\\\/wp-content\\\/uploads\\\/2022\\\/12\\\/Meet-for-Branch-square-logo-with-whote-text.webp\",\"datePublished\":\"2022-11-01T14:44:59+00:00\",\"dateModified\":\"2025-05-30T12:46:42+00:00\",\"inLanguage\":\"fr-FR\",\"potentialAction\":[{\"@type\":\"ReadAction\",\"target\":[\"https:\\\/\\\/meetforbranch.com\\\/contactez-nous\\\/\"]}]},{\"@type\":\"ImageObject\",\"inLanguage\":\"fr-FR\",\"@id\":\"https:\\\/\\\/meetforbranch.com\\\/contactez-nous\\\/#primaryimage\",\"url\":\"https:\\\/\\\/meetforbranch.com\\\/wp-content\\\/uploads\\\/2022\\\/12\\\/Meet-for-Branch-square-logo-with-whote-text.webp\",\"contentUrl\":\"https:\\\/\\\/meetforbranch.com\\\/wp-content\\\/uploads\\\/2022\\\/12\\\/Meet-for-Branch-square-logo-with-whote-text.webp\",\"width\":1080,\"height\":1080,\"caption\":\"Meet for Branch official logo\"},{\"@type\":\"WebSite\",\"@id\":\"https:\\\/\\\/meetforbranch.com\\\/#website\",\"url\":\"https:\\\/\\\/meetforbranch.com\\\/\",\"name\":\"Meet for Branch\",\"description\":\"Plantes \u00e0 donner et \u00e9changer via Meet for Branch \ud83e\udeb4\",\"potentialAction\":[{\"@type\":\"SearchAction\",\"target\":{\"@type\":\"EntryPoint\",\"urlTemplate\":\"https:\\\/\\\/meetforbranch.com\\\/?s={search_term_string}\"},\"query-input\":{\"@type\":\"PropertyValueSpecification\",\"valueRequired\":true,\"valueName\":\"search_term_string\"}}],\"inLanguage\":\"fr-FR\"}]}<\/script>\n<!-- \/ Yoast SEO plugin. -->","yoast_head_json":{"title":"Contactez-Nous - Meet for Branch","robots":{"index":"index","follow":"follow","max-snippet":"max-snippet:-1","max-image-preview":"max-image-preview:large","max-video-preview":"max-video-preview:-1"},"canonical":"https:\/\/meetforbranch.com\/fr\/contactez-nous\/","og_locale":"fr_FR","og_type":"article","og_title":"Contactez-Nous - Meet for Branch","og_url":"https:\/\/meetforbranch.com\/fr\/contactez-nous\/","og_site_name":"Meet for Branch","article_publisher":"https:\/\/www.facebook.com\/meetforbranch","article_modified_time":"2025-05-30T12:46:42+00:00","og_image":[{"width":1080,"height":1080,"url":"https:\/\/meetforbranch.com\/wp-content\/uploads\/2022\/12\/Meet-for-Branch-square-logo-with-whote-text.webp","type":"image\/webp"}],"twitter_card":"summary_large_image","twitter_misc":{"Dur\u00e9e de lecture estim\u00e9e":"2 minutes"},"schema":{"@context":"https:\/\/schema.org","@graph":[{"@type":"WebPage","@id":"https:\/\/meetforbranch.com\/contactez-nous\/","url":"https:\/\/meetforbranch.com\/contactez-nous\/","name":"Contactez-Nous - Meet for Branch","isPartOf":{"@id":"https:\/\/meetforbranch.com\/#website"},"primaryImageOfPage":{"@id":"https:\/\/meetforbranch.com\/contactez-nous\/#primaryimage"},"image":{"@id":"https:\/\/meetforbranch.com\/contactez-nous\/#primaryimage"},"thumbnailUrl":"https:\/\/meetforbranch.com\/wp-content\/uploads\/2022\/12\/Meet-for-Branch-square-logo-with-whote-text.webp","datePublished":"2022-11-01T14:44:59+00:00","dateModified":"2025-05-30T12:46:42+00:00","inLanguage":"fr-FR","potentialAction":[{"@type":"ReadAction","target":["https:\/\/meetforbranch.com\/contactez-nous\/"]}]},{"@type":"ImageObject","inLanguage":"fr-FR","@id":"https:\/\/meetforbranch.com\/contactez-nous\/#primaryimage","url":"https:\/\/meetforbranch.com\/wp-content\/uploads\/2022\/12\/Meet-for-Branch-square-logo-with-whote-text.webp","contentUrl":"https:\/\/meetforbranch.com\/wp-content\/uploads\/2022\/12\/Meet-for-Branch-square-logo-with-whote-text.webp","width":1080,"height":1080,"caption":"Meet for Branch official logo"},{"@type":"WebSite","@id":"https:\/\/meetforbranch.com\/#website","url":"https:\/\/meetforbranch.com\/","name":"Meet for Branch","description":"Plantes \u00e0 donner et \u00e9changer via Meet for Branch \ud83e\udeb4","potentialAction":[{"@type":"SearchAction","target":{"@type":"EntryPoint","urlTemplate":"https:\/\/meetforbranch.com\/?s={search_term_string}"},"query-input":{"@type":"PropertyValueSpecification","valueRequired":true,"valueName":"search_term_string"}}],"inLanguage":"fr-FR"}]}},"_links":{"self":[{"href":"https:\/\/meetforbranch.com\/fr\/wp-json\/wp\/v2\/pages\/6015","targetHints":{"allow":["GET"]}}],"collection":[{"href":"https:\/\/meetforbranch.com\/fr\/wp-json\/wp\/v2\/pages"}],"about":[{"href":"https:\/\/meetforbranch.com\/fr\/wp-json\/wp\/v2\/types\/page"}],"author":[{"embeddable":true,"href":"https:\/\/meetforbranch.com\/fr\/wp-json\/wp\/v2\/users\/1"}],"replies":[{"embeddable":true,"href":"https:\/\/meetforbranch.com\/fr\/wp-json\/wp\/v2\/comments?post=6015"}],"version-history":[{"count":46,"href":"https:\/\/meetforbranch.com\/fr\/wp-json\/wp\/v2\/pages\/6015\/revisions"}],"predecessor-version":[{"id":13380,"href":"https:\/\/meetforbranch.com\/fr\/wp-json\/wp\/v2\/pages\/6015\/revisions\/13380"}],"wp:featuredmedia":[{"embeddable":true,"href":"https:\/\/meetforbranch.com\/fr\/wp-json\/wp\/v2\/media\/8477"}],"wp:attachment":[{"href":"https:\/\/meetforbranch.com\/fr\/wp-json\/wp\/v2\/media?parent=6015"}],"curies":[{"name":"wp","href":"https:\/\/api.w.org\/{rel}","templated":true}]}}