{"id":6293,"date":"2022-11-03T13:16:50","date_gmt":"2022-11-03T13:16:50","guid":{"rendered":"https:\/\/meetforbranch.com\/?page_id=6293"},"modified":"2025-05-28T08:12:11","modified_gmt":"2025-05-28T08:12:11","slug":"legal-information","status":"publish","type":"page","link":"https:\/\/meetforbranch.com\/fr\/legal-information\/","title":{"rendered":"Mentions L\u00e9gales"},"content":{"rendered":"\n\t\t<div id=\"fws_69cffb8e632e3\"  data-column-margin=\"none\" data-midnight=\"dark\" data-top-percent=\"7%\" data-bottom-percent=\"7%\"  class=\"wpb_row vc_row-fluid vc_row full-width-section  top_padding_phone_15pct bottom_padding_phone_15pct\" data-using-ctc=\"true\" style=\"padding-top: calc(100vw * 0.07); padding-bottom: calc(100vw * 0.07); color: #000000; \"><div class=\"row-bg-wrap\" data-bg-animation=\"none\" data-bg-animation-delay=\"\" data-bg-overlay=\"false\"><div class=\"inner-wrap row-bg-layer\" ><div class=\"row-bg viewport-desktop\"  style=\"\"><\/div><\/div><\/div><div class=\"nectar-shape-divider-wrap \" style=\" height:50px;\"  data-height=\"50\" data-front=\"\" data-style=\"mountains\" data-position=\"bottom\" ><svg class=\"nectar-shape-divider\" fill=\"#e0fffb\" xmlns=\"http:\/\/www.w3.org\/2000\/svg\" viewBox=\"0 0 1000 300\" preserveAspectRatio=\"none\">\n          <path d=\"M 1014 264 v 122 h -808 l -172 -86 s 310.42 -22.84 402 -79 c 106 -65 154 -61 268 -12 c 107 46 195.11 5.94 275 137 z\"><\/path>   <path d=\"M -302 55 s 235.27 208.25 352 159 c 128 -54 233 -98 303 -73 c 92.68 33.1 181.28 115.19 235 108 c 104.9 -14 176.52 -173.06 267 -118 c 85.61 52.09 145 123 145 123 v 74 l -1306 10 z\"><\/path>\n          <path d=\"M -286 255 s 214 -103 338 -129 s 203 29 384 101 c 145.57 57.91 178.7 50.79 272 0 c 79 -43 301 -224 385 -63 c 53 101.63 -62 129 -62 129 l -107 84 l -1212 12 z\"><\/path>\n          <path d=\"M -24 69 s 299.68 301.66 413 245 c 8 -4 233 2 284 42 c 17.47 13.7 172 -132 217 -174 c 54.8 -51.15 128 -90 188 -39 c 76.12 64.7 118 99 118 99 l -12 132 l -1212 12 z\"><\/path>\n          <path d=\"M -12 201 s 70 83 194 57 s 160.29 -36.77 274 6 c 109 41 184.82 24.36 265 -15 c 55 -27 116.5 -57.69 214 4 c 49 31 95 26 95 26 l -6 151 l -1036 10 z\"><\/path> <\/svg><\/div><div class=\"row_col_wrap_12 col span_12 custom left\">\n\t<div  class=\"vc_col-sm-12 wpb_column column_container vc_column_container col no-extra-padding inherit_tablet inherit_phone \"  data-padding-pos=\"all\" data-has-bg-color=\"false\" data-bg-color=\"\" data-bg-opacity=\"1\" data-animation=\"\" data-delay=\"0\" >\n\t\t<div class=\"vc_column-inner\" >\n\t\t\t<div class=\"wpb_wrapper\">\n\t\t\t\t<div id=\"fws_69cffb8e634e8\" data-midnight=\"\" data-column-margin=\"none\" class=\"wpb_row vc_row-fluid vc_row inner_row\"  style=\"\"><div class=\"row-bg-wrap\"> <div class=\"row-bg\" ><\/div> <\/div><div class=\"row_col_wrap_12_inner col span_12  left\">\n\t<div  class=\"vc_col-sm-12 wpb_column column_container vc_column_container col child_column no-extra-padding inherit_tablet inherit_phone \"   data-padding-pos=\"all\" data-has-bg-color=\"false\" data-bg-color=\"\" data-bg-opacity=\"1\" data-animation=\"\" data-delay=\"0\" >\n\t\t<div class=\"vc_column-inner\" >\n\t\t<div class=\"wpb_wrapper\">\n\t\t\t<div class=\"nectar-responsive-text font_size_desktop_60px font_size_phone_40px font_line_height_1-2 nectar-link-underline-effect\" style=\"color: #00606e;\"><h2 style=\"text-align: center\">Mentions L\u00e9gales<\/h2>\n<\/div>\n\t\t<\/div> \n\t<\/div>\n\t<\/div> \n<\/div><\/div><div id=\"fws_69cffb8e6374c\" data-midnight=\"\" data-column-margin=\"none\" class=\"wpb_row vc_row-fluid vc_row inner_row\"  style=\"padding-top: 10%; \"><div class=\"row-bg-wrap\"> <div class=\"row-bg\" ><\/div> <\/div><div class=\"row_col_wrap_12_inner col span_12  left\">\n\t<div style=\" color: #00606e;\" class=\"vc_col-sm-2 wpb_column column_container vc_column_container col child_column no-extra-padding inherit_tablet inherit_phone \" data-cfc=\"true\"  data-padding-pos=\"all\" data-has-bg-color=\"false\" data-bg-color=\"\" data-bg-opacity=\"1\" data-animation=\"\" data-delay=\"0\" >\n\t\t<div class=\"vc_column-inner\" >\n\t\t<div class=\"wpb_wrapper\">\n\t\t\t\n\t\t<\/div> \n\t<\/div>\n\t<\/div> \n\n\t<div  class=\"vc_col-sm-8 wpb_column column_container vc_column_container col child_column no-extra-padding inherit_tablet inherit_phone \"   data-padding-pos=\"all\" data-has-bg-color=\"false\" data-bg-color=\"\" data-bg-opacity=\"1\" data-animation=\"\" data-delay=\"0\" >\n\t\t<div class=\"vc_column-inner\" >\n\t\t<div class=\"wpb_wrapper\">\n\t\t\t\n<div class=\"wpb_text_column wpb_content_element \" >\n\t<div class=\"wpb_wrapper\">\n\t\t<div class=\"wpb_text_column wpb_content_element\">\n<div class=\"wpb_wrapper\">\n<h5><strong>Informations l\u00e9gales : meetforbranch.com<\/strong><\/h5>\n<p>&nbsp;<\/p>\n<h5><strong>Editeur du site:<\/strong><\/h5>\n<h5><strong>MEET FOR BRANCH SAS<\/strong><\/h5>\n<p>&nbsp;<\/p>\n<h5><strong>Immatricul\u00e9 au registre du commerce et des soci\u00e9t\u00e9s de Lille M\u00e9tropole, en France.<\/strong><\/h5>\n<p>&nbsp;<\/p>\n<h5><strong>Num\u00e9ro SIRET : 920 978 681 000 12<\/strong><\/h5>\n<h5><strong>Num\u00e9ro TVA : FR83920978681<\/strong><\/h5>\n<p>&nbsp;<\/p>\n<h5><strong>T\u00e9l\u00e9phone :\u00a0<a class=\"underline\" href=\"tel:33783619932\" target=\"_blank\" rel=\"noopener\">+ 33 7 83 61 99 32<\/a><\/strong><\/h5>\n<h5><strong>Email : <a href=\"mailto:contact@meetforbranch.com\">contact@meetforbranch.com<\/a><\/strong><\/h5>\n<p>&nbsp;<\/p>\n<h5><strong>Creation of the site:\u00a02021<\/strong><\/h5>\n<h5><strong>H\u00e9bergeur :\u00a0<a class=\"underline\" href=\"http:\/\/www.hostinger.fr\/\" target=\"_blank\" rel=\"noopener\">Hostinger<\/a><\/strong><\/h5>\n<\/div>\n<\/div>\n\t<\/div>\n<\/div>\n\n\n\n\n\t\t<\/div> \n\t<\/div>\n\t<\/div> \n\n\t<div  class=\"vc_col-sm-2 wpb_column column_container vc_column_container col child_column no-extra-padding inherit_tablet inherit_phone \"   data-padding-pos=\"all\" data-has-bg-color=\"false\" data-bg-color=\"\" data-bg-opacity=\"1\" data-animation=\"\" data-delay=\"0\" >\n\t\t<div class=\"vc_column-inner\" >\n\t\t<div class=\"wpb_wrapper\">\n\t\t\t\n\t\t<\/div> \n\t<\/div>\n\t<\/div> \n<\/div><\/div>\n\t\t\t<\/div> \n\t\t<\/div>\n\t<\/div> \n<\/div><\/div>\n","protected":false},"excerpt":{"rendered":"Mentions L\u00e9gales Informations l\u00e9gales : meetforbranch.com &nbsp; Editeur du site:...","protected":false},"author":1,"featured_media":8477,"parent":0,"menu_order":0,"comment_status":"closed","ping_status":"closed","template":"","meta":{"footnotes":""},"class_list":["post-6293","page","type-page","status-publish","has-post-thumbnail"],"yoast_head":"<!-- This site is optimized with the Yoast SEO plugin v27.3 - https:\/\/yoast.com\/product\/yoast-seo-wordpress\/ -->\n<title>Mentions L\u00e9gales - Meet for Branch<\/title>\n<meta name=\"robots\" content=\"index, follow, max-snippet:-1, max-image-preview:large, max-video-preview:-1\" \/>\n<link rel=\"canonical\" href=\"https:\/\/meetforbranch.com\/fr\/legal-information\/\" \/>\n<meta property=\"og:locale\" content=\"fr_FR\" \/>\n<meta property=\"og:type\" content=\"article\" \/>\n<meta property=\"og:title\" content=\"Mentions L\u00e9gales - Meet for Branch\" \/>\n<meta property=\"og:url\" content=\"https:\/\/meetforbranch.com\/fr\/legal-information\/\" \/>\n<meta property=\"og:site_name\" content=\"Meet for Branch\" \/>\n<meta property=\"article:publisher\" content=\"https:\/\/www.facebook.com\/meetforbranch\" \/>\n<meta property=\"article:modified_time\" content=\"2025-05-28T08:12:11+00:00\" \/>\n<meta property=\"og:image\" content=\"https:\/\/meetforbranch.com\/wp-content\/uploads\/2022\/12\/Meet-for-Branch-square-logo-with-whote-text.webp\" \/>\n\t<meta property=\"og:image:width\" content=\"1080\" \/>\n\t<meta property=\"og:image:height\" content=\"1080\" \/>\n\t<meta property=\"og:image:type\" content=\"image\/webp\" \/>\n<meta name=\"twitter:card\" content=\"summary_large_image\" \/>\n<meta name=\"twitter:label1\" content=\"Dur\u00e9e de lecture estim\u00e9e\" \/>\n\t<meta name=\"twitter:data1\" content=\"2 minutes\" \/>\n<script type=\"application\/ld+json\" class=\"yoast-schema-graph\">{\"@context\":\"https:\\\/\\\/schema.org\",\"@graph\":[{\"@type\":\"WebPage\",\"@id\":\"https:\\\/\\\/meetforbranch.com\\\/legal-information\\\/\",\"url\":\"https:\\\/\\\/meetforbranch.com\\\/legal-information\\\/\",\"name\":\"Mentions L\u00e9gales - Meet for Branch\",\"isPartOf\":{\"@id\":\"https:\\\/\\\/meetforbranch.com\\\/#website\"},\"primaryImageOfPage\":{\"@id\":\"https:\\\/\\\/meetforbranch.com\\\/legal-information\\\/#primaryimage\"},\"image\":{\"@id\":\"https:\\\/\\\/meetforbranch.com\\\/legal-information\\\/#primaryimage\"},\"thumbnailUrl\":\"https:\\\/\\\/meetforbranch.com\\\/wp-content\\\/uploads\\\/2022\\\/12\\\/Meet-for-Branch-square-logo-with-whote-text.webp\",\"datePublished\":\"2022-11-03T13:16:50+00:00\",\"dateModified\":\"2025-05-28T08:12:11+00:00\",\"inLanguage\":\"fr-FR\",\"potentialAction\":[{\"@type\":\"ReadAction\",\"target\":[\"https:\\\/\\\/meetforbranch.com\\\/legal-information\\\/\"]}]},{\"@type\":\"ImageObject\",\"inLanguage\":\"fr-FR\",\"@id\":\"https:\\\/\\\/meetforbranch.com\\\/legal-information\\\/#primaryimage\",\"url\":\"https:\\\/\\\/meetforbranch.com\\\/wp-content\\\/uploads\\\/2022\\\/12\\\/Meet-for-Branch-square-logo-with-whote-text.webp\",\"contentUrl\":\"https:\\\/\\\/meetforbranch.com\\\/wp-content\\\/uploads\\\/2022\\\/12\\\/Meet-for-Branch-square-logo-with-whote-text.webp\",\"width\":1080,\"height\":1080,\"caption\":\"Meet for Branch official logo\"},{\"@type\":\"WebSite\",\"@id\":\"https:\\\/\\\/meetforbranch.com\\\/#website\",\"url\":\"https:\\\/\\\/meetforbranch.com\\\/\",\"name\":\"Meet for Branch\",\"description\":\"Plantes \u00e0 donner et \u00e9changer via Meet for Branch \ud83e\udeb4\",\"potentialAction\":[{\"@type\":\"SearchAction\",\"target\":{\"@type\":\"EntryPoint\",\"urlTemplate\":\"https:\\\/\\\/meetforbranch.com\\\/?s={search_term_string}\"},\"query-input\":{\"@type\":\"PropertyValueSpecification\",\"valueRequired\":true,\"valueName\":\"search_term_string\"}}],\"inLanguage\":\"fr-FR\"}]}<\/script>\n<!-- \/ Yoast SEO plugin. -->","yoast_head_json":{"title":"Mentions L\u00e9gales - Meet for Branch","robots":{"index":"index","follow":"follow","max-snippet":"max-snippet:-1","max-image-preview":"max-image-preview:large","max-video-preview":"max-video-preview:-1"},"canonical":"https:\/\/meetforbranch.com\/fr\/legal-information\/","og_locale":"fr_FR","og_type":"article","og_title":"Mentions L\u00e9gales - Meet for Branch","og_url":"https:\/\/meetforbranch.com\/fr\/legal-information\/","og_site_name":"Meet for Branch","article_publisher":"https:\/\/www.facebook.com\/meetforbranch","article_modified_time":"2025-05-28T08:12:11+00:00","og_image":[{"width":1080,"height":1080,"url":"https:\/\/meetforbranch.com\/wp-content\/uploads\/2022\/12\/Meet-for-Branch-square-logo-with-whote-text.webp","type":"image\/webp"}],"twitter_card":"summary_large_image","twitter_misc":{"Dur\u00e9e de lecture estim\u00e9e":"2 minutes"},"schema":{"@context":"https:\/\/schema.org","@graph":[{"@type":"WebPage","@id":"https:\/\/meetforbranch.com\/legal-information\/","url":"https:\/\/meetforbranch.com\/legal-information\/","name":"Mentions L\u00e9gales - Meet for Branch","isPartOf":{"@id":"https:\/\/meetforbranch.com\/#website"},"primaryImageOfPage":{"@id":"https:\/\/meetforbranch.com\/legal-information\/#primaryimage"},"image":{"@id":"https:\/\/meetforbranch.com\/legal-information\/#primaryimage"},"thumbnailUrl":"https:\/\/meetforbranch.com\/wp-content\/uploads\/2022\/12\/Meet-for-Branch-square-logo-with-whote-text.webp","datePublished":"2022-11-03T13:16:50+00:00","dateModified":"2025-05-28T08:12:11+00:00","inLanguage":"fr-FR","potentialAction":[{"@type":"ReadAction","target":["https:\/\/meetforbranch.com\/legal-information\/"]}]},{"@type":"ImageObject","inLanguage":"fr-FR","@id":"https:\/\/meetforbranch.com\/legal-information\/#primaryimage","url":"https:\/\/meetforbranch.com\/wp-content\/uploads\/2022\/12\/Meet-for-Branch-square-logo-with-whote-text.webp","contentUrl":"https:\/\/meetforbranch.com\/wp-content\/uploads\/2022\/12\/Meet-for-Branch-square-logo-with-whote-text.webp","width":1080,"height":1080,"caption":"Meet for Branch official logo"},{"@type":"WebSite","@id":"https:\/\/meetforbranch.com\/#website","url":"https:\/\/meetforbranch.com\/","name":"Meet for Branch","description":"Plantes \u00e0 donner et \u00e9changer via Meet for Branch \ud83e\udeb4","potentialAction":[{"@type":"SearchAction","target":{"@type":"EntryPoint","urlTemplate":"https:\/\/meetforbranch.com\/?s={search_term_string}"},"query-input":{"@type":"PropertyValueSpecification","valueRequired":true,"valueName":"search_term_string"}}],"inLanguage":"fr-FR"}]}},"_links":{"self":[{"href":"https:\/\/meetforbranch.com\/fr\/wp-json\/wp\/v2\/pages\/6293","targetHints":{"allow":["GET"]}}],"collection":[{"href":"https:\/\/meetforbranch.com\/fr\/wp-json\/wp\/v2\/pages"}],"about":[{"href":"https:\/\/meetforbranch.com\/fr\/wp-json\/wp\/v2\/types\/page"}],"author":[{"embeddable":true,"href":"https:\/\/meetforbranch.com\/fr\/wp-json\/wp\/v2\/users\/1"}],"replies":[{"embeddable":true,"href":"https:\/\/meetforbranch.com\/fr\/wp-json\/wp\/v2\/comments?post=6293"}],"version-history":[{"count":27,"href":"https:\/\/meetforbranch.com\/fr\/wp-json\/wp\/v2\/pages\/6293\/revisions"}],"predecessor-version":[{"id":12331,"href":"https:\/\/meetforbranch.com\/fr\/wp-json\/wp\/v2\/pages\/6293\/revisions\/12331"}],"wp:featuredmedia":[{"embeddable":true,"href":"https:\/\/meetforbranch.com\/fr\/wp-json\/wp\/v2\/media\/8477"}],"wp:attachment":[{"href":"https:\/\/meetforbranch.com\/fr\/wp-json\/wp\/v2\/media?parent=6293"}],"curies":[{"name":"wp","href":"https:\/\/api.w.org\/{rel}","templated":true}]}}