{"id":9336,"date":"2023-03-26T17:45:58","date_gmt":"2023-03-26T17:45:58","guid":{"rendered":"https:\/\/meetforbranch.com\/?page_id=9336"},"modified":"2025-05-28T09:14:29","modified_gmt":"2025-05-28T09:14:29","slug":"data-subject-access-form","status":"publish","type":"page","link":"https:\/\/meetforbranch.com\/fr\/data-subject-access-form\/","title":{"rendered":"Data Access Request"},"content":{"rendered":"\n\t\t<div id=\"fws_69eb209e6a202\"  data-column-margin=\"none\" data-midnight=\"custom\" data-top-percent=\"7%\" data-bottom-percent=\"7%\"  class=\"wpb_row vc_row-fluid vc_row full-width-section  top_padding_phone_15pct bottom_padding_phone_15pct\"  style=\"padding-top: calc(100vw * 0.07); padding-bottom: calc(100vw * 0.07); \"><div class=\"row-bg-wrap\" data-bg-animation=\"none\" data-bg-animation-delay=\"\" data-bg-overlay=\"true\"><div class=\"inner-wrap row-bg-layer\" ><div class=\"row-bg viewport-desktop\"  style=\"\"><\/div><\/div><div class=\"row-bg-overlay row-bg-layer\" style=\"background-color:#f3ffff;  opacity: 0.5; \"><\/div><\/div><div class=\"nectar-shape-divider-wrap \" style=\" height:50px;\"  data-height=\"50\" data-front=\"\" data-style=\"mountains\" data-position=\"bottom\" ><svg class=\"nectar-shape-divider\" fill=\"#e0fffb\" xmlns=\"http:\/\/www.w3.org\/2000\/svg\" viewBox=\"0 0 1000 300\" preserveAspectRatio=\"none\">\n          <path d=\"M 1014 264 v 122 h -808 l -172 -86 s 310.42 -22.84 402 -79 c 106 -65 154 -61 268 -12 c 107 46 195.11 5.94 275 137 z\"><\/path>   <path d=\"M -302 55 s 235.27 208.25 352 159 c 128 -54 233 -98 303 -73 c 92.68 33.1 181.28 115.19 235 108 c 104.9 -14 176.52 -173.06 267 -118 c 85.61 52.09 145 123 145 123 v 74 l -1306 10 z\"><\/path>\n          <path d=\"M -286 255 s 214 -103 338 -129 s 203 29 384 101 c 145.57 57.91 178.7 50.79 272 0 c 79 -43 301 -224 385 -63 c 53 101.63 -62 129 -62 129 l -107 84 l -1212 12 z\"><\/path>\n          <path d=\"M -24 69 s 299.68 301.66 413 245 c 8 -4 233 2 284 42 c 17.47 13.7 172 -132 217 -174 c 54.8 -51.15 128 -90 188 -39 c 76.12 64.7 118 99 118 99 l -12 132 l -1212 12 z\"><\/path>\n          <path d=\"M -12 201 s 70 83 194 57 s 160.29 -36.77 274 6 c 109 41 184.82 24.36 265 -15 c 55 -27 116.5 -57.69 214 4 c 49 31 95 26 95 26 l -6 151 l -1036 10 z\"><\/path> <\/svg><\/div><div class=\"row_col_wrap_12 col span_12 custom left\">\n\t<div  class=\"vc_col-sm-12 wpb_column column_container vc_column_container col padding-1-percent el_spacing_0px inherit_tablet inherit_phone \"  data-padding-pos=\"left-right\" data-has-bg-color=\"false\" data-bg-color=\"\" data-bg-opacity=\"1\" data-animation=\"\" data-delay=\"0\" >\n\t\t<div class=\"vc_column-inner\" >\n\t\t\t<div class=\"wpb_wrapper\">\n\t\t\t\t<div class=\"nectar-responsive-text font_size_desktop_60px font_size_phone_40px font_line_height_1-2 nectar-link-underline-effect\" style=\"color: #00606e;\"><h2 style=\"text-align: center\">Demande d&rsquo;access aux donn\u00e9es<\/h2>\n<\/div><div class=\"divider-wrap height_phone_50px \" data-alignment=\"default\"><div style=\"height: 70px;\" class=\"divider\"><\/div><\/div>\n<div class=\"wpb_text_column wpb_content_element \" >\n\t<div class=\"wpb_wrapper\">\n\t\t<h4 style=\"text-align: left;\">Pour acc\u00e9der \u00e0 vos donn\u00e9es personnelles ou pour toute question, merci de remplir ce formulaire. Vous pouvez \u00e9galement nous \u00e9crire \u00e0 l\u2019adresse suivante : <a class=\"cursor-pointer\" rel=\"noopener\" data-start=\"343\" data-end=\"368\">contact@meetforbranch.com<\/a>.<\/h4>\n\t<\/div>\n<\/div>\n\n\n\n<div id=\"fws_69eb209e6a766\" data-midnight=\"\" data-column-margin=\"default\" class=\"wpb_row vc_row-fluid vc_row inner_row\"  style=\"\"><div class=\"row-bg-wrap\"> <div class=\"row-bg\" ><\/div> <\/div><div class=\"row_col_wrap_12_inner col span_12  left\">\n\t<div  class=\"vc_col-sm-12 wpb_column column_container vc_column_container col child_column no-extra-padding inherit_tablet inherit_phone \"   data-padding-pos=\"all\" data-has-bg-color=\"false\" data-bg-color=\"\" data-bg-opacity=\"1\" data-animation=\"\" data-delay=\"0\" >\n\t\t<div class=\"vc_column-inner\" >\n\t\t<div class=\"wpb_wrapper\">\n\t\t\t\n<div class=\"wpb_text_column wpb_content_element \" >\n\t<div class=\"wpb_wrapper\">\n\t\t<div class=\"wpforms-container wpforms-container-full\" id=\"wpforms-9333\"><form id=\"wpforms-form-9333\" class=\"wpforms-validate wpforms-form wpforms-ajax-form\" data-formid=\"9333\" method=\"post\" enctype=\"multipart\/form-data\" action=\"\/fr\/wp-json\/wp\/v2\/pages\/9336\" data-token=\"e591623b8af74799cbfccf4a699f2279\" data-token-time=\"1777016990\"><noscript class=\"wpforms-error-noscript\">Veuillez activer JavaScript dans votre navigateur pour remplir ce formulaire.<\/noscript><div class=\"wpforms-field-container\"><div id=\"wpforms-9333-field_1-container\" class=\"wpforms-field wpforms-field-name\" data-field-id=\"1\"><label class=\"wpforms-field-label\" for=\"wpforms-9333-field_1\">Nom <span class=\"wpforms-required-label\">*<\/span><\/label><input type=\"text\" id=\"wpforms-9333-field_1\" class=\"wpforms-field-medium wpforms-field-required\" name=\"wpforms[fields][1]\" required><\/div><div id=\"wpforms-9333-field_2-container\" class=\"wpforms-field wpforms-field-email\" data-field-id=\"2\"><label class=\"wpforms-field-label\" for=\"wpforms-9333-field_2\">Quelle adresse e-mail utilisez-vous pour acc\u00e9der \u00e0 l\u2019application mobile ?  <span class=\"wpforms-required-label\">*<\/span><\/label><input type=\"email\" id=\"wpforms-9333-field_2\" class=\"wpforms-field-medium wpforms-field-required\" name=\"wpforms[fields][2]\" spellcheck=\"false\" required><\/div><div id=\"wpforms-9333-field_3-container\" class=\"wpforms-field wpforms-field-radio\" data-field-id=\"3\"><label class=\"wpforms-field-label\">Vous faites cette demande en tant que :  <span class=\"wpforms-required-label\">*<\/span><\/label><ul id=\"wpforms-9333-field_3\" class=\"wpforms-field-required\"><li class=\"choice-1 depth-1\"><input type=\"radio\" id=\"wpforms-9333-field_3_1\" name=\"wpforms[fields][3]\" value=\"La personne concern\u00e9e, ou son parent\/tuteur.\" required ><label class=\"wpforms-field-label-inline\" for=\"wpforms-9333-field_3_1\">La personne concern\u00e9e, ou son parent\/tuteur.<\/label><\/li><li class=\"choice-2 depth-1\"><input type=\"radio\" id=\"wpforms-9333-field_3_2\" name=\"wpforms[fields][3]\" value=\"Un repr\u00e9sentant autoris\u00e9 \u00e0 faire la demande pour elle.\" required ><label class=\"wpforms-field-label-inline\" for=\"wpforms-9333-field_3_2\">Un repr\u00e9sentant autoris\u00e9 \u00e0 faire la demande pour elle.<\/label><\/li><\/ul><\/div><div id=\"wpforms-9333-field_10-container\" class=\"wpforms-field wpforms-field-radio\" data-field-id=\"10\"><label class=\"wpforms-field-label\">Selon quelle loi faites-vous cette demande ? <span class=\"wpforms-required-label\">*<\/span><\/label><ul id=\"wpforms-9333-field_10\" class=\"wpforms-field-required\"><li class=\"choice-1 depth-1\"><input type=\"radio\" id=\"wpforms-9333-field_10_1\" name=\"wpforms[fields][10]\" value=\"GDPR\" required ><label class=\"wpforms-field-label-inline\" for=\"wpforms-9333-field_10_1\">GDPR<\/label><\/li><li class=\"choice-2 depth-1\"><input type=\"radio\" id=\"wpforms-9333-field_10_2\" name=\"wpforms[fields][10]\" value=\"Autre\" required ><label class=\"wpforms-field-label-inline\" for=\"wpforms-9333-field_10_2\">Autre<\/label><\/li><\/ul><\/div><div id=\"wpforms-9333-field_9-container\" class=\"wpforms-field wpforms-field-checkbox\" data-field-id=\"9\"><label class=\"wpforms-field-label\">Je souhaite :<\/label><ul id=\"wpforms-9333-field_9\"><li class=\"choice-1 depth-1\"><input type=\"checkbox\" id=\"wpforms-9333-field_9_1\" name=\"wpforms[fields][9][]\" value=\"Savoir quelles donn\u00e9es sont collect\u00e9es sur moi\"  ><label class=\"wpforms-field-label-inline\" for=\"wpforms-9333-field_9_1\">Savoir quelles donn\u00e9es sont collect\u00e9es sur moi<\/label><\/li><li class=\"choice-2 depth-1\"><input type=\"checkbox\" id=\"wpforms-9333-field_9_2\" name=\"wpforms[fields][9][]\" value=\"Supprimer mon compte et mes donn\u00e9es\"  ><label class=\"wpforms-field-label-inline\" for=\"wpforms-9333-field_9_2\">Supprimer mon compte et mes donn\u00e9es<\/label><\/li><li class=\"choice-3 depth-1\"><input type=\"checkbox\" id=\"wpforms-9333-field_9_3\" name=\"wpforms[fields][9][]\" value=\"Supprimer certaines donn\u00e9es\"  ><label class=\"wpforms-field-label-inline\" for=\"wpforms-9333-field_9_3\">Supprimer certaines donn\u00e9es<\/label><\/li><li class=\"choice-4 depth-1\"><input type=\"checkbox\" id=\"wpforms-9333-field_9_4\" name=\"wpforms[fields][9][]\" value=\"Refuser la vente de mes donn\u00e9es \u00e0 des tiers\"  ><label class=\"wpforms-field-label-inline\" for=\"wpforms-9333-field_9_4\">Refuser la vente de mes donn\u00e9es \u00e0 des tiers<\/label><\/li><li class=\"choice-5 depth-1\"><input type=\"checkbox\" id=\"wpforms-9333-field_9_5\" name=\"wpforms[fields][9][]\" value=\"Accepter la vente de mes donn\u00e9es\"  ><label class=\"wpforms-field-label-inline\" for=\"wpforms-9333-field_9_5\">Accepter la vente de mes donn\u00e9es<\/label><\/li><li class=\"choice-6 depth-1\"><input type=\"checkbox\" id=\"wpforms-9333-field_9_6\" name=\"wpforms[fields][9][]\" value=\"Corriger des informations incorrectes\"  ><label class=\"wpforms-field-label-inline\" for=\"wpforms-9333-field_9_6\">Corriger des informations incorrectes<\/label><\/li><li class=\"choice-7 depth-1\"><input type=\"checkbox\" id=\"wpforms-9333-field_9_7\" name=\"wpforms[fields][9][]\" value=\"Recevoir une copie de mes donn\u00e9es personnelles\"  ><label class=\"wpforms-field-label-inline\" for=\"wpforms-9333-field_9_7\">Recevoir une copie de mes donn\u00e9es personnelles<\/label><\/li><li class=\"choice-8 depth-1\"><input type=\"checkbox\" id=\"wpforms-9333-field_9_8\" name=\"wpforms[fields][9][]\" value=\"Refuser le partage de mes donn\u00e9es pour la publicit\u00e9 cibl\u00e9e\"  ><label class=\"wpforms-field-label-inline\" for=\"wpforms-9333-field_9_8\">Refuser le partage de mes donn\u00e9es pour la publicit\u00e9 cibl\u00e9e<\/label><\/li><li class=\"choice-9 depth-1\"><input type=\"checkbox\" id=\"wpforms-9333-field_9_9\" name=\"wpforms[fields][9][]\" value=\"Limiter l\u2019usage de mes donn\u00e9es sensibles\"  ><label class=\"wpforms-field-label-inline\" for=\"wpforms-9333-field_9_9\">Limiter l\u2019usage de mes donn\u00e9es sensibles<\/label><\/li><li class=\"choice-10 depth-1\"><input type=\"checkbox\" id=\"wpforms-9333-field_9_10\" name=\"wpforms[fields][9][]\" value=\"Autre (merci de pr\u00e9ciser ci-dessous)\"  ><label class=\"wpforms-field-label-inline\" for=\"wpforms-9333-field_9_10\">Autre (merci de pr\u00e9ciser ci-dessous)<\/label><\/li><\/ul><\/div><div id=\"wpforms-9333-field_7-container\" class=\"wpforms-field wpforms-field-textarea\" data-field-id=\"7\"><label class=\"wpforms-field-label\" for=\"wpforms-9333-field_7\">Merci d\u2019indiquer les d\u00e9tails de votre demande ou question :<\/label><textarea id=\"wpforms-9333-field_7\" class=\"wpforms-field-medium\" name=\"wpforms[fields][7]\" ><\/textarea><\/div><div id=\"wpforms-9333-field_8-container\" class=\"wpforms-field wpforms-field-checkbox\" data-field-id=\"8\"><label class=\"wpforms-field-label\">Je confirme que : <span class=\"wpforms-required-label\">*<\/span><\/label><ul id=\"wpforms-9333-field_8\" class=\"wpforms-field-required\"><li class=\"choice-1 depth-1\"><input type=\"checkbox\" id=\"wpforms-9333-field_8_1\" name=\"wpforms[fields][8][]\" value=\"Toutes les informations fournies sont vraies.\" required ><label class=\"wpforms-field-label-inline\" for=\"wpforms-9333-field_8_1\">Toutes les informations fournies sont vraies.<\/label><\/li><li class=\"choice-2 depth-1\"><input type=\"checkbox\" id=\"wpforms-9333-field_8_2\" name=\"wpforms[fields][8][]\" value=\"Je comprends que la suppression ou la limitation de mes donn\u00e9es est irr\u00e9versible et peut entra\u00eener la fin de mon acc\u00e8s \u00e0 l\u2019application Meet for Branch.\" required ><label class=\"wpforms-field-label-inline\" for=\"wpforms-9333-field_8_2\">Je comprends que la suppression ou la limitation de mes donn\u00e9es est irr\u00e9versible et peut entra\u00eener la fin de mon acc\u00e8s \u00e0 l\u2019application Meet for Branch.<\/label><\/li><li class=\"choice-3 depth-1\"><input type=\"checkbox\" id=\"wpforms-9333-field_8_3\" name=\"wpforms[fields][8][]\" value=\"Je devrai confirmer cette demande par e-mail et qu\u2019on pourrait me contacter pour finaliser la demande.\" required ><label class=\"wpforms-field-label-inline\" for=\"wpforms-9333-field_8_3\">Je devrai confirmer cette demande par e-mail et qu\u2019on pourrait me contacter pour finaliser la demande.<\/label><\/li><\/ul><\/div><\/div><!-- .wpforms-field-container --><div class=\"wpforms-submit-container\" ><input type=\"hidden\" name=\"wpforms[id]\" value=\"9333\"><input type=\"hidden\" name=\"page_title\" value=\"\"><input type=\"hidden\" name=\"page_url\" value=\"https:\/\/meetforbranch.com\/fr\/wp-json\/wp\/v2\/pages\/9336\"><input type=\"hidden\" name=\"url_referer\" value=\"\"><button type=\"submit\" name=\"wpforms[submit]\" id=\"wpforms-submit-9333\" class=\"wpforms-submit\" data-alt-text=\"Sending...\" data-submit-text=\"Envoyer\" aria-live=\"assertive\" value=\"wpforms-submit\">Envoyer<\/button><img decoding=\"async\" src=\"https:\/\/meetforbranch.com\/wp-content\/plugins\/wpforms-lite\/assets\/images\/submit-spin.svg\" class=\"wpforms-submit-spinner\" style=\"display: none;\" width=\"26\" height=\"26\" alt=\"Chargement en cours\"><\/div><\/form><\/div>  <!-- .wpforms-container -->\n\t<\/div>\n<\/div>\n\n\n\n\n\t\t<\/div> \n\t<\/div>\n\t<\/div> \n<\/div><\/div>\n\t\t\t<\/div> \n\t\t<\/div>\n\t<\/div> \n<\/div><\/div>\n","protected":false},"excerpt":{"rendered":"Demande d'access aux donn\u00e9es Pour acc\u00e9der \u00e0 vos donn\u00e9es personnelles...","protected":false},"author":1,"featured_media":8477,"parent":0,"menu_order":0,"comment_status":"closed","ping_status":"closed","template":"","meta":{"footnotes":""},"class_list":["post-9336","page","type-page","status-publish","has-post-thumbnail"],"yoast_head":"<!-- This site is optimized with the Yoast SEO plugin v27.4 - https:\/\/yoast.com\/product\/yoast-seo-wordpress\/ -->\n<title>Data Access Request - Meet for Branch<\/title>\n<meta name=\"robots\" content=\"index, follow, max-snippet:-1, max-image-preview:large, max-video-preview:-1\" \/>\n<link rel=\"canonical\" href=\"https:\/\/meetforbranch.com\/fr\/data-subject-access-form\/\" \/>\n<meta property=\"og:locale\" content=\"fr_FR\" \/>\n<meta property=\"og:type\" content=\"article\" \/>\n<meta property=\"og:title\" content=\"Data Access Request - Meet for Branch\" \/>\n<meta property=\"og:url\" content=\"https:\/\/meetforbranch.com\/fr\/data-subject-access-form\/\" \/>\n<meta property=\"og:site_name\" content=\"Meet for Branch\" \/>\n<meta property=\"article:publisher\" content=\"https:\/\/www.facebook.com\/meetforbranch\" \/>\n<meta property=\"article:modified_time\" content=\"2025-05-28T09:14:29+00:00\" \/>\n<meta property=\"og:image\" content=\"https:\/\/meetforbranch.com\/wp-content\/uploads\/2022\/12\/Meet-for-Branch-square-logo-with-whote-text.webp\" \/>\n\t<meta property=\"og:image:width\" content=\"1080\" \/>\n\t<meta property=\"og:image:height\" content=\"1080\" \/>\n\t<meta property=\"og:image:type\" content=\"image\/webp\" \/>\n<meta name=\"twitter:card\" content=\"summary_large_image\" \/>\n<meta name=\"twitter:label1\" content=\"Dur\u00e9e de lecture estim\u00e9e\" \/>\n\t<meta name=\"twitter:data1\" content=\"1 minute\" \/>\n<script type=\"application\/ld+json\" class=\"yoast-schema-graph\">{\"@context\":\"https:\\\/\\\/schema.org\",\"@graph\":[{\"@type\":\"WebPage\",\"@id\":\"https:\\\/\\\/meetforbranch.com\\\/data-subject-access-form\\\/\",\"url\":\"https:\\\/\\\/meetforbranch.com\\\/data-subject-access-form\\\/\",\"name\":\"Data Access Request - Meet for Branch\",\"isPartOf\":{\"@id\":\"https:\\\/\\\/meetforbranch.com\\\/#website\"},\"primaryImageOfPage\":{\"@id\":\"https:\\\/\\\/meetforbranch.com\\\/data-subject-access-form\\\/#primaryimage\"},\"image\":{\"@id\":\"https:\\\/\\\/meetforbranch.com\\\/data-subject-access-form\\\/#primaryimage\"},\"thumbnailUrl\":\"https:\\\/\\\/meetforbranch.com\\\/wp-content\\\/uploads\\\/2022\\\/12\\\/Meet-for-Branch-square-logo-with-whote-text.webp\",\"datePublished\":\"2023-03-26T17:45:58+00:00\",\"dateModified\":\"2025-05-28T09:14:29+00:00\",\"inLanguage\":\"fr-FR\",\"potentialAction\":[{\"@type\":\"ReadAction\",\"target\":[\"https:\\\/\\\/meetforbranch.com\\\/data-subject-access-form\\\/\"]}]},{\"@type\":\"ImageObject\",\"inLanguage\":\"fr-FR\",\"@id\":\"https:\\\/\\\/meetforbranch.com\\\/data-subject-access-form\\\/#primaryimage\",\"url\":\"https:\\\/\\\/meetforbranch.com\\\/wp-content\\\/uploads\\\/2022\\\/12\\\/Meet-for-Branch-square-logo-with-whote-text.webp\",\"contentUrl\":\"https:\\\/\\\/meetforbranch.com\\\/wp-content\\\/uploads\\\/2022\\\/12\\\/Meet-for-Branch-square-logo-with-whote-text.webp\",\"width\":1080,\"height\":1080,\"caption\":\"Meet for Branch official logo\"},{\"@type\":\"WebSite\",\"@id\":\"https:\\\/\\\/meetforbranch.com\\\/#website\",\"url\":\"https:\\\/\\\/meetforbranch.com\\\/\",\"name\":\"Meet for Branch\",\"description\":\"Plantes \u00e0 donner et \u00e9changer via Meet for Branch \ud83e\udeb4\",\"potentialAction\":[{\"@type\":\"SearchAction\",\"target\":{\"@type\":\"EntryPoint\",\"urlTemplate\":\"https:\\\/\\\/meetforbranch.com\\\/?s={search_term_string}\"},\"query-input\":{\"@type\":\"PropertyValueSpecification\",\"valueRequired\":true,\"valueName\":\"search_term_string\"}}],\"inLanguage\":\"fr-FR\"}]}<\/script>\n<!-- \/ Yoast SEO plugin. -->","yoast_head_json":{"title":"Data Access Request - Meet for Branch","robots":{"index":"index","follow":"follow","max-snippet":"max-snippet:-1","max-image-preview":"max-image-preview:large","max-video-preview":"max-video-preview:-1"},"canonical":"https:\/\/meetforbranch.com\/fr\/data-subject-access-form\/","og_locale":"fr_FR","og_type":"article","og_title":"Data Access Request - Meet for Branch","og_url":"https:\/\/meetforbranch.com\/fr\/data-subject-access-form\/","og_site_name":"Meet for Branch","article_publisher":"https:\/\/www.facebook.com\/meetforbranch","article_modified_time":"2025-05-28T09:14:29+00:00","og_image":[{"width":1080,"height":1080,"url":"https:\/\/meetforbranch.com\/wp-content\/uploads\/2022\/12\/Meet-for-Branch-square-logo-with-whote-text.webp","type":"image\/webp"}],"twitter_card":"summary_large_image","twitter_misc":{"Dur\u00e9e de lecture estim\u00e9e":"1 minute"},"schema":{"@context":"https:\/\/schema.org","@graph":[{"@type":"WebPage","@id":"https:\/\/meetforbranch.com\/data-subject-access-form\/","url":"https:\/\/meetforbranch.com\/data-subject-access-form\/","name":"Data Access Request - Meet for Branch","isPartOf":{"@id":"https:\/\/meetforbranch.com\/#website"},"primaryImageOfPage":{"@id":"https:\/\/meetforbranch.com\/data-subject-access-form\/#primaryimage"},"image":{"@id":"https:\/\/meetforbranch.com\/data-subject-access-form\/#primaryimage"},"thumbnailUrl":"https:\/\/meetforbranch.com\/wp-content\/uploads\/2022\/12\/Meet-for-Branch-square-logo-with-whote-text.webp","datePublished":"2023-03-26T17:45:58+00:00","dateModified":"2025-05-28T09:14:29+00:00","inLanguage":"fr-FR","potentialAction":[{"@type":"ReadAction","target":["https:\/\/meetforbranch.com\/data-subject-access-form\/"]}]},{"@type":"ImageObject","inLanguage":"fr-FR","@id":"https:\/\/meetforbranch.com\/data-subject-access-form\/#primaryimage","url":"https:\/\/meetforbranch.com\/wp-content\/uploads\/2022\/12\/Meet-for-Branch-square-logo-with-whote-text.webp","contentUrl":"https:\/\/meetforbranch.com\/wp-content\/uploads\/2022\/12\/Meet-for-Branch-square-logo-with-whote-text.webp","width":1080,"height":1080,"caption":"Meet for Branch official logo"},{"@type":"WebSite","@id":"https:\/\/meetforbranch.com\/#website","url":"https:\/\/meetforbranch.com\/","name":"Meet for Branch","description":"Plantes \u00e0 donner et \u00e9changer via Meet for Branch \ud83e\udeb4","potentialAction":[{"@type":"SearchAction","target":{"@type":"EntryPoint","urlTemplate":"https:\/\/meetforbranch.com\/?s={search_term_string}"},"query-input":{"@type":"PropertyValueSpecification","valueRequired":true,"valueName":"search_term_string"}}],"inLanguage":"fr-FR"}]}},"_links":{"self":[{"href":"https:\/\/meetforbranch.com\/fr\/wp-json\/wp\/v2\/pages\/9336","targetHints":{"allow":["GET"]}}],"collection":[{"href":"https:\/\/meetforbranch.com\/fr\/wp-json\/wp\/v2\/pages"}],"about":[{"href":"https:\/\/meetforbranch.com\/fr\/wp-json\/wp\/v2\/types\/page"}],"author":[{"embeddable":true,"href":"https:\/\/meetforbranch.com\/fr\/wp-json\/wp\/v2\/users\/1"}],"replies":[{"embeddable":true,"href":"https:\/\/meetforbranch.com\/fr\/wp-json\/wp\/v2\/comments?post=9336"}],"version-history":[{"count":21,"href":"https:\/\/meetforbranch.com\/fr\/wp-json\/wp\/v2\/pages\/9336\/revisions"}],"predecessor-version":[{"id":13325,"href":"https:\/\/meetforbranch.com\/fr\/wp-json\/wp\/v2\/pages\/9336\/revisions\/13325"}],"wp:featuredmedia":[{"embeddable":true,"href":"https:\/\/meetforbranch.com\/fr\/wp-json\/wp\/v2\/media\/8477"}],"wp:attachment":[{"href":"https:\/\/meetforbranch.com\/fr\/wp-json\/wp\/v2\/media?parent=9336"}],"curies":[{"name":"wp","href":"https:\/\/api.w.org\/{rel}","templated":true}]}}