{"id":9463,"date":"2023-05-12T07:36:35","date_gmt":"2023-05-12T07:36:35","guid":{"rendered":"https:\/\/meetforbranch.com\/?page_id=9463"},"modified":"2025-05-16T09:12:17","modified_gmt":"2025-05-16T09:12:17","slug":"qui-nous-sommes","status":"publish","type":"page","link":"https:\/\/meetforbranch.com\/fr\/qui-nous-sommes\/","title":{"rendered":"Qui Nous Sommes"},"content":{"rendered":"\n\t\t<div id=\"fws_69deb5d25d14d\"  data-column-margin=\"none\" data-midnight=\"dark\" data-top-percent=\"5%\" data-bottom-percent=\"7%\"  class=\"wpb_row vc_row-fluid vc_row full-width-section vc_row-o-full-height vc_row-o-columns-middle vc_row-o-equal-height vc_row-flex  top_padding_phone_15pct bottom_padding_phone_15pct\" data-using-ctc=\"true\" style=\"padding-top: calc(100vw * 0.05); padding-bottom: calc(100vw * 0.07); color: #00606e; \"><div class=\"row-bg-wrap\" data-bg-animation=\"none\" data-bg-animation-delay=\"\" data-bg-overlay=\"true\"><div class=\"inner-wrap row-bg-layer\" ><div class=\"row-bg viewport-desktop\"  style=\"\"><\/div><\/div><div class=\"row-bg-overlay row-bg-layer\" style=\"background-color:#f3ffff;  opacity: 0.5; \"><\/div><\/div><div class=\"nectar-shape-divider-wrap \" style=\" height:50px;\"  data-height=\"50\" data-front=\"\" data-style=\"mountains\" data-position=\"bottom\" ><svg class=\"nectar-shape-divider\" fill=\"#e0fffb\" xmlns=\"http:\/\/www.w3.org\/2000\/svg\" viewBox=\"0 0 1000 300\" preserveAspectRatio=\"none\">\n          <path d=\"M 1014 264 v 122 h -808 l -172 -86 s 310.42 -22.84 402 -79 c 106 -65 154 -61 268 -12 c 107 46 195.11 5.94 275 137 z\"><\/path>   <path d=\"M -302 55 s 235.27 208.25 352 159 c 128 -54 233 -98 303 -73 c 92.68 33.1 181.28 115.19 235 108 c 104.9 -14 176.52 -173.06 267 -118 c 85.61 52.09 145 123 145 123 v 74 l -1306 10 z\"><\/path>\n          <path d=\"M -286 255 s 214 -103 338 -129 s 203 29 384 101 c 145.57 57.91 178.7 50.79 272 0 c 79 -43 301 -224 385 -63 c 53 101.63 -62 129 -62 129 l -107 84 l -1212 12 z\"><\/path>\n          <path d=\"M -24 69 s 299.68 301.66 413 245 c 8 -4 233 2 284 42 c 17.47 13.7 172 -132 217 -174 c 54.8 -51.15 128 -90 188 -39 c 76.12 64.7 118 99 118 99 l -12 132 l -1212 12 z\"><\/path>\n          <path d=\"M -12 201 s 70 83 194 57 s 160.29 -36.77 274 6 c 109 41 184.82 24.36 265 -15 c 55 -27 116.5 -57.69 214 4 c 49 31 95 26 95 26 l -6 151 l -1036 10 z\"><\/path> <\/svg><\/div><div class=\"row_col_wrap_12 col span_12 custom left\">\n\t<div  class=\"vc_col-sm-12 wpb_column column_container vc_column_container col no-extra-padding el_spacing_0px inherit_tablet inherit_phone \"  data-padding-pos=\"all\" data-has-bg-color=\"false\" data-bg-color=\"\" data-bg-opacity=\"1\" data-animation=\"\" data-delay=\"0\" >\n\t\t<div class=\"vc_column-inner\" >\n\t\t\t<div class=\"wpb_wrapper\">\n\t\t\t\t<div id=\"fws_69deb5d25d34b\" data-midnight=\"\" data-column-margin=\"none\" class=\"wpb_row vc_row-fluid vc_row inner_row\"  style=\"\"><div class=\"row-bg-wrap\"> <div class=\"row-bg\" ><\/div> <\/div><div class=\"row_col_wrap_12_inner col span_12  left\">\n\t<div  class=\"vc_col-sm-2 wpb_column column_container vc_column_container col child_column no-extra-padding inherit_tablet inherit_phone \"   data-padding-pos=\"all\" data-has-bg-color=\"false\" data-bg-color=\"\" data-bg-opacity=\"1\" data-animation=\"\" data-delay=\"0\" >\n\t\t<div class=\"vc_column-inner\" >\n\t\t<div class=\"wpb_wrapper\">\n\t\t\t\n\t\t<\/div> \n\t<\/div>\n\t<\/div> \n\n\t<div  class=\"vc_col-sm-8 wpb_column column_container vc_column_container col child_column no-extra-padding inherit_tablet inherit_phone \"   data-padding-pos=\"all\" data-has-bg-color=\"false\" data-bg-color=\"\" data-bg-opacity=\"1\" data-animation=\"\" data-delay=\"0\" >\n\t\t<div class=\"vc_column-inner\" >\n\t\t<div class=\"wpb_wrapper\">\n\t\t\t<div class=\"nectar-highlighted-text font_size_4vw \" data-style=\"scribble\" data-exp=\"default\" data-user-color=\"true\" style=\"color: #00606e;\" data-using-custom-color=\"false\" data-animation-delay=\"false\" data-color=\"\" data-color-gradient=\"\" style=\"\"><h2 style=\"text-align: center\">Qui Nous Sommes<\/h2>\n<\/div>\n\t\t<\/div> \n\t<\/div>\n\t<\/div> \n\n\t<div  class=\"vc_col-sm-2 wpb_column column_container vc_column_container col child_column no-extra-padding inherit_tablet inherit_phone \"   data-padding-pos=\"all\" data-has-bg-color=\"false\" data-bg-color=\"\" data-bg-opacity=\"1\" data-animation=\"\" data-delay=\"0\" >\n\t\t<div class=\"vc_column-inner\" >\n\t\t<div class=\"wpb_wrapper\">\n\t\t\t\n\t\t<\/div> \n\t<\/div>\n\t<\/div> \n<\/div><\/div><div id=\"fws_69deb5d25d696\" data-midnight=\"\" data-column-margin=\"none\" class=\"wpb_row vc_row-fluid vc_row inner_row vc_row-o-equal-height vc_row-flex vc_row-o-content-top\"  style=\"padding-top: 3%; \"><div class=\"row-bg-wrap\"> <div class=\"row-bg\" ><\/div> <\/div><div class=\"row_col_wrap_12_inner col span_12  left\">\n\t<div  class=\"vc_col-sm-6 wpb_column column_container vc_column_container col child_column centered-text padding-3-percent el_spacing_0px inherit_tablet inherit_phone \"   data-padding-pos=\"top-bottom\" data-has-bg-color=\"false\" data-bg-color=\"\" data-bg-opacity=\"1\" data-animation=\"\" data-delay=\"0\" >\n\t\t<div class=\"vc_column-inner\" >\n\t\t<div class=\"wpb_wrapper\">\n\t\t\t<div class=\"img-with-aniamtion-wrap center custom-width-60pct \" data-max-width=\"custom\" data-max-width-mobile=\"default\" data-border-radius=\"10px\" data-shadow=\"small_depth\" data-animation=\"none\" >\n      <div class=\"inner\">\n        <div class=\"hover-wrap\"> \n          <div class=\"hover-wrap-inner\">\n            <img fetchpriority=\"high\" decoding=\"async\" class=\"img-with-animation skip-lazy nectar-lazy\" data-delay=\"0\" height=\"2000\" width=\"1414\" data-animation=\"none\" data-nectar-img-src=\"https:\/\/meetforbranch.com\/wp-content\/uploads\/2024\/07\/Fondateur-CTO-Steve-B.webp\" src=\"data:image\/svg+xml;charset=utf-8,%3Csvg%20xmlns%3D'http%3A%2F%2Fwww.w3.org%2F2000%2Fsvg'%20viewBox%3D'0%200%201414%202000'%2F%3E\" alt=\"\" data-nectar-img-srcset=\"https:\/\/meetforbranch.com\/wp-content\/uploads\/2024\/07\/Fondateur-CTO-Steve-B.webp 1414w, https:\/\/meetforbranch.com\/wp-content\/uploads\/2024\/07\/Fondateur-CTO-Steve-B-212x300.webp 212w, https:\/\/meetforbranch.com\/wp-content\/uploads\/2024\/07\/Fondateur-CTO-Steve-B-724x1024.webp 724w, https:\/\/meetforbranch.com\/wp-content\/uploads\/2024\/07\/Fondateur-CTO-Steve-B-768x1086.webp 768w, https:\/\/meetforbranch.com\/wp-content\/uploads\/2024\/07\/Fondateur-CTO-Steve-B-1086x1536.webp 1086w, https:\/\/meetforbranch.com\/wp-content\/uploads\/2024\/07\/Fondateur-CTO-Steve-B-8x12.webp 8w\" sizes=\"(max-width: 1414px) 100vw, 1414px\" \/>\n          <\/div>\n        <\/div>\n      <\/div>\n    <\/div><h2 style=\"color: #00606e;text-align: center;font-family:Alegreya;font-weight:400;font-style:normal\" class=\"vc_custom_heading\" ><a href=\"https:\/\/www.linkedin.com\/in\/claudeavis\/\">Steve B.<\/a><\/h2>\n<div class=\"wpb_text_column wpb_content_element \" >\n\t<div class=\"wpb_wrapper\">\n\t\t<div class=\"wpb_text_column wpb_content_element\">\n<div class=\"wpb_wrapper\">\n<h4 style=\"text-align: center;\"><em>Le chef de la tech<\/em><\/h4>\n<\/div>\n<\/div>\n<div class=\"divider-wrap\" data-alignment=\"default\"><\/div>\n\t<\/div>\n<\/div>\n\n\n\n\n\t\t<\/div> \n\t<\/div>\n\t<\/div> \n\n\t<div  class=\"vc_col-sm-6 wpb_column column_container vc_column_container col child_column centered-text padding-3-percent force-desktop-text-align-center inherit_tablet inherit_phone \"   data-padding-pos=\"top-bottom\" data-has-bg-color=\"false\" data-bg-color=\"\" data-bg-opacity=\"1\" data-animation=\"\" data-delay=\"0\" >\n\t\t<div class=\"vc_column-inner\" >\n\t\t<div class=\"wpb_wrapper\">\n\t\t\t<div class=\"img-with-aniamtion-wrap center custom-width-60pct \" data-max-width=\"custom\" data-max-width-mobile=\"default\" data-border-radius=\"10px\" data-shadow=\"small_depth\" data-animation=\"none\" >\n      <div class=\"inner\">\n        <div class=\"hover-wrap\"> \n          <div class=\"hover-wrap-inner\">\n            <img decoding=\"async\" class=\"img-with-animation skip-lazy nectar-lazy\" data-delay=\"0\" height=\"2000\" width=\"1414\" data-animation=\"none\" data-nectar-img-src=\"https:\/\/meetforbranch.com\/wp-content\/uploads\/2024\/07\/Fondatrice-Claudette-Avis.webp\" src=\"data:image\/svg+xml;charset=utf-8,%3Csvg%20xmlns%3D'http%3A%2F%2Fwww.w3.org%2F2000%2Fsvg'%20viewBox%3D'0%200%201414%202000'%2F%3E\" alt=\"Fondatrice Claudette Avis\" data-nectar-img-srcset=\"https:\/\/meetforbranch.com\/wp-content\/uploads\/2024\/07\/Fondatrice-Claudette-Avis.webp 1414w, https:\/\/meetforbranch.com\/wp-content\/uploads\/2024\/07\/Fondatrice-Claudette-Avis-212x300.webp 212w, https:\/\/meetforbranch.com\/wp-content\/uploads\/2024\/07\/Fondatrice-Claudette-Avis-724x1024.webp 724w, https:\/\/meetforbranch.com\/wp-content\/uploads\/2024\/07\/Fondatrice-Claudette-Avis-768x1086.webp 768w, https:\/\/meetforbranch.com\/wp-content\/uploads\/2024\/07\/Fondatrice-Claudette-Avis-1086x1536.webp 1086w, https:\/\/meetforbranch.com\/wp-content\/uploads\/2024\/07\/Fondatrice-Claudette-Avis-8x12.webp 8w\" sizes=\"(max-width: 1414px) 100vw, 1414px\" \/>\n          <\/div>\n        <\/div>\n      <\/div>\n    <\/div><h2 style=\"color: #00606e;text-align: center;font-family:Alegreya;font-weight:400;font-style:normal\" class=\"vc_custom_heading\" ><a href=\"https:\/\/www.linkedin.com\/in\/claudeavis\/\">Claudette Avis<\/a><\/h2>\n<div class=\"wpb_text_column wpb_content_element \" >\n\t<div class=\"wpb_wrapper\">\n\t\t<div class=\"wpb_text_column wpb_content_element\">\n<div class=\"wpb_wrapper\">\n<h4 style=\"text-align: center;\"><em>La cheffe des trucs non-tech<\/em><\/h4>\n<\/div>\n<\/div>\n<div class=\"divider-wrap\" data-alignment=\"default\"><\/div>\n\t<\/div>\n<\/div>\n\n\n\n\n\t\t<\/div> \n\t<\/div>\n\t<\/div> \n<\/div><\/div><div class=\"divider-wrap\" data-alignment=\"default\"><div style=\"height: 30px;\" class=\"divider\"><\/div><\/div>\n<div class=\"wpb_text_column wpb_content_element \" >\n\t<div class=\"wpb_wrapper\">\n\t\t<p>On adore accueillir des stagiaires. Si tu veux faire briller tes talents, viens d\u00e9couvrir <a href=\"https:\/\/meetforbranch.com\/offres-de-stage\/\">nos offres de stage<\/a> et rejoins notre \u00e9quipe !<\/p>\n<p>P.S. Notre chat est le vrai grand patron.<\/p>\n<p>Malgr\u00e9 sa passion pour les plantes toxiques (qu&rsquo;il insiste pour consid\u00e9rer comme des bars \u00e0 salades), il ne manque jamais de nous motiver \u00e0 travailler plus dur, juste pour lui offrir plus de friandises \ud83d\udc3e\ud83d\ude38<\/p>\n\t<\/div>\n<\/div>\n\n\n\n\n\t\t\t<\/div> \n\t\t<\/div>\n\t<\/div> \n<\/div><\/div>\n","protected":false},"excerpt":{"rendered":"Qui Nous Sommes Steve B. Le chef de la tech...","protected":false},"author":1,"featured_media":8477,"parent":0,"menu_order":0,"comment_status":"closed","ping_status":"closed","template":"","meta":{"footnotes":""},"class_list":["post-9463","page","type-page","status-publish","has-post-thumbnail"],"yoast_head":"<!-- This site is optimized with the Yoast SEO plugin v27.3 - https:\/\/yoast.com\/product\/yoast-seo-wordpress\/ -->\n<title>Qui Nous Sommes - Meet for Branch<\/title>\n<meta name=\"robots\" content=\"index, follow, max-snippet:-1, max-image-preview:large, max-video-preview:-1\" \/>\n<link rel=\"canonical\" href=\"https:\/\/meetforbranch.com\/fr\/qui-nous-sommes\/\" \/>\n<meta property=\"og:locale\" content=\"fr_FR\" \/>\n<meta property=\"og:type\" content=\"article\" \/>\n<meta property=\"og:title\" content=\"Qui Nous Sommes - Meet for Branch\" \/>\n<meta property=\"og:url\" content=\"https:\/\/meetforbranch.com\/fr\/qui-nous-sommes\/\" \/>\n<meta property=\"og:site_name\" content=\"Meet for Branch\" \/>\n<meta property=\"article:publisher\" content=\"https:\/\/www.facebook.com\/meetforbranch\" \/>\n<meta property=\"article:modified_time\" content=\"2025-05-16T09:12:17+00:00\" \/>\n<meta property=\"og:image\" content=\"https:\/\/meetforbranch.com\/wp-content\/uploads\/2022\/12\/Meet-for-Branch-square-logo-with-whote-text.webp\" \/>\n\t<meta property=\"og:image:width\" content=\"1080\" \/>\n\t<meta property=\"og:image:height\" content=\"1080\" \/>\n\t<meta property=\"og:image:type\" content=\"image\/webp\" \/>\n<meta name=\"twitter:card\" content=\"summary_large_image\" \/>\n<meta name=\"twitter:label1\" content=\"Dur\u00e9e de lecture estim\u00e9e\" \/>\n\t<meta name=\"twitter:data1\" content=\"3 minutes\" \/>\n<script type=\"application\/ld+json\" class=\"yoast-schema-graph\">{\"@context\":\"https:\\\/\\\/schema.org\",\"@graph\":[{\"@type\":\"WebPage\",\"@id\":\"https:\\\/\\\/meetforbranch.com\\\/qui-nous-sommes\\\/\",\"url\":\"https:\\\/\\\/meetforbranch.com\\\/qui-nous-sommes\\\/\",\"name\":\"Qui Nous Sommes - Meet for Branch\",\"isPartOf\":{\"@id\":\"https:\\\/\\\/meetforbranch.com\\\/#website\"},\"primaryImageOfPage\":{\"@id\":\"https:\\\/\\\/meetforbranch.com\\\/qui-nous-sommes\\\/#primaryimage\"},\"image\":{\"@id\":\"https:\\\/\\\/meetforbranch.com\\\/qui-nous-sommes\\\/#primaryimage\"},\"thumbnailUrl\":\"https:\\\/\\\/meetforbranch.com\\\/wp-content\\\/uploads\\\/2022\\\/12\\\/Meet-for-Branch-square-logo-with-whote-text.webp\",\"datePublished\":\"2023-05-12T07:36:35+00:00\",\"dateModified\":\"2025-05-16T09:12:17+00:00\",\"inLanguage\":\"fr-FR\",\"potentialAction\":[{\"@type\":\"ReadAction\",\"target\":[\"https:\\\/\\\/meetforbranch.com\\\/qui-nous-sommes\\\/\"]}]},{\"@type\":\"ImageObject\",\"inLanguage\":\"fr-FR\",\"@id\":\"https:\\\/\\\/meetforbranch.com\\\/qui-nous-sommes\\\/#primaryimage\",\"url\":\"https:\\\/\\\/meetforbranch.com\\\/wp-content\\\/uploads\\\/2022\\\/12\\\/Meet-for-Branch-square-logo-with-whote-text.webp\",\"contentUrl\":\"https:\\\/\\\/meetforbranch.com\\\/wp-content\\\/uploads\\\/2022\\\/12\\\/Meet-for-Branch-square-logo-with-whote-text.webp\",\"width\":1080,\"height\":1080,\"caption\":\"Meet for Branch official logo\"},{\"@type\":\"WebSite\",\"@id\":\"https:\\\/\\\/meetforbranch.com\\\/#website\",\"url\":\"https:\\\/\\\/meetforbranch.com\\\/\",\"name\":\"Meet for Branch\",\"description\":\"Plantes \u00e0 donner et \u00e9changer via Meet for Branch \ud83e\udeb4\",\"potentialAction\":[{\"@type\":\"SearchAction\",\"target\":{\"@type\":\"EntryPoint\",\"urlTemplate\":\"https:\\\/\\\/meetforbranch.com\\\/?s={search_term_string}\"},\"query-input\":{\"@type\":\"PropertyValueSpecification\",\"valueRequired\":true,\"valueName\":\"search_term_string\"}}],\"inLanguage\":\"fr-FR\"}]}<\/script>\n<!-- \/ Yoast SEO plugin. -->","yoast_head_json":{"title":"Qui Nous Sommes - Meet for Branch","robots":{"index":"index","follow":"follow","max-snippet":"max-snippet:-1","max-image-preview":"max-image-preview:large","max-video-preview":"max-video-preview:-1"},"canonical":"https:\/\/meetforbranch.com\/fr\/qui-nous-sommes\/","og_locale":"fr_FR","og_type":"article","og_title":"Qui Nous Sommes - Meet for Branch","og_url":"https:\/\/meetforbranch.com\/fr\/qui-nous-sommes\/","og_site_name":"Meet for Branch","article_publisher":"https:\/\/www.facebook.com\/meetforbranch","article_modified_time":"2025-05-16T09:12:17+00:00","og_image":[{"width":1080,"height":1080,"url":"https:\/\/meetforbranch.com\/wp-content\/uploads\/2022\/12\/Meet-for-Branch-square-logo-with-whote-text.webp","type":"image\/webp"}],"twitter_card":"summary_large_image","twitter_misc":{"Dur\u00e9e de lecture estim\u00e9e":"3 minutes"},"schema":{"@context":"https:\/\/schema.org","@graph":[{"@type":"WebPage","@id":"https:\/\/meetforbranch.com\/qui-nous-sommes\/","url":"https:\/\/meetforbranch.com\/qui-nous-sommes\/","name":"Qui Nous Sommes - Meet for Branch","isPartOf":{"@id":"https:\/\/meetforbranch.com\/#website"},"primaryImageOfPage":{"@id":"https:\/\/meetforbranch.com\/qui-nous-sommes\/#primaryimage"},"image":{"@id":"https:\/\/meetforbranch.com\/qui-nous-sommes\/#primaryimage"},"thumbnailUrl":"https:\/\/meetforbranch.com\/wp-content\/uploads\/2022\/12\/Meet-for-Branch-square-logo-with-whote-text.webp","datePublished":"2023-05-12T07:36:35+00:00","dateModified":"2025-05-16T09:12:17+00:00","inLanguage":"fr-FR","potentialAction":[{"@type":"ReadAction","target":["https:\/\/meetforbranch.com\/qui-nous-sommes\/"]}]},{"@type":"ImageObject","inLanguage":"fr-FR","@id":"https:\/\/meetforbranch.com\/qui-nous-sommes\/#primaryimage","url":"https:\/\/meetforbranch.com\/wp-content\/uploads\/2022\/12\/Meet-for-Branch-square-logo-with-whote-text.webp","contentUrl":"https:\/\/meetforbranch.com\/wp-content\/uploads\/2022\/12\/Meet-for-Branch-square-logo-with-whote-text.webp","width":1080,"height":1080,"caption":"Meet for Branch official logo"},{"@type":"WebSite","@id":"https:\/\/meetforbranch.com\/#website","url":"https:\/\/meetforbranch.com\/","name":"Meet for Branch","description":"Plantes \u00e0 donner et \u00e9changer via Meet for Branch \ud83e\udeb4","potentialAction":[{"@type":"SearchAction","target":{"@type":"EntryPoint","urlTemplate":"https:\/\/meetforbranch.com\/?s={search_term_string}"},"query-input":{"@type":"PropertyValueSpecification","valueRequired":true,"valueName":"search_term_string"}}],"inLanguage":"fr-FR"}]}},"_links":{"self":[{"href":"https:\/\/meetforbranch.com\/fr\/wp-json\/wp\/v2\/pages\/9463","targetHints":{"allow":["GET"]}}],"collection":[{"href":"https:\/\/meetforbranch.com\/fr\/wp-json\/wp\/v2\/pages"}],"about":[{"href":"https:\/\/meetforbranch.com\/fr\/wp-json\/wp\/v2\/types\/page"}],"author":[{"embeddable":true,"href":"https:\/\/meetforbranch.com\/fr\/wp-json\/wp\/v2\/users\/1"}],"replies":[{"embeddable":true,"href":"https:\/\/meetforbranch.com\/fr\/wp-json\/wp\/v2\/comments?post=9463"}],"version-history":[{"count":95,"href":"https:\/\/meetforbranch.com\/fr\/wp-json\/wp\/v2\/pages\/9463\/revisions"}],"predecessor-version":[{"id":13026,"href":"https:\/\/meetforbranch.com\/fr\/wp-json\/wp\/v2\/pages\/9463\/revisions\/13026"}],"wp:featuredmedia":[{"embeddable":true,"href":"https:\/\/meetforbranch.com\/fr\/wp-json\/wp\/v2\/media\/8477"}],"wp:attachment":[{"href":"https:\/\/meetforbranch.com\/fr\/wp-json\/wp\/v2\/media?parent=9463"}],"curies":[{"name":"wp","href":"https:\/\/api.w.org\/{rel}","templated":true}]}}